{"id":7017,"date":"2020-06-21T13:14:36","date_gmt":"2020-06-21T11:14:36","guid":{"rendered":"https:\/\/treeclix.com\/privacy-policy\/"},"modified":"2026-02-11T15:12:27","modified_gmt":"2026-02-11T14:12:27","slug":"datenschutzbestimmungen","status":"publish","type":"page","link":"https:\/\/treeclix.com\/de\/datenschutzbestimmungen\/","title":{"rendered":"Datenschutzbestimmungen"},"content":{"rendered":"\t\t<div data-elementor-type=\"wp-page\" data-elementor-id=\"7017\" class=\"elementor elementor-7017 elementor-3\" data-elementor-post-type=\"page\">\n\t\t\t\t\t\t<section class=\"elementor-section elementor-top-section elementor-element elementor-element-4cb88a83 elementor-section-boxed elementor-section-height-default elementor-section-height-default\" data-id=\"4cb88a83\" data-element_type=\"section\">\n\t\t\t\t\t\t<div class=\"elementor-container elementor-column-gap-default\">\n\t\t\t\t\t<div class=\"elementor-column elementor-col-100 elementor-top-column elementor-element elementor-element-2931077\" data-id=\"2931077\" data-element_type=\"column\">\n\t\t\t<div class=\"elementor-widget-wrap elementor-element-populated\">\n\t\t\t\t\t\t<div class=\"elementor-element elementor-element-5c7be92 elementor-widget elementor-widget-heading\" data-id=\"5c7be92\" data-element_type=\"widget\" data-widget_type=\"heading.default\">\n\t\t\t\t<div class=\"elementor-widget-container\">\n\t\t\t\t\t<h2 class=\"elementor-heading-title elementor-size-default\">Datenschutzbestimmungen<\/h2>\t\t\t\t<\/div>\n\t\t\t\t<\/div>\n\t\t\t\t<div class=\"elementor-element elementor-element-96b52a3 elementor-widget-divider--view-line elementor-widget elementor-widget-divider\" data-id=\"96b52a3\" data-element_type=\"widget\" data-widget_type=\"divider.default\">\n\t\t\t\t<div class=\"elementor-widget-container\">\n\t\t\t\t\t\t\t<div class=\"elementor-divider\">\n\t\t\t<span class=\"elementor-divider-separator\">\n\t\t\t\t\t\t<\/span>\n\t\t<\/div>\n\t\t\t\t\t\t<\/div>\n\t\t\t\t<\/div>\n\t\t\t\t<div class=\"elementor-element elementor-element-6673c2ca elementor-widget elementor-widget-text-editor\" data-id=\"6673c2ca\" data-element_type=\"widget\" data-widget_type=\"text-editor.default\">\n\t\t\t\t<div class=\"elementor-widget-container\">\n\t\t\t\t\t\t\t\t\t<p>TreeClix BV (Handelskammer 98729454) respektiert die Privatsph\u00e4re der Besucher seiner Website, insbesondere deren Rechte hinsichtlich der automatischen Verarbeitung personenbezogener Daten. Wir haben daher eine Richtlinie zur vollst\u00e4ndigen Transparenz gegen\u00fcber unseren Kunden hinsichtlich der Verarbeitung personenbezogener Daten, deren Zweck(e) und der M\u00f6glichkeit, Ihre gesetzlichen Rechte bestm\u00f6glich auszu\u00fcben, formuliert und umgesetzt.<\/p>\n<p>Wenn Sie weitere Informationen \u00fcber den Schutz personenbezogener Daten ben\u00f6tigen, besuchen Sie bitte die Website der niederl\u00e4ndischen Datenschutzbeh\u00f6rde (Autoriteit Persoonsgegevens)<br \/><a href=\"https:\/\/autoriteitpersoonsgegevens.nl\/nl\">https:\/\/autoriteitpersoonsgegevens.nl\/nl<\/a><\/p>\n<p>Solange Sie die Verwendung von Cookies und anderen Tracking-Systemen nicht akzeptieren, werden wir keine nicht-anonymisierten analytischen Cookies und\/oder Tracking-Cookies auf Ihrem Computer, Mobiltelefon oder Tablet platzieren. Mit dem weiteren Besuch dieser Website akzeptieren Sie diese Nutzungsbedingungen und stimmen der Verwendung von Cookies und anderen Tracking-Systemen zu, es sei denn, wir haben auf unserer Website eine andere Methode zur Annahme von Cookies vorgesehen.<\/p>\n<p>Die aktuell verf\u00fcgbare Version dieser Datenschutzrichtlinie ist die einzige Version, die beim Besuch unserer Website gilt, bis eine neue Version die aktuelle Version ersetzt.<\/p>\n<p>&nbsp;<\/p>\n<p><strong>Artikel 1 \u2013 Definitionen<\/strong><\/p>\n<p>Website (im Folgenden: \u201cWebsite\u201d)<br \/><a href=\"https:\/\/shop.treeclix.com\/de\/\">www.shop.treeclix.com<\/a><\/p>\n<p>Verantwortlicher f\u00fcr die Verarbeitung personenbezogener Daten (im Folgenden: \u201eder Verantwortliche\u201c): TreeClix, Onderweg 11, 4247 EJ Kedichem, Niederlande, Handelskammer-Nummer: 98729454.<\/p>\n<p>&nbsp;<\/p>\n<p><strong>Artikel 2 \u2013 Zugang zur Website<\/strong><\/p>\n<p>Der Zugang zu und die Nutzung der Website sind streng pers\u00f6nlich. Sie werden es unterlassen, die Daten und Informationen dieser Website f\u00fcr eigene kommerzielle, politische oder werbliche Zwecke sowie f\u00fcr kommerzielle Angebote, insbesondere unaufgeforderte elektronische Angebote, zu nutzen.<\/p>\n<p>&nbsp;<\/p>\n<p><strong>Artikel 3 \u2013 Inhalt der Website<\/strong><\/p>\n<p>Alle Marken, Bilder, Texte, Kommentare, Illustrationen, (animierten) Bilder, Videobilder, T\u00f6ne und alle technischen Anwendungen, die f\u00fcr den Betrieb dieser Website verwendet werden k\u00f6nnen, sowie ganz allgemein alle auf dieser Website verwendeten Komponenten sind durch die Gesetze \u00fcber geistiges Eigentum gesch\u00fctzt. Jegliche Reproduktion, Wiederholung, Nutzung oder Ver\u00e4nderung, gleich welcher Art, der gesamten Website oder von Teilen davon, einschlie\u00dflich der technischen Anwendungen, ist ohne vorherige schriftliche Genehmigung des f\u00fcr die Verarbeitung Verantwortlichen strengstens untersagt. Die Tatsache, dass der f\u00fcr die Verarbeitung Verantwortliche keine unmittelbaren Ma\u00dfnahmen gegen Verst\u00f6\u00dfe ergreift, kann weder als taktische Zustimmung noch als Verzicht auf die Verfolgung des Rechtsverletzers angesehen werden.<\/p>\n<p>&nbsp;<\/p>\n<p><strong>Artikel 4 \u2013 Verwaltung der Website<\/strong><\/p>\n<p>Zum Zwecke der ordnungsgem\u00e4\u00dfen Verwaltung der Website kann der Controller jederzeit:<\/p>\n<ul>\n<li>den Zugang zur Website f\u00fcr eine bestimmte Kategorie von Besuchern auszusetzen, zu unterbrechen, zu reduzieren oder zu verweigern.<\/li>\n<li>L\u00f6schen Sie alle Informationen, die das Funktionieren der Website st\u00f6ren, gegen nationale oder internationale Gesetze versto\u00dfen oder der Internet-Etikette zuwiderlaufen.<\/li>\n<li>Machen Sie die Website vor\u00fcbergehend nicht verf\u00fcgbar, um Aktualisierungen durchzuf\u00fchren.<\/li>\n<\/ul>\n<p>&nbsp;<\/p>\n<p><strong>Artikel 5- Zust\u00e4ndigkeiten<\/strong><\/p>\n<ol>\n<li>Der Controller haftet nicht f\u00fcr Ausf\u00e4lle, St\u00f6rungen, Schwierigkeiten oder Unterbrechungen in der Funktionsweise der Website, die die (vor\u00fcbergehende) Unzug\u00e4nglichkeit der Website oder einer ihrer Funktionen verursachen. Sie selbst sind f\u00fcr die Art und Weise verantwortlich, wie Sie eine Verbindung zu unserer Website herstellen. Sie m\u00fcssen alle geeigneten Ma\u00dfnahmen ergreifen, um Ihre Ger\u00e4te und Daten vor Gefahren wie Virenangriffen im Internet zu sch\u00fctzen. Au\u00dferdem sind Sie selbst daf\u00fcr verantwortlich, welche Websites Sie besuchen und welche Informationen Sie suchen.<\/li>\n<li>Der f\u00fcr die Verarbeitung Verantwortliche haftet nicht f\u00fcr etwaige rechtliche Schritte gegen Sie:<\/li>\n<\/ol>\n<p><\/p>\n<ul>\n<li>Aufgrund der Nutzung der Website oder der \u00fcber das Internet zug\u00e4nglichen Dienste.<\/li>\n<li>F\u00fcr einen Versto\u00df gegen die Bedingungen dieser Datenschutzrichtlinie.<\/li>\n<\/ul>\n<p><\/p>\n<ol start=\"3\">\n<li>Der Controller haftet nicht f\u00fcr Sch\u00e4den, die Ihnen oder Dritten oder Ihrer Ausr\u00fcstung infolge Ihrer Verbindung zur Nutzung der Website entstehen, und Sie werden von allen nachfolgenden (rechtlichen) Ma\u00dfnahmen gegen den Controller absehen.<\/li>\n<li>Wenn der f\u00fcr die Verarbeitung Verantwortliche in einen Rechtsstreit aufgrund Ihrer (missbr\u00e4uchlichen) Nutzung dieser Website verwickelt wird, ist er berechtigt, alle nachfolgenden Sch\u00e4den von Ihnen (zur\u00fcck-)zu fordern.<\/li>\n<\/ol>\n<p>&nbsp;<\/p>\n<p><strong>Artikel 6- Erhebung von Daten<\/strong><\/p>\n<ol>\n<li>Ihre personenbezogenen Daten werden von TreeClix und einem oder mehreren externen Auftragsverarbeitern erfasst.<\/li>\n<li>Personenbezogene Daten sind alle Informationen, die sich auf eine identifizierte oder identifizierbare nat\u00fcrliche Person (\u201cbetroffene Person\u201d) beziehen.<\/li>\n<li>Eine identifizierbare nat\u00fcrliche Person ist eine Person, die direkt oder indirekt identifiziert werden kann, insbesondere durch Zuordnung zu einer Kennung wie einem Namen, zu einer Kennnummer, zu Standortdaten, zu einer Online-Kennung oder zu einem oder mehreren besonderen Merkmalen, die Ausdruck der physischen, physiologischen, genetischen, psychischen, wirtschaftlichen, kulturellen oder sozialen Identit\u00e4t dieser nat\u00fcrlichen Person sind.<\/li>\n<li>Die pers\u00f6nlichen Daten, die auf der Website gesammelt werden, werden haupts\u00e4chlich vom Sammler verwendet, um eine (kommerzielle) Beziehung mit Ihnen zu unterhalten und um Ihre Bestellungen zu bearbeiten. Sie werden in einem (elektronischen) Register gespeichert.<\/li>\n<\/ol>\n<p>&nbsp;<\/p>\n<p><strong>Artikel 7- Ihr Recht auf Information<\/strong><\/p>\n<ol>\n<li>Gem\u00e4\u00df Artikel 13 Absatz 2 Buchstabe b DSGVO hat jede betroffene Person das Recht auf Information, Zugang, Berichtigung, L\u00f6schung und Einschr\u00e4nkung der Verarbeitung ihrer personenbezogenen Daten sowie das Recht, der Verarbeitung zu widersprechen und das Recht auf Daten\u00fcbertragbarkeit.<\/li>\n<li>Sie k\u00f6nnen diese Rechte aus\u00fcben, indem Sie uns kontaktieren unter\u00a0<a href=\"mailto:info@shop.treeclix.com\">info@shop.treeclix.com<\/a>.<\/li>\n<li>Jedem Antrag muss eine Kopie eines g\u00fcltigen Ausweises beigef\u00fcgt werden, auf dem Sie Ihre Unterschrift leisten und die Adresse angeben, unter der wir Sie erreichen k\u00f6nnen.<\/li>\n<li>Innerhalb eines Monats nach Einreichung des Antrags erhalten Sie von uns eine Antwort.<\/li>\n<li>Je nach Komplexit\u00e4t und Anzahl der Anfragen kann diese Frist auf zwei Monate verl\u00e4ngert werden.<\/li>\n<\/ol>\n<p>&nbsp;<\/p>\n<p><strong>Artikel 8- Gesetzliche Verpflichtungen<\/strong><\/p>\n<ol>\n<li>Im Falle eines Versto\u00dfes gegen eine gesetzliche Vorschrift, dessen ein Besucher verd\u00e4chtigt wird und f\u00fcr den die Beh\u00f6rden die vom Sammler gesammelten pers\u00f6nlichen Daten ben\u00f6tigen, werden diese nach einer ausdr\u00fccklichen und begr\u00fcndeten Anfrage dieser Beh\u00f6rden zur Verf\u00fcgung gestellt, nachdem die pers\u00f6nlichen Daten des Besuchers nicht mehr unter den Schutz der Bestimmungen dieser Datenschutzrichtlinie fallen.<\/li>\n<li>Wenn Informationen erforderlich sind, um Zugang zu bestimmten Funktionen der Website zu erhalten, wird der f\u00fcr die Verarbeitung Verantwortliche bei der Abfrage dieser Daten darauf hinweisen, dass diese Informationen obligatorisch sind.<\/li>\n<\/ol>\n<p>&nbsp;<\/p>\n<p><strong>Artikel 9- Gesammelte Daten und kommerzielle Angebote<\/strong><\/p>\n<ol>\n<li>Sie erhalten m\u00f6glicherweise kommerzielle Angebote von dem Sammler. Wenn Sie diese nicht (mehr) erhalten m\u00f6chten, senden Sie uns bitte eine E-Mail an die folgende Adresse:\u00a0<a href=\"mailto:info@shop.treeclix.com\">info@shop.treeclix.com<\/a>.<\/li>\n<li>Ihre pers\u00f6nlichen Daten werden von unseren Partnern nicht f\u00fcr kommerzielle Zwecke verwendet.<\/li>\n<li>Wenn Sie beim Besuch unserer Website auf personenbezogene Daten einer der beiden betroffenen Personen sto\u00dfen, m\u00fcssen Sie von der Erfassung, der unbefugten Nutzung oder jeder anderen Handlung absehen, die eine Verletzung der Privatsph\u00e4re der betroffenen Person(en) darstellt. Der Sammler ist unter diesen Umst\u00e4nden nicht verantwortlich.<\/li>\n<\/ol>\n<p>&nbsp;<\/p>\n<p><strong>Artikel 10- Aufbewahrung von Daten<\/strong><\/p>\n<p>Die gesammelten Daten werden f\u00fcr die gesetzlich festgelegte Dauer verwendet und gespeichert.<\/p>\n<p>&nbsp;<\/p>\n<p><strong>Artikel 11- Cookies<\/strong><\/p>\n<ol>\n<li>Ein Cookie ist eine kleine Tekstdatei, die beim Besuch unserer Website auf der Festplatte Ihres elektronischen Ger\u00e4ts gespeichert wird. Ein Cookie enth\u00e4lt Daten, mit denen Sie als Besucher erkannt werden k\u00f6nnen, wenn Sie unsere Website besuchen. Wenn Sie unsere Website besuchen, informieren wir Sie \u00fcber die Verwendung dieser Cookies. Indem Sie unsere Website weiter nutzen, stimmen Sie ihrer Verwendung zu, es sei denn, wir bitten Sie auf anderem Wege um Erlaubnis. Ihre Zustimmung ist f\u00fcr einen Zeitraum von dreizehn Monaten g\u00fcltig.<\/li>\n<li>Wir verwenden die folgenden Arten von Cookies auf unserer Website:Funktionale Cookies: wie Sitzungs- und Anmeldecookies, um Sitzungs- und Anmeldeinformationen zu sammeln.<\/li>\n<\/ol>\n<p>-Anonymisierte analytische Cookies: um Informationen \u00fcber die Besuche auf unserer Website zu erhalten, wie z.B. Besucherzahlen, beliebte Seiten und Themen. Auf diese Weise k\u00f6nnen wir unsere Kommunikation und Informationen an die Bed\u00fcrfnisse unserer Besucher anpassen. Wir k\u00f6nnen nicht sehen, wer unsere Seiten besucht hat oder von welchem pers\u00f6nlichen Ger\u00e4t aus dies geschehen ist.<\/p>\n<ol start=\"3\">\n<li>Auf unserer Website verwenden wir insbesondere die folgenden Cookies:<br \/>\nKeine weiteren Cookies<\/li>\n<\/ol>\n<p><\/p>\n<ol start=\"4\">\n<li>Wenn Sie unsere Website besuchen, k\u00f6nnen Cookies des Controllers und\/oder von Dritten auf Ihrem Ger\u00e4t installiert werden.<\/li>\n<li>Weitere Informationen zur Verwendung, Verwaltung und L\u00f6schung von Cookies f\u00fcr jedes elektronische Ger\u00e4t finden Sie unter folgendem Link:\u00a0<a href=\"https:\/\/authoriteitpersoonsgegevens.nl\/nl\/onderwerpen\/internet-telefoon-tv-en-post\/cookies#faq\">https:\/\/authoriteitpersoonsgegevens.nl\/nl\/onderwerpen\/internet-telefoon-tv-en-post\/cookies#faq<br \/>\n<\/a><\/li>\n<\/ol>\n<p><strong>Artikel 12- Bildmaterial und angebotene Produkte<\/strong><\/p>\n<p>Sie k\u00f6nnen keine Rechte aus dem Bildmaterial ableiten, das zu einem auf unserer Website angebotenen Produkt geh\u00f6rt.<\/p>\n<p><strong>Artikel 13 \u2013 Anwendbares Recht<\/strong><\/p>\n<p>Diese Bedingungen unterliegen dem niederl\u00e4ndischen Recht. Das Gericht in dem Bezirk, in dem der Sammler seinen Gesch\u00e4ftssitz hat, ist der alleinige Gerichtsstand, wenn es zu Streitigkeiten bez\u00fcglich dieser Bedingungen kommt, es sei denn, es gilt eine gesetzliche Ausnahme.<\/p>\n<p><strong>Artikel 14- Kontakt<\/strong><\/p>\n<p>F\u00fcr Fragen, Produktinformationen oder Informationen \u00fcber die Website selbst, wenden Sie sich bitte an:<br \/>J.E. van der Leeden,\u00a0<a href=\"mailto:info@shop.treeclix.com\">info@shop.treeclix.com<\/a><\/p>\n\t\t\t\t\t\t\t\t<\/div>\n\t\t\t\t<\/div>\n\t\t\t\t\t<\/div>\n\t\t<\/div>\n\t\t\t\t\t<\/div>\n\t\t<\/section>\n\t\t\t\t<\/div>\n\t\t","protected":false},"excerpt":{"rendered":"<p>Datenschutzbestimmungen TreeClix BV (Handelskammer 98729454) respektiert die Privatsph\u00e4re der Besucher seiner Website, insbesondere deren Rechte hinsichtlich der automatischen Verarbeitung personenbezogener Daten. Wir haben daher eine Richtlinie zur vollst\u00e4ndigen Transparenz gegen\u00fcber [&hellip;]<\/p>\n","protected":false},"author":1,"featured_media":0,"parent":0,"menu_order":0,"comment_status":"closed","ping_status":"open","template":"","meta":{"footnotes":""},"class_list":["post-7017","page","type-page","status-publish","hentry"],"yoast_head":"<!-- This site is optimized with the Yoast SEO plugin v25.3 - https:\/\/yoast.com\/wordpress\/plugins\/seo\/ -->\n<title>Datenschutzbestimmungen - TreeClix<\/title>\n<meta name=\"robots\" content=\"index, follow, max-snippet:-1, max-image-preview:large, max-video-preview:-1\" \/>\n<link rel=\"canonical\" href=\"https:\/\/treeclix.com\/de\/datenschutzbestimmungen\/\" \/>\n<meta property=\"og:locale\" content=\"de_DE\" \/>\n<meta property=\"og:type\" content=\"article\" \/>\n<meta property=\"og:title\" content=\"Datenschutzbestimmungen - TreeClix\" \/>\n<meta property=\"og:description\" content=\"Datenschutzbestimmungen TreeClix BV (Handelskammer 98729454) respektiert die Privatsph\u00e4re der Besucher seiner Website, insbesondere deren Rechte hinsichtlich der automatischen Verarbeitung personenbezogener Daten. Wir haben daher eine Richtlinie zur vollst\u00e4ndigen Transparenz gegen\u00fcber [&hellip;]\" \/>\n<meta property=\"og:url\" content=\"https:\/\/treeclix.com\/de\/datenschutzbestimmungen\/\" \/>\n<meta property=\"og:site_name\" content=\"TreeClix\" \/>\n<meta property=\"article:publisher\" content=\"https:\/\/www.facebook.com\/profile.php?id=100069728130540\" \/>\n<meta property=\"article:modified_time\" content=\"2026-02-11T14:12:27+00:00\" \/>\n<meta name=\"twitter:card\" content=\"summary_large_image\" \/>\n<meta name=\"twitter:label1\" content=\"Gesch\u00e4tzte Lesezeit\" \/>\n\t<meta name=\"twitter:data1\" content=\"6\u00a0Minuten\" \/>\n<script type=\"application\/ld+json\" class=\"yoast-schema-graph\">{\"@context\":\"https:\/\/schema.org\",\"@graph\":[{\"@type\":\"WebPage\",\"@id\":\"https:\/\/treeclix.com\/de\/datenschutzbestimmungen\/\",\"url\":\"https:\/\/treeclix.com\/de\/datenschutzbestimmungen\/\",\"name\":\"Datenschutzbestimmungen - TreeClix\",\"isPartOf\":{\"@id\":\"https:\/\/treeclix.com\/#website\"},\"datePublished\":\"2020-06-21T11:14:36+00:00\",\"dateModified\":\"2026-02-11T14:12:27+00:00\",\"breadcrumb\":{\"@id\":\"https:\/\/treeclix.com\/de\/datenschutzbestimmungen\/#breadcrumb\"},\"inLanguage\":\"de\",\"potentialAction\":[{\"@type\":\"ReadAction\",\"target\":[\"https:\/\/treeclix.com\/de\/datenschutzbestimmungen\/\"]}]},{\"@type\":\"BreadcrumbList\",\"@id\":\"https:\/\/treeclix.com\/de\/datenschutzbestimmungen\/#breadcrumb\",\"itemListElement\":[{\"@type\":\"ListItem\",\"position\":1,\"name\":\"TreeClix\",\"item\":\"https:\/\/treeclix.com\/de\/\"},{\"@type\":\"ListItem\",\"position\":2,\"name\":\"Datenschutzbestimmungen\"}]},{\"@type\":\"WebSite\",\"@id\":\"https:\/\/treeclix.com\/#website\",\"url\":\"https:\/\/treeclix.com\/\",\"name\":\"TreeClix\",\"description\":\"Spot on saddle fitting, every time!\",\"publisher\":{\"@id\":\"https:\/\/treeclix.com\/#organization\"},\"potentialAction\":[{\"@type\":\"SearchAction\",\"target\":{\"@type\":\"EntryPoint\",\"urlTemplate\":\"https:\/\/treeclix.com\/?s={search_term_string}\"},\"query-input\":{\"@type\":\"PropertyValueSpecification\",\"valueRequired\":true,\"valueName\":\"search_term_string\"}}],\"inLanguage\":\"de\"},{\"@type\":\"Organization\",\"@id\":\"https:\/\/treeclix.com\/#organization\",\"name\":\"TreeClix\",\"url\":\"https:\/\/treeclix.com\/\",\"logo\":{\"@type\":\"ImageObject\",\"inLanguage\":\"de\",\"@id\":\"https:\/\/treeclix.com\/#\/schema\/logo\/image\/\",\"url\":\"https:\/\/treeclix.ws04.danego.net\/wp-content\/uploads\/2020\/06\/Logo-TreeClix.png\",\"contentUrl\":\"https:\/\/treeclix.ws04.danego.net\/wp-content\/uploads\/2020\/06\/Logo-TreeClix.png\",\"width\":500,\"height\":200,\"caption\":\"TreeClix\"},\"image\":{\"@id\":\"https:\/\/treeclix.com\/#\/schema\/logo\/image\/\"},\"sameAs\":[\"https:\/\/www.facebook.com\/profile.php?id=100069728130540\"]}]}<\/script>\n<!-- \/ Yoast SEO plugin. -->","yoast_head_json":{"title":"Datenschutzbestimmungen - TreeClix","robots":{"index":"index","follow":"follow","max-snippet":"max-snippet:-1","max-image-preview":"max-image-preview:large","max-video-preview":"max-video-preview:-1"},"canonical":"https:\/\/treeclix.com\/de\/datenschutzbestimmungen\/","og_locale":"de_DE","og_type":"article","og_title":"Datenschutzbestimmungen - TreeClix","og_description":"Datenschutzbestimmungen TreeClix BV (Handelskammer 98729454) respektiert die Privatsph\u00e4re der Besucher seiner Website, insbesondere deren Rechte hinsichtlich der automatischen Verarbeitung personenbezogener Daten. Wir haben daher eine Richtlinie zur vollst\u00e4ndigen Transparenz gegen\u00fcber [&hellip;]","og_url":"https:\/\/treeclix.com\/de\/datenschutzbestimmungen\/","og_site_name":"TreeClix","article_publisher":"https:\/\/www.facebook.com\/profile.php?id=100069728130540","article_modified_time":"2026-02-11T14:12:27+00:00","twitter_card":"summary_large_image","twitter_misc":{"Gesch\u00e4tzte Lesezeit":"6\u00a0Minuten"},"schema":{"@context":"https:\/\/schema.org","@graph":[{"@type":"WebPage","@id":"https:\/\/treeclix.com\/de\/datenschutzbestimmungen\/","url":"https:\/\/treeclix.com\/de\/datenschutzbestimmungen\/","name":"Datenschutzbestimmungen - TreeClix","isPartOf":{"@id":"https:\/\/treeclix.com\/#website"},"datePublished":"2020-06-21T11:14:36+00:00","dateModified":"2026-02-11T14:12:27+00:00","breadcrumb":{"@id":"https:\/\/treeclix.com\/de\/datenschutzbestimmungen\/#breadcrumb"},"inLanguage":"de","potentialAction":[{"@type":"ReadAction","target":["https:\/\/treeclix.com\/de\/datenschutzbestimmungen\/"]}]},{"@type":"BreadcrumbList","@id":"https:\/\/treeclix.com\/de\/datenschutzbestimmungen\/#breadcrumb","itemListElement":[{"@type":"ListItem","position":1,"name":"TreeClix","item":"https:\/\/treeclix.com\/de\/"},{"@type":"ListItem","position":2,"name":"Datenschutzbestimmungen"}]},{"@type":"WebSite","@id":"https:\/\/treeclix.com\/#website","url":"https:\/\/treeclix.com\/","name":"TreeClix","description":"Spot on saddle fitting, every time!","publisher":{"@id":"https:\/\/treeclix.com\/#organization"},"potentialAction":[{"@type":"SearchAction","target":{"@type":"EntryPoint","urlTemplate":"https:\/\/treeclix.com\/?s={search_term_string}"},"query-input":{"@type":"PropertyValueSpecification","valueRequired":true,"valueName":"search_term_string"}}],"inLanguage":"de"},{"@type":"Organization","@id":"https:\/\/treeclix.com\/#organization","name":"TreeClix","url":"https:\/\/treeclix.com\/","logo":{"@type":"ImageObject","inLanguage":"de","@id":"https:\/\/treeclix.com\/#\/schema\/logo\/image\/","url":"https:\/\/treeclix.ws04.danego.net\/wp-content\/uploads\/2020\/06\/Logo-TreeClix.png","contentUrl":"https:\/\/treeclix.ws04.danego.net\/wp-content\/uploads\/2020\/06\/Logo-TreeClix.png","width":500,"height":200,"caption":"TreeClix"},"image":{"@id":"https:\/\/treeclix.com\/#\/schema\/logo\/image\/"},"sameAs":["https:\/\/www.facebook.com\/profile.php?id=100069728130540"]}]}},"_links":{"self":[{"href":"https:\/\/treeclix.com\/de\/wp-json\/wp\/v2\/pages\/7017","targetHints":{"allow":["GET"]}}],"collection":[{"href":"https:\/\/treeclix.com\/de\/wp-json\/wp\/v2\/pages"}],"about":[{"href":"https:\/\/treeclix.com\/de\/wp-json\/wp\/v2\/types\/page"}],"author":[{"embeddable":true,"href":"https:\/\/treeclix.com\/de\/wp-json\/wp\/v2\/users\/1"}],"replies":[{"embeddable":true,"href":"https:\/\/treeclix.com\/de\/wp-json\/wp\/v2\/comments?post=7017"}],"version-history":[{"count":6,"href":"https:\/\/treeclix.com\/de\/wp-json\/wp\/v2\/pages\/7017\/revisions"}],"predecessor-version":[{"id":7029,"href":"https:\/\/treeclix.com\/de\/wp-json\/wp\/v2\/pages\/7017\/revisions\/7029"}],"wp:attachment":[{"href":"https:\/\/treeclix.com\/de\/wp-json\/wp\/v2\/media?parent=7017"}],"curies":[{"name":"wp","href":"https:\/\/api.w.org\/{rel}","templated":true}]}}