{"id":6193,"date":"2023-09-12T20:45:45","date_gmt":"2023-09-12T18:45:45","guid":{"rendered":"https:\/\/treeclix.com\/bewertungen-von-reitern\/"},"modified":"2025-02-24T13:25:36","modified_gmt":"2025-02-24T12:25:36","slug":"bewertungen-von-reitern","status":"publish","type":"page","link":"https:\/\/treeclix.com\/de\/bewertungen-von-reitern\/","title":{"rendered":"Bewertungen von Reitern"},"content":{"rendered":"\t\t<div data-elementor-type=\"wp-page\" data-elementor-id=\"6193\" class=\"elementor elementor-6193 elementor-3301\" data-elementor-post-type=\"page\">\n\t\t\t\t\t\t<section class=\"elementor-section elementor-top-section elementor-element elementor-element-5f2ff7d elementor-section-height-min-height elementor-section-boxed elementor-section-height-default elementor-section-items-middle\" data-id=\"5f2ff7d\" data-element_type=\"section\" data-settings=\"{&quot;background_background&quot;:&quot;classic&quot;}\">\n\t\t\t\t\t\t\t<div class=\"elementor-background-overlay\"><\/div>\n\t\t\t\t\t\t\t<div class=\"elementor-container elementor-column-gap-default\">\n\t\t\t\t\t<div class=\"elementor-column elementor-col-100 elementor-top-column elementor-element elementor-element-6c476be\" data-id=\"6c476be\" data-element_type=\"column\">\n\t\t\t<div class=\"elementor-widget-wrap elementor-element-populated\">\n\t\t\t\t\t\t<div class=\"elementor-element elementor-element-e68f912 elementor-widget elementor-widget-heading\" data-id=\"e68f912\" data-element_type=\"widget\" data-widget_type=\"heading.default\">\n\t\t\t\t<div class=\"elementor-widget-container\">\n\t\t\t\t\t<h1 class=\"elementor-heading-title elementor-size-default\">Erfahrungen mit TreeClix?<\/h1>\t\t\t\t<\/div>\n\t\t\t\t<\/div>\n\t\t\t\t<div class=\"elementor-element elementor-element-5c46412 elementor-widget elementor-widget-heading\" data-id=\"5c46412\" data-element_type=\"widget\" data-widget_type=\"heading.default\">\n\t\t\t\t<div class=\"elementor-widget-container\">\n\t\t\t\t\t<h2 class=\"elementor-heading-title elementor-size-default\">Was bedeutet TreeClix f\u00fcr Pferde und Reiter? Erfahren Sie hier mehr.<\/h2>\t\t\t\t<\/div>\n\t\t\t\t<\/div>\n\t\t\t\t\t<\/div>\n\t\t<\/div>\n\t\t\t\t\t<\/div>\n\t\t<\/section>\n\t\t\t\t<section class=\"elementor-section elementor-top-section elementor-element elementor-element-d9eb131 elementor-section-boxed elementor-section-height-default elementor-section-height-default\" data-id=\"d9eb131\" data-element_type=\"section\">\n\t\t\t\t\t\t<div class=\"elementor-container elementor-column-gap-default\">\n\t\t\t\t\t<div class=\"elementor-column elementor-col-33 elementor-top-column elementor-element elementor-element-a6b05f1\" data-id=\"a6b05f1\" data-element_type=\"column\" data-settings=\"{&quot;background_background&quot;:&quot;classic&quot;}\">\n\t\t\t<div class=\"elementor-widget-wrap elementor-element-populated\">\n\t\t\t\t\t\t<div class=\"elementor-element elementor-element-0ce37dd elementor-star-rating--align-center elementor--star-style-star_fontawesome elementor-widget elementor-widget-star-rating\" data-id=\"0ce37dd\" data-element_type=\"widget\" data-widget_type=\"star-rating.default\">\n\t\t\t\t<div class=\"elementor-widget-container\">\n\t\t\t\t\t\n\t\t<div class=\"elementor-star-rating__wrapper\">\n\t\t\t\t\t\t<div class=\"elementor-star-rating\" title=\"5\/5\" itemtype=\"http:\/\/schema.org\/Rating\" itemscope=\"\" itemprop=\"reviewRating\"><i class=\"elementor-star-full\">&#xE934;<\/i><i class=\"elementor-star-full\">&#xE934;<\/i><i class=\"elementor-star-full\">&#xE934;<\/i><i class=\"elementor-star-full\">&#xE934;<\/i><i class=\"elementor-star-full\">&#xE934;<\/i> <span itemprop=\"ratingValue\" class=\"elementor-screen-only\">5\/5<\/span><\/div>\t\t<\/div>\n\t\t\t\t\t\t<\/div>\n\t\t\t\t<\/div>\n\t\t\t\t<div class=\"elementor-element elementor-element-88487e6 elementor-widget elementor-widget-text-editor\" data-id=\"88487e6\" data-element_type=\"widget\" data-widget_type=\"text-editor.default\">\n\t\t\t\t<div class=\"elementor-widget-container\">\n\t\t\t\t\t\t\t\t\t<p>K\u00fcrzlich habe ich Jolanda bei der Arbeit mit dem Treeclix-System gesehen. Was f\u00fcr ein erstaunlicher Unterschied es im K\u00f6rpergebrauch des Pferdes nach der Anpassung des Sattels mit Treeclix gemacht hat. Unverzichtbar in jedem Sattel, um eine konstante Anpassung zu gew\u00e4hrleisten. Wir trainieren mit dem Ziel, unser Pferd (und damit seinen K\u00f6rper) zu entwickeln, da sollte der Sattel doch in der Lage sein, sich ebenfalls anzupassen, oder?<\/p>\n\t\t\t\t\t\t\t\t<\/div>\n\t\t\t\t<\/div>\n\t\t\t\t<div class=\"elementor-element elementor-element-82c5325 elementor-widget elementor-widget-heading\" data-id=\"82c5325\" data-element_type=\"widget\" data-widget_type=\"heading.default\">\n\t\t\t\t<div class=\"elementor-widget-container\">\n\t\t\t\t\t<h2 class=\"elementor-heading-title elementor-size-default\">Kelly de Geus <\/h2>\t\t\t\t<\/div>\n\t\t\t\t<\/div>\n\t\t\t\t\t<\/div>\n\t\t<\/div>\n\t\t\t\t<div class=\"elementor-column elementor-col-33 elementor-top-column elementor-element elementor-element-33c89ac\" data-id=\"33c89ac\" data-element_type=\"column\" data-settings=\"{&quot;background_background&quot;:&quot;classic&quot;}\">\n\t\t\t<div class=\"elementor-widget-wrap elementor-element-populated\">\n\t\t\t\t\t\t<div class=\"elementor-element elementor-element-dd88a13 elementor-star-rating--align-center elementor--star-style-star_fontawesome elementor-widget elementor-widget-star-rating\" data-id=\"dd88a13\" data-element_type=\"widget\" data-widget_type=\"star-rating.default\">\n\t\t\t\t<div class=\"elementor-widget-container\">\n\t\t\t\t\t\n\t\t<div class=\"elementor-star-rating__wrapper\">\n\t\t\t\t\t\t<div class=\"elementor-star-rating\" title=\"5\/5\" itemtype=\"http:\/\/schema.org\/Rating\" itemscope=\"\" itemprop=\"reviewRating\"><i class=\"elementor-star-full\">&#xE934;<\/i><i class=\"elementor-star-full\">&#xE934;<\/i><i class=\"elementor-star-full\">&#xE934;<\/i><i class=\"elementor-star-full\">&#xE934;<\/i><i class=\"elementor-star-full\">&#xE934;<\/i> <span itemprop=\"ratingValue\" class=\"elementor-screen-only\">5\/5<\/span><\/div>\t\t<\/div>\n\t\t\t\t\t\t<\/div>\n\t\t\t\t<\/div>\n\t\t\t\t<div class=\"elementor-element elementor-element-ec119e0 elementor-widget elementor-widget-text-editor\" data-id=\"ec119e0\" data-element_type=\"widget\" data-widget_type=\"text-editor.default\">\n\t\t\t\t<div class=\"elementor-widget-container\">\n\t\t\t\t\t\t\t\t\t<p>Durch die Ver\u00e4nderungen bei meinen jungen Pferden ist das TreeClix-System unglaublich wertvoll. Auf diese Weise ist es viel einfacher, Anpassungen vorzunehmen, die dem Zustand meiner Pferde gerecht werden.<\/p>\n\t\t\t\t\t\t\t\t<\/div>\n\t\t\t\t<\/div>\n\t\t\t\t<div class=\"elementor-element elementor-element-8f275f7 elementor-widget elementor-widget-heading\" data-id=\"8f275f7\" data-element_type=\"widget\" data-widget_type=\"heading.default\">\n\t\t\t\t<div class=\"elementor-widget-container\">\n\t\t\t\t\t<h2 class=\"elementor-heading-title elementor-size-default\">Wendy Plomp - Dressurreiter und Pferdez\u00fcchter<\/h2>\t\t\t\t<\/div>\n\t\t\t\t<\/div>\n\t\t\t\t\t<\/div>\n\t\t<\/div>\n\t\t\t\t<div class=\"elementor-column elementor-col-33 elementor-top-column elementor-element elementor-element-9c30d0f\" data-id=\"9c30d0f\" data-element_type=\"column\" data-settings=\"{&quot;background_background&quot;:&quot;classic&quot;}\">\n\t\t\t<div class=\"elementor-widget-wrap elementor-element-populated\">\n\t\t\t\t\t\t<div class=\"elementor-element elementor-element-4b0b2c6 elementor-star-rating--align-center elementor--star-style-star_fontawesome elementor-widget elementor-widget-star-rating\" data-id=\"4b0b2c6\" data-element_type=\"widget\" data-widget_type=\"star-rating.default\">\n\t\t\t\t<div class=\"elementor-widget-container\">\n\t\t\t\t\t\n\t\t<div class=\"elementor-star-rating__wrapper\">\n\t\t\t\t\t\t<div class=\"elementor-star-rating\" title=\"5\/5\" itemtype=\"http:\/\/schema.org\/Rating\" itemscope=\"\" itemprop=\"reviewRating\"><i class=\"elementor-star-full\">&#xE934;<\/i><i class=\"elementor-star-full\">&#xE934;<\/i><i class=\"elementor-star-full\">&#xE934;<\/i><i class=\"elementor-star-full\">&#xE934;<\/i><i class=\"elementor-star-full\">&#xE934;<\/i> <span itemprop=\"ratingValue\" class=\"elementor-screen-only\">5\/5<\/span><\/div>\t\t<\/div>\n\t\t\t\t\t\t<\/div>\n\t\t\t\t<\/div>\n\t\t\t\t<div class=\"elementor-element elementor-element-fa45345 elementor-widget elementor-widget-text-editor\" data-id=\"fa45345\" data-element_type=\"widget\" data-widget_type=\"text-editor.default\">\n\t\t\t\t<div class=\"elementor-widget-container\">\n\t\t\t\t\t\t\t\t\t<p>Dank des Treeclix-Systems und nat\u00fcrlich des hervorragenden Service von Jolanda vd Leeden konnte ich ein unglaublich schwieriges Problem mit meiner Stute l\u00f6sen, was zu einer wahren Freude f\u00fchrte \u2013 nicht nur f\u00fcr meine Stute, sondern auch f\u00fcr mich!<\/p>\n\t\t\t\t\t\t\t\t<\/div>\n\t\t\t\t<\/div>\n\t\t\t\t<div class=\"elementor-element elementor-element-8f1d9c7 elementor-widget elementor-widget-heading\" data-id=\"8f1d9c7\" data-element_type=\"widget\" data-widget_type=\"heading.default\">\n\t\t\t\t<div class=\"elementor-widget-container\">\n\t\t\t\t\t<h2 class=\"elementor-heading-title elementor-size-default\">Shanna Baars - YR Dressurreiter<\/h2>\t\t\t\t<\/div>\n\t\t\t\t<\/div>\n\t\t\t\t\t<\/div>\n\t\t<\/div>\n\t\t\t\t\t<\/div>\n\t\t<\/section>\n\t\t\t\t<section class=\"elementor-section elementor-top-section elementor-element elementor-element-7140656 elementor-section-boxed elementor-section-height-default elementor-section-height-default\" data-id=\"7140656\" data-element_type=\"section\">\n\t\t\t\t\t\t<div class=\"elementor-container elementor-column-gap-default\">\n\t\t\t\t\t<div class=\"elementor-column elementor-col-33 elementor-top-column elementor-element elementor-element-90563c6\" data-id=\"90563c6\" data-element_type=\"column\" data-settings=\"{&quot;background_background&quot;:&quot;classic&quot;}\">\n\t\t\t<div class=\"elementor-widget-wrap elementor-element-populated\">\n\t\t\t\t\t\t<div class=\"elementor-element elementor-element-2b7c0f9 elementor-star-rating--align-center elementor--star-style-star_fontawesome elementor-widget elementor-widget-star-rating\" data-id=\"2b7c0f9\" data-element_type=\"widget\" data-widget_type=\"star-rating.default\">\n\t\t\t\t<div class=\"elementor-widget-container\">\n\t\t\t\t\t\n\t\t<div class=\"elementor-star-rating__wrapper\">\n\t\t\t\t\t\t<div class=\"elementor-star-rating\" title=\"5\/5\" itemtype=\"http:\/\/schema.org\/Rating\" itemscope=\"\" itemprop=\"reviewRating\"><i class=\"elementor-star-full\">&#xE934;<\/i><i class=\"elementor-star-full\">&#xE934;<\/i><i class=\"elementor-star-full\">&#xE934;<\/i><i class=\"elementor-star-full\">&#xE934;<\/i><i class=\"elementor-star-full\">&#xE934;<\/i> <span itemprop=\"ratingValue\" class=\"elementor-screen-only\">5\/5<\/span><\/div>\t\t<\/div>\n\t\t\t\t\t\t<\/div>\n\t\t\t\t<\/div>\n\t\t\t\t<div class=\"elementor-element elementor-element-7ffb838 elementor-widget elementor-widget-text-editor\" data-id=\"7ffb838\" data-element_type=\"widget\" data-widget_type=\"text-editor.default\">\n\t\t\t\t<div class=\"elementor-widget-container\">\n\t\t\t\t\t\t\t\t\t<p>Treeclix hat daf\u00fcr gesorgt, dass mein Sattel meinem Pferd immer genau das bieten kann, was es in jedem Moment braucht. Im Sommer, im Winter, in Topform und bei Verletzungen. Er hat sich so positiv \u00fcber die gesamte Oberlinie entwickelt, weil ihm der Raum gegeben wurde, den er in jeder Situation brauchte. Vom kleinen, zickigen Huhn zum kr\u00e4ftigen Bodybuilder \u2013 zusammen mit Jolanda und Treeclix! \ud83d\udcaa\ud83c\udffb<\/p>\n\t\t\t\t\t\t\t\t<\/div>\n\t\t\t\t<\/div>\n\t\t\t\t<div class=\"elementor-element elementor-element-8a2ecdb elementor-widget elementor-widget-heading\" data-id=\"8a2ecdb\" data-element_type=\"widget\" data-widget_type=\"heading.default\">\n\t\t\t\t<div class=\"elementor-widget-container\">\n\t\t\t\t\t<h2 class=\"elementor-heading-title elementor-size-default\">Quillemette Kraaikamp - U25 Dressurreiter<\/h2>\t\t\t\t<\/div>\n\t\t\t\t<\/div>\n\t\t\t\t\t<\/div>\n\t\t<\/div>\n\t\t\t\t<div class=\"elementor-column elementor-col-33 elementor-top-column elementor-element elementor-element-c2e2946\" data-id=\"c2e2946\" data-element_type=\"column\" data-settings=\"{&quot;background_background&quot;:&quot;classic&quot;}\">\n\t\t\t<div class=\"elementor-widget-wrap elementor-element-populated\">\n\t\t\t\t\t\t<div class=\"elementor-element elementor-element-8ae7a87 elementor-star-rating--align-center elementor--star-style-star_fontawesome elementor-widget elementor-widget-star-rating\" data-id=\"8ae7a87\" data-element_type=\"widget\" data-widget_type=\"star-rating.default\">\n\t\t\t\t<div class=\"elementor-widget-container\">\n\t\t\t\t\t\n\t\t<div class=\"elementor-star-rating__wrapper\">\n\t\t\t\t\t\t<div class=\"elementor-star-rating\" title=\"5\/5\" itemtype=\"http:\/\/schema.org\/Rating\" itemscope=\"\" itemprop=\"reviewRating\"><i class=\"elementor-star-full\">&#xE934;<\/i><i class=\"elementor-star-full\">&#xE934;<\/i><i class=\"elementor-star-full\">&#xE934;<\/i><i class=\"elementor-star-full\">&#xE934;<\/i><i class=\"elementor-star-full\">&#xE934;<\/i> <span itemprop=\"ratingValue\" class=\"elementor-screen-only\">5\/5<\/span><\/div>\t\t<\/div>\n\t\t\t\t\t\t<\/div>\n\t\t\t\t<\/div>\n\t\t\t\t<div class=\"elementor-element elementor-element-1f26d1a elementor-widget elementor-widget-text-editor\" data-id=\"1f26d1a\" data-element_type=\"widget\" data-widget_type=\"text-editor.default\">\n\t\t\t\t<div class=\"elementor-widget-container\">\n\t\t\t\t\t\t\t\t\t<p>Ein sehr zufriedener Kunde!!!<br data-start=\"29\" data-end=\"32\" \/>Vor \u00fcber 2 Jahren habe ich meine 3-j\u00e4hrige Stute gekauft. Damals war sie noch wirklich ein &#8222;Welpe&#8220; (ma\u00dfstab) und erst gerade gesattelt. Ich wollte nicht jedes Jahr einen neuen Sattel kaufen m\u00fcssen, weil er nicht mehr passen w\u00fcrde, und so landete ich bei Treeclix. Wie unglaublich froh ich bin, dass ich mich daf\u00fcr entschieden habe!!! Meine Stute entwickelt sich gut und mit dem Treeclix-System passt man den Sattel jedes Mal an. Aufgrund ihres jungen Alters habe ich meinen Sattel 4-mal im Jahr \u00fcberpr\u00fcfen lassen. Jedes Mal war eine Anpassung notwendig, und das war mit Treeclix kein Problem. Nach jeder \u00dcberpr\u00fcfung merkt man als Reiter den Unterschied, weil das Pferd immer besser zu gehen beginnt. Das kommt dem Training zugute. Gl\u00fcckliches Pferd und gl\u00fcckliche Amazonen.<\/p>\n\t\t\t\t\t\t\t\t<\/div>\n\t\t\t\t<\/div>\n\t\t\t\t<div class=\"elementor-element elementor-element-3a22595 elementor-widget elementor-widget-heading\" data-id=\"3a22595\" data-element_type=\"widget\" data-widget_type=\"heading.default\">\n\t\t\t\t<div class=\"elementor-widget-container\">\n\t\t\t\t\t<h2 class=\"elementor-heading-title elementor-size-default\">Mandy de Geus - Dressurreiter<\/h2>\t\t\t\t<\/div>\n\t\t\t\t<\/div>\n\t\t\t\t\t<\/div>\n\t\t<\/div>\n\t\t\t\t<div class=\"elementor-column elementor-col-33 elementor-top-column elementor-element elementor-element-12e2826\" data-id=\"12e2826\" data-element_type=\"column\" data-settings=\"{&quot;background_background&quot;:&quot;classic&quot;}\">\n\t\t\t<div class=\"elementor-widget-wrap elementor-element-populated\">\n\t\t\t\t\t\t<div class=\"elementor-element elementor-element-00f5785 elementor-star-rating--align-center elementor--star-style-star_fontawesome elementor-widget elementor-widget-star-rating\" data-id=\"00f5785\" data-element_type=\"widget\" data-widget_type=\"star-rating.default\">\n\t\t\t\t<div class=\"elementor-widget-container\">\n\t\t\t\t\t\n\t\t<div class=\"elementor-star-rating__wrapper\">\n\t\t\t\t\t\t<div class=\"elementor-star-rating\" title=\"5\/5\" itemtype=\"http:\/\/schema.org\/Rating\" itemscope=\"\" itemprop=\"reviewRating\"><i class=\"elementor-star-full\">&#xE934;<\/i><i class=\"elementor-star-full\">&#xE934;<\/i><i class=\"elementor-star-full\">&#xE934;<\/i><i class=\"elementor-star-full\">&#xE934;<\/i><i class=\"elementor-star-full\">&#xE934;<\/i> <span itemprop=\"ratingValue\" class=\"elementor-screen-only\">5\/5<\/span><\/div>\t\t<\/div>\n\t\t\t\t\t\t<\/div>\n\t\t\t\t<\/div>\n\t\t\t\t<div class=\"elementor-element elementor-element-0d0d3e3 elementor-widget elementor-widget-text-editor\" data-id=\"0d0d3e3\" data-element_type=\"widget\" data-widget_type=\"text-editor.default\">\n\t\t\t\t<div class=\"elementor-widget-container\">\n\t\t\t\t\t\t\t\t\t<p>TreeClix ist die Erfindung f\u00fcr Sattelanpasser, Pferde und Reiter! Das System l\u00e4sst sich sehr einfach an einem Sattelbaum installieren und die anschlie\u00dfende Anpassung ist noch einfacher. Da die Baumweite sehr pr\u00e4zise eingestellt werden kann, l\u00e4sst sich der Sattel optimal an das Pferd anpassen. Ich selbst habe bereits sehr sch\u00f6ne Unterschiede in der Bewegung und der Muskulatur der Pferde gesehen, bei denen TreeClix im Sattel installiert wurde.<\/p>\n\t\t\t\t\t\t\t\t<\/div>\n\t\t\t\t<\/div>\n\t\t\t\t<div class=\"elementor-element elementor-element-864ff91 elementor-widget elementor-widget-heading\" data-id=\"864ff91\" data-element_type=\"widget\" data-widget_type=\"heading.default\">\n\t\t\t\t<div class=\"elementor-widget-container\">\n\t\t\t\t\t<h2 class=\"elementor-heading-title elementor-size-default\">Celine van Waes - Sattelfitter<\/h2>\t\t\t\t<\/div>\n\t\t\t\t<\/div>\n\t\t\t\t\t<\/div>\n\t\t<\/div>\n\t\t\t\t\t<\/div>\n\t\t<\/section>\n\t\t\t\t<\/div>\n\t\t","protected":false},"excerpt":{"rendered":"<p>Erfahrungen mit TreeClix? Was bedeutet TreeClix f\u00fcr Pferde und Reiter? Erfahren Sie hier mehr. &#xE934;&#xE934;&#xE934;&#xE934;&#xE934; 5\/5 K\u00fcrzlich habe ich Jolanda bei der Arbeit mit dem Treeclix-System gesehen. Was f\u00fcr ein [&hellip;]<\/p>\n","protected":false},"author":64,"featured_media":0,"parent":0,"menu_order":0,"comment_status":"closed","ping_status":"closed","template":"","meta":{"footnotes":""},"class_list":["post-6193","page","type-page","status-publish","hentry"],"yoast_head":"<!-- This site is optimized with the Yoast SEO plugin v25.3 - https:\/\/yoast.com\/wordpress\/plugins\/seo\/ -->\n<title>Bewertungen von Reitern - TreeClix<\/title>\n<meta name=\"robots\" content=\"index, follow, max-snippet:-1, max-image-preview:large, max-video-preview:-1\" \/>\n<link rel=\"canonical\" href=\"https:\/\/treeclix.com\/reviews-riders\/\" \/>\n<meta property=\"og:locale\" content=\"de_DE\" \/>\n<meta property=\"og:type\" content=\"article\" \/>\n<meta property=\"og:title\" content=\"Bewertungen von Reitern - TreeClix\" \/>\n<meta property=\"og:description\" content=\"Erfahrungen mit TreeClix? Was bedeutet TreeClix f\u00fcr Pferde und Reiter? Erfahren Sie hier mehr. &#xE934;&#xE934;&#xE934;&#xE934;&#xE934; 5\/5 K\u00fcrzlich habe ich Jolanda bei der Arbeit mit dem Treeclix-System gesehen. Was f\u00fcr ein [&hellip;]\" \/>\n<meta property=\"og:url\" content=\"https:\/\/treeclix.com\/reviews-riders\/\" \/>\n<meta property=\"og:site_name\" content=\"TreeClix\" \/>\n<meta property=\"article:publisher\" content=\"https:\/\/www.facebook.com\/profile.php?id=100069728130540\" \/>\n<meta property=\"article:modified_time\" content=\"2025-02-24T12:25:36+00:00\" \/>\n<meta name=\"twitter:card\" content=\"summary_large_image\" \/>\n<meta name=\"twitter:label1\" content=\"Gesch\u00e4tzte Lesezeit\" \/>\n\t<meta name=\"twitter:data1\" content=\"2\u00a0Minuten\" \/>\n<script type=\"application\/ld+json\" class=\"yoast-schema-graph\">{\"@context\":\"https:\/\/schema.org\",\"@graph\":[{\"@type\":\"WebPage\",\"@id\":\"https:\/\/treeclix.com\/reviews-riders\/\",\"url\":\"https:\/\/treeclix.com\/reviews-riders\/\",\"name\":\"Bewertungen von Reitern - TreeClix\",\"isPartOf\":{\"@id\":\"https:\/\/treeclix.com\/#website\"},\"datePublished\":\"2023-09-12T18:45:45+00:00\",\"dateModified\":\"2025-02-24T12:25:36+00:00\",\"breadcrumb\":{\"@id\":\"https:\/\/treeclix.com\/reviews-riders\/#breadcrumb\"},\"inLanguage\":\"de\",\"potentialAction\":[{\"@type\":\"ReadAction\",\"target\":[\"https:\/\/treeclix.com\/reviews-riders\/\"]}]},{\"@type\":\"BreadcrumbList\",\"@id\":\"https:\/\/treeclix.com\/reviews-riders\/#breadcrumb\",\"itemListElement\":[{\"@type\":\"ListItem\",\"position\":1,\"name\":\"TreeClix\",\"item\":\"https:\/\/treeclix.com\/de\/\"},{\"@type\":\"ListItem\",\"position\":2,\"name\":\"Bewertungen von Reitern\"}]},{\"@type\":\"WebSite\",\"@id\":\"https:\/\/treeclix.com\/#website\",\"url\":\"https:\/\/treeclix.com\/\",\"name\":\"TreeClix\",\"description\":\"Spot on saddle fitting, every time!\",\"publisher\":{\"@id\":\"https:\/\/treeclix.com\/#organization\"},\"potentialAction\":[{\"@type\":\"SearchAction\",\"target\":{\"@type\":\"EntryPoint\",\"urlTemplate\":\"https:\/\/treeclix.com\/?s={search_term_string}\"},\"query-input\":{\"@type\":\"PropertyValueSpecification\",\"valueRequired\":true,\"valueName\":\"search_term_string\"}}],\"inLanguage\":\"de\"},{\"@type\":\"Organization\",\"@id\":\"https:\/\/treeclix.com\/#organization\",\"name\":\"TreeClix\",\"url\":\"https:\/\/treeclix.com\/\",\"logo\":{\"@type\":\"ImageObject\",\"inLanguage\":\"de\",\"@id\":\"https:\/\/treeclix.com\/#\/schema\/logo\/image\/\",\"url\":\"https:\/\/treeclix.ws04.danego.net\/wp-content\/uploads\/2020\/06\/Logo-TreeClix.png\",\"contentUrl\":\"https:\/\/treeclix.ws04.danego.net\/wp-content\/uploads\/2020\/06\/Logo-TreeClix.png\",\"width\":500,\"height\":200,\"caption\":\"TreeClix\"},\"image\":{\"@id\":\"https:\/\/treeclix.com\/#\/schema\/logo\/image\/\"},\"sameAs\":[\"https:\/\/www.facebook.com\/profile.php?id=100069728130540\"]}]}<\/script>\n<!-- \/ Yoast SEO plugin. -->","yoast_head_json":{"title":"Bewertungen von Reitern - TreeClix","robots":{"index":"index","follow":"follow","max-snippet":"max-snippet:-1","max-image-preview":"max-image-preview:large","max-video-preview":"max-video-preview:-1"},"canonical":"https:\/\/treeclix.com\/reviews-riders\/","og_locale":"de_DE","og_type":"article","og_title":"Bewertungen von Reitern - TreeClix","og_description":"Erfahrungen mit TreeClix? Was bedeutet TreeClix f\u00fcr Pferde und Reiter? Erfahren Sie hier mehr. &#xE934;&#xE934;&#xE934;&#xE934;&#xE934; 5\/5 K\u00fcrzlich habe ich Jolanda bei der Arbeit mit dem Treeclix-System gesehen. Was f\u00fcr ein [&hellip;]","og_url":"https:\/\/treeclix.com\/reviews-riders\/","og_site_name":"TreeClix","article_publisher":"https:\/\/www.facebook.com\/profile.php?id=100069728130540","article_modified_time":"2025-02-24T12:25:36+00:00","twitter_card":"summary_large_image","twitter_misc":{"Gesch\u00e4tzte Lesezeit":"2\u00a0Minuten"},"schema":{"@context":"https:\/\/schema.org","@graph":[{"@type":"WebPage","@id":"https:\/\/treeclix.com\/reviews-riders\/","url":"https:\/\/treeclix.com\/reviews-riders\/","name":"Bewertungen von Reitern - TreeClix","isPartOf":{"@id":"https:\/\/treeclix.com\/#website"},"datePublished":"2023-09-12T18:45:45+00:00","dateModified":"2025-02-24T12:25:36+00:00","breadcrumb":{"@id":"https:\/\/treeclix.com\/reviews-riders\/#breadcrumb"},"inLanguage":"de","potentialAction":[{"@type":"ReadAction","target":["https:\/\/treeclix.com\/reviews-riders\/"]}]},{"@type":"BreadcrumbList","@id":"https:\/\/treeclix.com\/reviews-riders\/#breadcrumb","itemListElement":[{"@type":"ListItem","position":1,"name":"TreeClix","item":"https:\/\/treeclix.com\/de\/"},{"@type":"ListItem","position":2,"name":"Bewertungen von Reitern"}]},{"@type":"WebSite","@id":"https:\/\/treeclix.com\/#website","url":"https:\/\/treeclix.com\/","name":"TreeClix","description":"Spot on saddle fitting, every time!","publisher":{"@id":"https:\/\/treeclix.com\/#organization"},"potentialAction":[{"@type":"SearchAction","target":{"@type":"EntryPoint","urlTemplate":"https:\/\/treeclix.com\/?s={search_term_string}"},"query-input":{"@type":"PropertyValueSpecification","valueRequired":true,"valueName":"search_term_string"}}],"inLanguage":"de"},{"@type":"Organization","@id":"https:\/\/treeclix.com\/#organization","name":"TreeClix","url":"https:\/\/treeclix.com\/","logo":{"@type":"ImageObject","inLanguage":"de","@id":"https:\/\/treeclix.com\/#\/schema\/logo\/image\/","url":"https:\/\/treeclix.ws04.danego.net\/wp-content\/uploads\/2020\/06\/Logo-TreeClix.png","contentUrl":"https:\/\/treeclix.ws04.danego.net\/wp-content\/uploads\/2020\/06\/Logo-TreeClix.png","width":500,"height":200,"caption":"TreeClix"},"image":{"@id":"https:\/\/treeclix.com\/#\/schema\/logo\/image\/"},"sameAs":["https:\/\/www.facebook.com\/profile.php?id=100069728130540"]}]}},"_links":{"self":[{"href":"https:\/\/treeclix.com\/de\/wp-json\/wp\/v2\/pages\/6193","targetHints":{"allow":["GET"]}}],"collection":[{"href":"https:\/\/treeclix.com\/de\/wp-json\/wp\/v2\/pages"}],"about":[{"href":"https:\/\/treeclix.com\/de\/wp-json\/wp\/v2\/types\/page"}],"author":[{"embeddable":true,"href":"https:\/\/treeclix.com\/de\/wp-json\/wp\/v2\/users\/64"}],"replies":[{"embeddable":true,"href":"https:\/\/treeclix.com\/de\/wp-json\/wp\/v2\/comments?post=6193"}],"version-history":[{"count":1,"href":"https:\/\/treeclix.com\/de\/wp-json\/wp\/v2\/pages\/6193\/revisions"}],"predecessor-version":[{"id":6194,"href":"https:\/\/treeclix.com\/de\/wp-json\/wp\/v2\/pages\/6193\/revisions\/6194"}],"wp:attachment":[{"href":"https:\/\/treeclix.com\/de\/wp-json\/wp\/v2\/media?parent=6193"}],"curies":[{"name":"wp","href":"https:\/\/api.w.org\/{rel}","templated":true}]}}