{"id":6191,"date":"2025-02-20T15:19:37","date_gmt":"2025-02-20T14:19:37","guid":{"rendered":"https:\/\/treeclix.com\/partner\/macel-sellier\/"},"modified":"2025-02-24T13:15:43","modified_gmt":"2025-02-24T12:15:43","slug":"macel-sellier","status":"publish","type":"page","link":"https:\/\/treeclix.com\/de\/partner\/macel-sellier\/","title":{"rendered":"Macel Sellier"},"content":{"rendered":"\t\t<div data-elementor-type=\"wp-page\" data-elementor-id=\"6191\" class=\"elementor elementor-6191 elementor-5984\" data-elementor-post-type=\"page\">\n\t\t\t\t\t\t<section class=\"elementor-section elementor-top-section elementor-element elementor-element-254d4e6 elementor-section-height-min-height elementor-section-boxed elementor-section-height-default elementor-section-items-middle\" data-id=\"254d4e6\" data-element_type=\"section\" data-settings=\"{&quot;background_background&quot;:&quot;classic&quot;}\">\n\t\t\t\t\t\t\t<div class=\"elementor-background-overlay\"><\/div>\n\t\t\t\t\t\t\t<div class=\"elementor-container elementor-column-gap-default\">\n\t\t\t\t\t<div class=\"elementor-column elementor-col-100 elementor-top-column elementor-element elementor-element-f35d205\" data-id=\"f35d205\" data-element_type=\"column\">\n\t\t\t<div class=\"elementor-widget-wrap elementor-element-populated\">\n\t\t\t\t\t\t<div class=\"elementor-element elementor-element-f1840a4 elementor-widget elementor-widget-heading\" data-id=\"f1840a4\" data-element_type=\"widget\" data-widget_type=\"heading.default\">\n\t\t\t\t<div class=\"elementor-widget-container\">\n\t\t\t\t\t<h1 class=\"elementor-heading-title elementor-size-default\">Macel Sellier <\/h1>\t\t\t\t<\/div>\n\t\t\t\t<\/div>\n\t\t\t\t\t<\/div>\n\t\t<\/div>\n\t\t\t\t\t<\/div>\n\t\t<\/section>\n\t\t\t\t<section class=\"elementor-section elementor-top-section elementor-element elementor-element-9343028 elementor-section-boxed elementor-section-height-default elementor-section-height-default\" data-id=\"9343028\" data-element_type=\"section\">\n\t\t\t\t\t\t<div class=\"elementor-container elementor-column-gap-default\">\n\t\t\t\t\t<div class=\"elementor-column elementor-col-50 elementor-top-column elementor-element elementor-element-c74444e\" data-id=\"c74444e\" data-element_type=\"column\">\n\t\t\t<div class=\"elementor-widget-wrap elementor-element-populated\">\n\t\t\t\t\t\t<div class=\"elementor-element elementor-element-3d660cd elementor-widget elementor-widget-heading\" data-id=\"3d660cd\" data-element_type=\"widget\" data-widget_type=\"heading.default\">\n\t\t\t\t<div class=\"elementor-widget-container\">\n\t\t\t\t\t<h2 class=\"elementor-heading-title elementor-size-default\">Eine Tradition von Innovation und Handwerkskunst<\/h2>\t\t\t\t<\/div>\n\t\t\t\t<\/div>\n\t\t\t\t<div class=\"elementor-element elementor-element-a4817cb elementor-widget elementor-widget-text-editor\" data-id=\"a4817cb\" data-element_type=\"widget\" data-widget_type=\"text-editor.default\">\n\t\t\t\t<div class=\"elementor-widget-container\">\n\t\t\t\t\t\t\t\t\t<p data-start=\"0\" data-end=\"366\">Macel Sellier wurde 1968 von Philippe Guillot de Suduiraut in Deauville, Normandie, gegr\u00fcndet und revolutionierte den Pferdesport mit seinem innovativen Konzept von d\u00fcnnen, leichten S\u00e4tteln mit flexiblem Sattelbaum. Diese S\u00e4ttel, die f\u00fcr engen Kontakt konzipiert wurden, erm\u00f6glichten den Reitern eine verbesserte Verbindung und ein intensiveres Gef\u00fchl f\u00fcr ihr Pferd.<\/p>\n<p><\/p>\n<p data-start=\"368\" data-end=\"790\" data-is-last-node=\"\" data-is-only-node=\"\">Im Jahr 2008 \u00fcbernahm Patrick Fesquet \u2013 der seit 1987 in der Macel-Werkstatt gearbeitet und Sch\u00fcler von Herrn Guillot de Suduiraut war \u2013 die Marke und setzte das Erbe der technischen Verfeinerung und Handwerkskunst fort. Heute nutzt er seine umfangreiche Expertise, um S\u00e4ttel zu entwickeln, die sowohl die Leistung als auch das Wohlbefinden des Pferdes f\u00f6rdern und eine ausgewogene und gesunde Reiterfahrung gew\u00e4hrleisten.<\/p>\n\t\t\t\t\t\t\t\t<\/div>\n\t\t\t\t<\/div>\n\t\t\t\t\t<\/div>\n\t\t<\/div>\n\t\t\t\t<div class=\"elementor-column elementor-col-50 elementor-top-column elementor-element elementor-element-254dd77\" data-id=\"254dd77\" data-element_type=\"column\">\n\t\t\t<div class=\"elementor-widget-wrap\">\n\t\t\t\t\t\t\t<\/div>\n\t\t<\/div>\n\t\t\t\t\t<\/div>\n\t\t<\/section>\n\t\t\t\t<section class=\"elementor-section elementor-top-section elementor-element elementor-element-4690609 elementor-section-boxed elementor-section-height-default elementor-section-height-default\" data-id=\"4690609\" data-element_type=\"section\" data-settings=\"{&quot;background_background&quot;:&quot;classic&quot;}\">\n\t\t\t\t\t\t<div class=\"elementor-container elementor-column-gap-default\">\n\t\t\t\t\t<div class=\"elementor-column elementor-col-50 elementor-top-column elementor-element elementor-element-17a3f0f\" data-id=\"17a3f0f\" data-element_type=\"column\" data-settings=\"{&quot;background_background&quot;:&quot;classic&quot;}\">\n\t\t\t<div class=\"elementor-widget-wrap elementor-element-populated\">\n\t\t\t\t\t\t<div class=\"elementor-element elementor-element-27a52ee elementor-widget elementor-widget-image\" data-id=\"27a52ee\" data-element_type=\"widget\" data-widget_type=\"image.default\">\n\t\t\t\t<div class=\"elementor-widget-container\">\n\t\t\t\t\t\t\t\t\t\t\t\t\t\t\t<img fetchpriority=\"high\" decoding=\"async\" width=\"387\" height=\"470\" src=\"https:\/\/treeclix.com\/wp-content\/uploads\/2025\/02\/Macel_TreeClix_1_png.png\" class=\"attachment-large size-large wp-image-6000\" alt=\"\" srcset=\"https:\/\/treeclix.com\/wp-content\/uploads\/2025\/02\/Macel_TreeClix_1_png.png 387w, https:\/\/treeclix.com\/wp-content\/uploads\/2025\/02\/Macel_TreeClix_1_png-247x300.png 247w\" sizes=\"(max-width: 387px) 100vw, 387px\" \/>\t\t\t\t\t\t\t\t\t\t\t\t\t\t\t<\/div>\n\t\t\t\t<\/div>\n\t\t\t\t\t<\/div>\n\t\t<\/div>\n\t\t\t\t<div class=\"elementor-column elementor-col-50 elementor-top-column elementor-element elementor-element-51b76ec\" data-id=\"51b76ec\" data-element_type=\"column\">\n\t\t\t<div class=\"elementor-widget-wrap elementor-element-populated\">\n\t\t\t\t\t\t<div class=\"elementor-element elementor-element-062424e elementor-widget elementor-widget-heading\" data-id=\"062424e\" data-element_type=\"widget\" data-widget_type=\"heading.default\">\n\t\t\t\t<div class=\"elementor-widget-container\">\n\t\t\t\t\t<h3 class=\"elementor-heading-title elementor-size-default\">Exzellenz in der franz\u00f6sischen Sattlerei<\/h3>\t\t\t\t<\/div>\n\t\t\t\t<\/div>\n\t\t\t\t<div class=\"elementor-element elementor-element-0f5fe8b elementor-widget elementor-widget-text-editor\" data-id=\"0f5fe8b\" data-element_type=\"widget\" data-widget_type=\"text-editor.default\">\n\t\t\t\t<div class=\"elementor-widget-container\">\n\t\t\t\t\t\t\t\t\t<p data-start=\"0\" data-end=\"366\">Macel Sellier wurde 1968 von Philippe Guillot de Suduiraut in Deauville, Normandie, gegr\u00fcndet und revolutionierte den Pferdesport mit seinem innovativen Konzept von d\u00fcnnen, leichten S\u00e4tteln mit flexiblem Sattelbaum. Diese S\u00e4ttel, die f\u00fcr engen Kontakt konzipiert wurden, erm\u00f6glichten den Reitern eine verbesserte Verbindung und ein intensiveres Gef\u00fchl f\u00fcr ihr Pferd.<\/p>\n<p><\/p>\n<p data-start=\"368\" data-end=\"790\" data-is-last-node=\"\" data-is-only-node=\"\">Im Jahr 2008 \u00fcbernahm Patrick Fesquet \u2013 der seit 1987 in der Macel-Werkstatt gearbeitet und Sch\u00fcler von Herrn Guillot de Suduiraut war \u2013 die Marke und setzte das Erbe der technischen Verfeinerung und Handwerkskunst fort. Heute nutzt er seine umfangreiche Expertise, um S\u00e4ttel zu entwickeln, die sowohl die Leistung als auch das Wohlbefinden des Pferdes f\u00f6rdern und eine ausgewogene und gesunde Reiterfahrung gew\u00e4hrleisten.<\/p>\n\t\t\t\t\t\t\t\t<\/div>\n\t\t\t\t<\/div>\n\t\t\t\t<div class=\"elementor-element elementor-element-49ab988 elementor-align-left elementor-widget elementor-widget-button\" data-id=\"49ab988\" data-element_type=\"widget\" data-widget_type=\"button.default\">\n\t\t\t\t<div class=\"elementor-widget-container\">\n\t\t\t\t\t\t\t\t\t<div class=\"elementor-button-wrapper\">\n\t\t\t\t\t<a class=\"elementor-button elementor-button-link elementor-size-sm\" href=\"https:\/\/www.macel-sellier.com\/en\/home\/\">\n\t\t\t\t\t\t<span class=\"elementor-button-content-wrapper\">\n\t\t\t\t\t\t<span class=\"elementor-button-icon\">\n\t\t\t\t<i aria-hidden=\"true\" class=\"fas fa-external-link-alt\"><\/i>\t\t\t<\/span>\n\t\t\t\t\t\t\t\t\t<span class=\"elementor-button-text\">Website ansehen<\/span>\n\t\t\t\t\t<\/span>\n\t\t\t\t\t<\/a>\n\t\t\t\t<\/div>\n\t\t\t\t\t\t\t\t<\/div>\n\t\t\t\t<\/div>\n\t\t\t\t\t<\/div>\n\t\t<\/div>\n\t\t\t\t\t<\/div>\n\t\t<\/section>\n\t\t\t\t<\/div>\n\t\t","protected":false},"excerpt":{"rendered":"<p>Macel Sellier Eine Tradition von Innovation und Handwerkskunst Macel Sellier wurde 1968 von Philippe Guillot de Suduiraut in Deauville, Normandie, gegr\u00fcndet und revolutionierte den Pferdesport mit seinem innovativen Konzept von [&hellip;]<\/p>\n","protected":false},"author":164,"featured_media":0,"parent":4946,"menu_order":0,"comment_status":"closed","ping_status":"closed","template":"","meta":{"footnotes":""},"class_list":["post-6191","page","type-page","status-publish","hentry"],"yoast_head":"<!-- This site is optimized with the Yoast SEO plugin v25.3 - https:\/\/yoast.com\/wordpress\/plugins\/seo\/ -->\n<title>Macel Sellier - TreeClix<\/title>\n<meta name=\"robots\" content=\"index, follow, max-snippet:-1, max-image-preview:large, max-video-preview:-1\" \/>\n<link rel=\"canonical\" href=\"https:\/\/treeclix.com\/partners\/macel-sellier\/\" \/>\n<meta property=\"og:locale\" content=\"de_DE\" \/>\n<meta property=\"og:type\" content=\"article\" \/>\n<meta property=\"og:title\" content=\"Macel Sellier - TreeClix\" \/>\n<meta property=\"og:description\" content=\"Macel Sellier Eine Tradition von Innovation und Handwerkskunst Macel Sellier wurde 1968 von Philippe Guillot de Suduiraut in Deauville, Normandie, gegr\u00fcndet und revolutionierte den Pferdesport mit seinem innovativen Konzept von [&hellip;]\" \/>\n<meta property=\"og:url\" content=\"https:\/\/treeclix.com\/partners\/macel-sellier\/\" \/>\n<meta property=\"og:site_name\" content=\"TreeClix\" \/>\n<meta property=\"article:publisher\" content=\"https:\/\/www.facebook.com\/profile.php?id=100069728130540\" \/>\n<meta property=\"article:modified_time\" content=\"2025-02-24T12:15:43+00:00\" \/>\n<meta property=\"og:image\" content=\"https:\/\/treeclix.com\/wp-content\/uploads\/2025\/02\/Macel_TreeClix_1_png.png\" \/>\n<meta name=\"twitter:card\" content=\"summary_large_image\" \/>\n<meta name=\"twitter:label1\" content=\"Gesch\u00e4tzte Lesezeit\" \/>\n\t<meta name=\"twitter:data1\" content=\"1\u00a0Minute\" \/>\n<script type=\"application\/ld+json\" class=\"yoast-schema-graph\">{\"@context\":\"https:\/\/schema.org\",\"@graph\":[{\"@type\":\"WebPage\",\"@id\":\"https:\/\/treeclix.com\/partners\/macel-sellier\/\",\"url\":\"https:\/\/treeclix.com\/partners\/macel-sellier\/\",\"name\":\"Macel Sellier - TreeClix\",\"isPartOf\":{\"@id\":\"https:\/\/treeclix.com\/#website\"},\"primaryImageOfPage\":{\"@id\":\"https:\/\/treeclix.com\/partners\/macel-sellier\/#primaryimage\"},\"image\":{\"@id\":\"https:\/\/treeclix.com\/partners\/macel-sellier\/#primaryimage\"},\"thumbnailUrl\":\"https:\/\/treeclix.com\/wp-content\/uploads\/2025\/02\/Macel_TreeClix_1_png.png\",\"datePublished\":\"2025-02-20T14:19:37+00:00\",\"dateModified\":\"2025-02-24T12:15:43+00:00\",\"breadcrumb\":{\"@id\":\"https:\/\/treeclix.com\/partners\/macel-sellier\/#breadcrumb\"},\"inLanguage\":\"de\",\"potentialAction\":[{\"@type\":\"ReadAction\",\"target\":[\"https:\/\/treeclix.com\/partners\/macel-sellier\/\"]}]},{\"@type\":\"ImageObject\",\"inLanguage\":\"de\",\"@id\":\"https:\/\/treeclix.com\/partners\/macel-sellier\/#primaryimage\",\"url\":\"https:\/\/treeclix.com\/wp-content\/uploads\/2025\/02\/Macel_TreeClix_1_png.png\",\"contentUrl\":\"https:\/\/treeclix.com\/wp-content\/uploads\/2025\/02\/Macel_TreeClix_1_png.png\"},{\"@type\":\"BreadcrumbList\",\"@id\":\"https:\/\/treeclix.com\/partners\/macel-sellier\/#breadcrumb\",\"itemListElement\":[{\"@type\":\"ListItem\",\"position\":1,\"name\":\"TreeClix\",\"item\":\"https:\/\/treeclix.com\/de\/\"},{\"@type\":\"ListItem\",\"position\":2,\"name\":\"Partner\",\"item\":\"https:\/\/treeclix.com\/partners\/\"},{\"@type\":\"ListItem\",\"position\":3,\"name\":\"Macel Sellier\"}]},{\"@type\":\"WebSite\",\"@id\":\"https:\/\/treeclix.com\/#website\",\"url\":\"https:\/\/treeclix.com\/\",\"name\":\"TreeClix\",\"description\":\"Spot on saddle fitting, every time!\",\"publisher\":{\"@id\":\"https:\/\/treeclix.com\/#organization\"},\"potentialAction\":[{\"@type\":\"SearchAction\",\"target\":{\"@type\":\"EntryPoint\",\"urlTemplate\":\"https:\/\/treeclix.com\/?s={search_term_string}\"},\"query-input\":{\"@type\":\"PropertyValueSpecification\",\"valueRequired\":true,\"valueName\":\"search_term_string\"}}],\"inLanguage\":\"de\"},{\"@type\":\"Organization\",\"@id\":\"https:\/\/treeclix.com\/#organization\",\"name\":\"TreeClix\",\"url\":\"https:\/\/treeclix.com\/\",\"logo\":{\"@type\":\"ImageObject\",\"inLanguage\":\"de\",\"@id\":\"https:\/\/treeclix.com\/#\/schema\/logo\/image\/\",\"url\":\"https:\/\/treeclix.ws04.danego.net\/wp-content\/uploads\/2020\/06\/Logo-TreeClix.png\",\"contentUrl\":\"https:\/\/treeclix.ws04.danego.net\/wp-content\/uploads\/2020\/06\/Logo-TreeClix.png\",\"width\":500,\"height\":200,\"caption\":\"TreeClix\"},\"image\":{\"@id\":\"https:\/\/treeclix.com\/#\/schema\/logo\/image\/\"},\"sameAs\":[\"https:\/\/www.facebook.com\/profile.php?id=100069728130540\"]}]}<\/script>\n<!-- \/ Yoast SEO plugin. -->","yoast_head_json":{"title":"Macel Sellier - TreeClix","robots":{"index":"index","follow":"follow","max-snippet":"max-snippet:-1","max-image-preview":"max-image-preview:large","max-video-preview":"max-video-preview:-1"},"canonical":"https:\/\/treeclix.com\/partners\/macel-sellier\/","og_locale":"de_DE","og_type":"article","og_title":"Macel Sellier - TreeClix","og_description":"Macel Sellier Eine Tradition von Innovation und Handwerkskunst Macel Sellier wurde 1968 von Philippe Guillot de Suduiraut in Deauville, Normandie, gegr\u00fcndet und revolutionierte den Pferdesport mit seinem innovativen Konzept von [&hellip;]","og_url":"https:\/\/treeclix.com\/partners\/macel-sellier\/","og_site_name":"TreeClix","article_publisher":"https:\/\/www.facebook.com\/profile.php?id=100069728130540","article_modified_time":"2025-02-24T12:15:43+00:00","og_image":[{"url":"https:\/\/treeclix.com\/wp-content\/uploads\/2025\/02\/Macel_TreeClix_1_png.png","type":"","width":"","height":""}],"twitter_card":"summary_large_image","twitter_misc":{"Gesch\u00e4tzte Lesezeit":"1\u00a0Minute"},"schema":{"@context":"https:\/\/schema.org","@graph":[{"@type":"WebPage","@id":"https:\/\/treeclix.com\/partners\/macel-sellier\/","url":"https:\/\/treeclix.com\/partners\/macel-sellier\/","name":"Macel Sellier - TreeClix","isPartOf":{"@id":"https:\/\/treeclix.com\/#website"},"primaryImageOfPage":{"@id":"https:\/\/treeclix.com\/partners\/macel-sellier\/#primaryimage"},"image":{"@id":"https:\/\/treeclix.com\/partners\/macel-sellier\/#primaryimage"},"thumbnailUrl":"https:\/\/treeclix.com\/wp-content\/uploads\/2025\/02\/Macel_TreeClix_1_png.png","datePublished":"2025-02-20T14:19:37+00:00","dateModified":"2025-02-24T12:15:43+00:00","breadcrumb":{"@id":"https:\/\/treeclix.com\/partners\/macel-sellier\/#breadcrumb"},"inLanguage":"de","potentialAction":[{"@type":"ReadAction","target":["https:\/\/treeclix.com\/partners\/macel-sellier\/"]}]},{"@type":"ImageObject","inLanguage":"de","@id":"https:\/\/treeclix.com\/partners\/macel-sellier\/#primaryimage","url":"https:\/\/treeclix.com\/wp-content\/uploads\/2025\/02\/Macel_TreeClix_1_png.png","contentUrl":"https:\/\/treeclix.com\/wp-content\/uploads\/2025\/02\/Macel_TreeClix_1_png.png"},{"@type":"BreadcrumbList","@id":"https:\/\/treeclix.com\/partners\/macel-sellier\/#breadcrumb","itemListElement":[{"@type":"ListItem","position":1,"name":"TreeClix","item":"https:\/\/treeclix.com\/de\/"},{"@type":"ListItem","position":2,"name":"Partner","item":"https:\/\/treeclix.com\/partners\/"},{"@type":"ListItem","position":3,"name":"Macel Sellier"}]},{"@type":"WebSite","@id":"https:\/\/treeclix.com\/#website","url":"https:\/\/treeclix.com\/","name":"TreeClix","description":"Spot on saddle fitting, every time!","publisher":{"@id":"https:\/\/treeclix.com\/#organization"},"potentialAction":[{"@type":"SearchAction","target":{"@type":"EntryPoint","urlTemplate":"https:\/\/treeclix.com\/?s={search_term_string}"},"query-input":{"@type":"PropertyValueSpecification","valueRequired":true,"valueName":"search_term_string"}}],"inLanguage":"de"},{"@type":"Organization","@id":"https:\/\/treeclix.com\/#organization","name":"TreeClix","url":"https:\/\/treeclix.com\/","logo":{"@type":"ImageObject","inLanguage":"de","@id":"https:\/\/treeclix.com\/#\/schema\/logo\/image\/","url":"https:\/\/treeclix.ws04.danego.net\/wp-content\/uploads\/2020\/06\/Logo-TreeClix.png","contentUrl":"https:\/\/treeclix.ws04.danego.net\/wp-content\/uploads\/2020\/06\/Logo-TreeClix.png","width":500,"height":200,"caption":"TreeClix"},"image":{"@id":"https:\/\/treeclix.com\/#\/schema\/logo\/image\/"},"sameAs":["https:\/\/www.facebook.com\/profile.php?id=100069728130540"]}]}},"_links":{"self":[{"href":"https:\/\/treeclix.com\/de\/wp-json\/wp\/v2\/pages\/6191","targetHints":{"allow":["GET"]}}],"collection":[{"href":"https:\/\/treeclix.com\/de\/wp-json\/wp\/v2\/pages"}],"about":[{"href":"https:\/\/treeclix.com\/de\/wp-json\/wp\/v2\/types\/page"}],"author":[{"embeddable":true,"href":"https:\/\/treeclix.com\/de\/wp-json\/wp\/v2\/users\/164"}],"replies":[{"embeddable":true,"href":"https:\/\/treeclix.com\/de\/wp-json\/wp\/v2\/comments?post=6191"}],"version-history":[{"count":1,"href":"https:\/\/treeclix.com\/de\/wp-json\/wp\/v2\/pages\/6191\/revisions"}],"predecessor-version":[{"id":6192,"href":"https:\/\/treeclix.com\/de\/wp-json\/wp\/v2\/pages\/6191\/revisions\/6192"}],"up":[{"embeddable":true,"href":"https:\/\/treeclix.com\/de\/wp-json\/wp\/v2\/pages\/4946"}],"wp:attachment":[{"href":"https:\/\/treeclix.com\/de\/wp-json\/wp\/v2\/media?parent=6191"}],"curies":[{"name":"wp","href":"https:\/\/api.w.org\/{rel}","templated":true}]}}