{"id":6189,"date":"2025-02-20T14:29:53","date_gmt":"2025-02-20T13:29:53","guid":{"rendered":"https:\/\/treeclix.com\/partner\/bliss-of-london\/"},"modified":"2025-02-24T13:15:14","modified_gmt":"2025-02-24T12:15:14","slug":"bliss-of-london","status":"publish","type":"page","link":"https:\/\/treeclix.com\/de\/partner\/bliss-of-london\/","title":{"rendered":"Bliss of London"},"content":{"rendered":"\t\t<div data-elementor-type=\"wp-page\" data-elementor-id=\"6189\" class=\"elementor elementor-6189 elementor-5917\" data-elementor-post-type=\"page\">\n\t\t\t\t\t\t<section class=\"elementor-section elementor-top-section elementor-element elementor-element-5cbec6a elementor-section-height-min-height elementor-section-boxed elementor-section-height-default elementor-section-items-middle\" data-id=\"5cbec6a\" data-element_type=\"section\" data-settings=\"{&quot;background_background&quot;:&quot;classic&quot;}\">\n\t\t\t\t\t\t\t<div class=\"elementor-background-overlay\"><\/div>\n\t\t\t\t\t\t\t<div class=\"elementor-container elementor-column-gap-default\">\n\t\t\t\t\t<div class=\"elementor-column elementor-col-100 elementor-top-column elementor-element elementor-element-f31ceae\" data-id=\"f31ceae\" data-element_type=\"column\">\n\t\t\t<div class=\"elementor-widget-wrap elementor-element-populated\">\n\t\t\t\t\t\t<div class=\"elementor-element elementor-element-5c7b7be elementor-widget elementor-widget-heading\" data-id=\"5c7b7be\" data-element_type=\"widget\" data-widget_type=\"heading.default\">\n\t\t\t\t<div class=\"elementor-widget-container\">\n\t\t\t\t\t<h1 class=\"elementor-heading-title elementor-size-default\">Bliss of London <\/h1>\t\t\t\t<\/div>\n\t\t\t\t<\/div>\n\t\t\t\t\t<\/div>\n\t\t<\/div>\n\t\t\t\t\t<\/div>\n\t\t<\/section>\n\t\t\t\t<section class=\"elementor-section elementor-top-section elementor-element elementor-element-28107fb elementor-section-boxed elementor-section-height-default elementor-section-height-default\" data-id=\"28107fb\" data-element_type=\"section\">\n\t\t\t\t\t\t<div class=\"elementor-container elementor-column-gap-default\">\n\t\t\t\t\t<div class=\"elementor-column elementor-col-50 elementor-top-column elementor-element elementor-element-3828517\" data-id=\"3828517\" data-element_type=\"column\">\n\t\t\t<div class=\"elementor-widget-wrap elementor-element-populated\">\n\t\t\t\t\t\t<div class=\"elementor-element elementor-element-7c718ad elementor-widget elementor-widget-heading\" data-id=\"7c718ad\" data-element_type=\"widget\" data-widget_type=\"heading.default\">\n\t\t\t\t<div class=\"elementor-widget-container\">\n\t\t\t\t\t<h2 class=\"elementor-heading-title elementor-size-default\">Au\u00dfergew\u00f6hnliche Handwerkskunst in ma\u00dfgeschneiderten S\u00e4tteln<\/h2>\t\t\t\t<\/div>\n\t\t\t\t<\/div>\n\t\t\t\t<div class=\"elementor-element elementor-element-271b02c elementor-widget elementor-widget-text-editor\" data-id=\"271b02c\" data-element_type=\"widget\" data-widget_type=\"text-editor.default\">\n\t\t\t\t<div class=\"elementor-widget-container\">\n\t\t\t\t\t\t\t\t\t<p>Bliss of London ist ein britischer Hersteller von hochwertigen, ma\u00dfgeschneiderten englischen Spring-, Vielseitigkeits-, Dressur- und Allround-S\u00e4tteln, die sowohl in der Bliss of London- als auch in der Loxley by Bliss-Kollektion angeboten werden.<\/p>\n\t\t\t\t\t\t\t\t<\/div>\n\t\t\t\t<\/div>\n\t\t\t\t\t<\/div>\n\t\t<\/div>\n\t\t\t\t<div class=\"elementor-column elementor-col-50 elementor-top-column elementor-element elementor-element-5917fa0\" data-id=\"5917fa0\" data-element_type=\"column\">\n\t\t\t<div class=\"elementor-widget-wrap\">\n\t\t\t\t\t\t\t<\/div>\n\t\t<\/div>\n\t\t\t\t\t<\/div>\n\t\t<\/section>\n\t\t\t\t<section class=\"elementor-section elementor-top-section elementor-element elementor-element-1ac48a8 elementor-section-boxed elementor-section-height-default elementor-section-height-default\" data-id=\"1ac48a8\" data-element_type=\"section\" data-settings=\"{&quot;background_background&quot;:&quot;classic&quot;}\">\n\t\t\t\t\t\t<div class=\"elementor-container elementor-column-gap-default\">\n\t\t\t\t\t<div class=\"elementor-column elementor-col-50 elementor-top-column elementor-element elementor-element-e3570ff\" data-id=\"e3570ff\" data-element_type=\"column\" data-settings=\"{&quot;background_background&quot;:&quot;classic&quot;}\">\n\t\t\t<div class=\"elementor-widget-wrap elementor-element-populated\">\n\t\t\t\t\t\t<div class=\"elementor-element elementor-element-7c6f6d0 elementor-widget elementor-widget-image\" data-id=\"7c6f6d0\" data-element_type=\"widget\" data-widget_type=\"image.default\">\n\t\t\t\t<div class=\"elementor-widget-container\">\n\t\t\t\t\t\t\t\t\t\t\t\t\t\t\t<img fetchpriority=\"high\" decoding=\"async\" width=\"568\" height=\"609\" src=\"https:\/\/treeclix.com\/wp-content\/uploads\/2025\/02\/Bliss-of-London-TreeClix.png\" class=\"attachment-large size-large wp-image-5957\" alt=\"\" srcset=\"https:\/\/treeclix.com\/wp-content\/uploads\/2025\/02\/Bliss-of-London-TreeClix.png 568w, https:\/\/treeclix.com\/wp-content\/uploads\/2025\/02\/Bliss-of-London-TreeClix-280x300.png 280w\" sizes=\"(max-width: 568px) 100vw, 568px\" \/>\t\t\t\t\t\t\t\t\t\t\t\t\t\t\t<\/div>\n\t\t\t\t<\/div>\n\t\t\t\t\t<\/div>\n\t\t<\/div>\n\t\t\t\t<div class=\"elementor-column elementor-col-50 elementor-top-column elementor-element elementor-element-b9186a4\" data-id=\"b9186a4\" data-element_type=\"column\">\n\t\t\t<div class=\"elementor-widget-wrap elementor-element-populated\">\n\t\t\t\t\t\t<div class=\"elementor-element elementor-element-1cb3cfb elementor-widget elementor-widget-heading\" data-id=\"1cb3cfb\" data-element_type=\"widget\" data-widget_type=\"heading.default\">\n\t\t\t\t<div class=\"elementor-widget-container\">\n\t\t\t\t\t<h3 class=\"elementor-heading-title elementor-size-default\">Ein ma\u00dfgeschneiderter Ansatz f\u00fcr die Sattelanpassung<\/h3>\t\t\t\t<\/div>\n\t\t\t\t<\/div>\n\t\t\t\t<div class=\"elementor-element elementor-element-c18da8c elementor-widget elementor-widget-text-editor\" data-id=\"c18da8c\" data-element_type=\"widget\" data-widget_type=\"text-editor.default\">\n\t\t\t\t<div class=\"elementor-widget-container\">\n\t\t\t\t\t\t\t\t\t<div class=\"flex max-w-full flex-col flex-grow\">\n<div class=\"min-h-8 text-message flex w-full flex-col items-end gap-2 whitespace-normal break-words text-start [.text-message+&amp;]:mt-5\" dir=\"auto\" data-message-author-role=\"assistant\" data-message-id=\"a56cf4cc-b629-46c8-b6bd-bc628b7b7ce1\" data-message-model-slug=\"gpt-4o-mini\">\n<div class=\"flex w-full flex-col gap-1 empty:hidden first:pt-[3px]\">\n<div class=\"markdown prose w-full break-words dark:prose-invert light\">\n<p data-start=\"0\" data-end=\"214\" data-is-last-node=\"\" data-is-only-node=\"\">Mit umfangreichem Wissen und Erfahrung arbeitet das Unternehmen eng mit einem engagierten Netzwerk von Sattelanpassern zusammen und betont die Vorteile einer richtigen Sattelanpassung zur Verbesserung der Leistung.<\/p>\n<\/div>\n<\/div>\n<\/div>\n<\/div>\n\t\t\t\t\t\t\t\t<\/div>\n\t\t\t\t<\/div>\n\t\t\t\t<div class=\"elementor-element elementor-element-ededbc6 elementor-align-left elementor-widget elementor-widget-button\" data-id=\"ededbc6\" data-element_type=\"widget\" data-widget_type=\"button.default\">\n\t\t\t\t<div class=\"elementor-widget-container\">\n\t\t\t\t\t\t\t\t\t<div class=\"elementor-button-wrapper\">\n\t\t\t\t\t<a class=\"elementor-button elementor-button-link elementor-size-sm\" href=\"https:\/\/www.bliss-of-london.com\/\">\n\t\t\t\t\t\t<span class=\"elementor-button-content-wrapper\">\n\t\t\t\t\t\t<span class=\"elementor-button-icon\">\n\t\t\t\t<i aria-hidden=\"true\" class=\"fas fa-external-link-alt\"><\/i>\t\t\t<\/span>\n\t\t\t\t\t\t\t\t\t<span class=\"elementor-button-text\">Website ansehen<\/span>\n\t\t\t\t\t<\/span>\n\t\t\t\t\t<\/a>\n\t\t\t\t<\/div>\n\t\t\t\t\t\t\t\t<\/div>\n\t\t\t\t<\/div>\n\t\t\t\t\t<\/div>\n\t\t<\/div>\n\t\t\t\t\t<\/div>\n\t\t<\/section>\n\t\t\t\t<\/div>\n\t\t","protected":false},"excerpt":{"rendered":"<p>Bliss of London Au\u00dfergew\u00f6hnliche Handwerkskunst in ma\u00dfgeschneiderten S\u00e4tteln Bliss of London ist ein britischer Hersteller von hochwertigen, ma\u00dfgeschneiderten englischen Spring-, Vielseitigkeits-, Dressur- und Allround-S\u00e4tteln, die sowohl in der Bliss of [&hellip;]<\/p>\n","protected":false},"author":164,"featured_media":5924,"parent":4946,"menu_order":0,"comment_status":"closed","ping_status":"closed","template":"","meta":{"footnotes":""},"class_list":["post-6189","page","type-page","status-publish","has-post-thumbnail","hentry"],"yoast_head":"<!-- This site is optimized with the Yoast SEO plugin v25.3 - https:\/\/yoast.com\/wordpress\/plugins\/seo\/ -->\n<title>Bliss of London - TreeClix<\/title>\n<meta name=\"robots\" content=\"index, follow, max-snippet:-1, max-image-preview:large, max-video-preview:-1\" \/>\n<link rel=\"canonical\" href=\"https:\/\/treeclix.com\/partners\/bliss-of-london\/\" \/>\n<meta property=\"og:locale\" content=\"de_DE\" \/>\n<meta property=\"og:type\" content=\"article\" \/>\n<meta property=\"og:title\" content=\"Bliss of London - TreeClix\" \/>\n<meta property=\"og:description\" content=\"Bliss of London Au\u00dfergew\u00f6hnliche Handwerkskunst in ma\u00dfgeschneiderten S\u00e4tteln Bliss of London ist ein britischer Hersteller von hochwertigen, ma\u00dfgeschneiderten englischen Spring-, Vielseitigkeits-, Dressur- und Allround-S\u00e4tteln, die sowohl in der Bliss of [&hellip;]\" \/>\n<meta property=\"og:url\" content=\"https:\/\/treeclix.com\/partners\/bliss-of-london\/\" \/>\n<meta property=\"og:site_name\" content=\"TreeClix\" \/>\n<meta property=\"article:publisher\" content=\"https:\/\/www.facebook.com\/profile.php?id=100069728130540\" \/>\n<meta property=\"article:modified_time\" content=\"2025-02-24T12:15:14+00:00\" \/>\n<meta property=\"og:image\" content=\"https:\/\/treeclix.com\/wp-content\/uploads\/2025\/02\/2019-website-Paramour-dressage-with-rider-1-e1556716751171.webp\" \/>\n\t<meta property=\"og:image:width\" content=\"1920\" \/>\n\t<meta property=\"og:image:height\" content=\"974\" \/>\n\t<meta property=\"og:image:type\" content=\"image\/webp\" \/>\n<meta name=\"twitter:card\" content=\"summary_large_image\" \/>\n<script type=\"application\/ld+json\" class=\"yoast-schema-graph\">{\"@context\":\"https:\/\/schema.org\",\"@graph\":[{\"@type\":\"WebPage\",\"@id\":\"https:\/\/treeclix.com\/partners\/bliss-of-london\/\",\"url\":\"https:\/\/treeclix.com\/partners\/bliss-of-london\/\",\"name\":\"Bliss of London - TreeClix\",\"isPartOf\":{\"@id\":\"https:\/\/treeclix.com\/#website\"},\"primaryImageOfPage\":{\"@id\":\"https:\/\/treeclix.com\/partners\/bliss-of-london\/#primaryimage\"},\"image\":{\"@id\":\"https:\/\/treeclix.com\/partners\/bliss-of-london\/#primaryimage\"},\"thumbnailUrl\":\"https:\/\/treeclix.com\/wp-content\/uploads\/2025\/02\/2019-website-Paramour-dressage-with-rider-1-e1556716751171.webp\",\"datePublished\":\"2025-02-20T13:29:53+00:00\",\"dateModified\":\"2025-02-24T12:15:14+00:00\",\"breadcrumb\":{\"@id\":\"https:\/\/treeclix.com\/partners\/bliss-of-london\/#breadcrumb\"},\"inLanguage\":\"de\",\"potentialAction\":[{\"@type\":\"ReadAction\",\"target\":[\"https:\/\/treeclix.com\/partners\/bliss-of-london\/\"]}]},{\"@type\":\"ImageObject\",\"inLanguage\":\"de\",\"@id\":\"https:\/\/treeclix.com\/partners\/bliss-of-london\/#primaryimage\",\"url\":\"https:\/\/treeclix.com\/wp-content\/uploads\/2025\/02\/2019-website-Paramour-dressage-with-rider-1-e1556716751171.webp\",\"contentUrl\":\"https:\/\/treeclix.com\/wp-content\/uploads\/2025\/02\/2019-website-Paramour-dressage-with-rider-1-e1556716751171.webp\",\"width\":1920,\"height\":974},{\"@type\":\"BreadcrumbList\",\"@id\":\"https:\/\/treeclix.com\/partners\/bliss-of-london\/#breadcrumb\",\"itemListElement\":[{\"@type\":\"ListItem\",\"position\":1,\"name\":\"TreeClix\",\"item\":\"https:\/\/treeclix.com\/de\/\"},{\"@type\":\"ListItem\",\"position\":2,\"name\":\"Partner\",\"item\":\"https:\/\/treeclix.com\/partners\/\"},{\"@type\":\"ListItem\",\"position\":3,\"name\":\"Bliss of London\"}]},{\"@type\":\"WebSite\",\"@id\":\"https:\/\/treeclix.com\/#website\",\"url\":\"https:\/\/treeclix.com\/\",\"name\":\"TreeClix\",\"description\":\"Spot on saddle fitting, every time!\",\"publisher\":{\"@id\":\"https:\/\/treeclix.com\/#organization\"},\"potentialAction\":[{\"@type\":\"SearchAction\",\"target\":{\"@type\":\"EntryPoint\",\"urlTemplate\":\"https:\/\/treeclix.com\/?s={search_term_string}\"},\"query-input\":{\"@type\":\"PropertyValueSpecification\",\"valueRequired\":true,\"valueName\":\"search_term_string\"}}],\"inLanguage\":\"de\"},{\"@type\":\"Organization\",\"@id\":\"https:\/\/treeclix.com\/#organization\",\"name\":\"TreeClix\",\"url\":\"https:\/\/treeclix.com\/\",\"logo\":{\"@type\":\"ImageObject\",\"inLanguage\":\"de\",\"@id\":\"https:\/\/treeclix.com\/#\/schema\/logo\/image\/\",\"url\":\"https:\/\/treeclix.ws04.danego.net\/wp-content\/uploads\/2020\/06\/Logo-TreeClix.png\",\"contentUrl\":\"https:\/\/treeclix.ws04.danego.net\/wp-content\/uploads\/2020\/06\/Logo-TreeClix.png\",\"width\":500,\"height\":200,\"caption\":\"TreeClix\"},\"image\":{\"@id\":\"https:\/\/treeclix.com\/#\/schema\/logo\/image\/\"},\"sameAs\":[\"https:\/\/www.facebook.com\/profile.php?id=100069728130540\"]}]}<\/script>\n<!-- \/ Yoast SEO plugin. -->","yoast_head_json":{"title":"Bliss of London - TreeClix","robots":{"index":"index","follow":"follow","max-snippet":"max-snippet:-1","max-image-preview":"max-image-preview:large","max-video-preview":"max-video-preview:-1"},"canonical":"https:\/\/treeclix.com\/partners\/bliss-of-london\/","og_locale":"de_DE","og_type":"article","og_title":"Bliss of London - TreeClix","og_description":"Bliss of London Au\u00dfergew\u00f6hnliche Handwerkskunst in ma\u00dfgeschneiderten S\u00e4tteln Bliss of London ist ein britischer Hersteller von hochwertigen, ma\u00dfgeschneiderten englischen Spring-, Vielseitigkeits-, Dressur- und Allround-S\u00e4tteln, die sowohl in der Bliss of [&hellip;]","og_url":"https:\/\/treeclix.com\/partners\/bliss-of-london\/","og_site_name":"TreeClix","article_publisher":"https:\/\/www.facebook.com\/profile.php?id=100069728130540","article_modified_time":"2025-02-24T12:15:14+00:00","og_image":[{"width":1920,"height":974,"url":"https:\/\/treeclix.com\/wp-content\/uploads\/2025\/02\/2019-website-Paramour-dressage-with-rider-1-e1556716751171.webp","type":"image\/webp"}],"twitter_card":"summary_large_image","schema":{"@context":"https:\/\/schema.org","@graph":[{"@type":"WebPage","@id":"https:\/\/treeclix.com\/partners\/bliss-of-london\/","url":"https:\/\/treeclix.com\/partners\/bliss-of-london\/","name":"Bliss of London - TreeClix","isPartOf":{"@id":"https:\/\/treeclix.com\/#website"},"primaryImageOfPage":{"@id":"https:\/\/treeclix.com\/partners\/bliss-of-london\/#primaryimage"},"image":{"@id":"https:\/\/treeclix.com\/partners\/bliss-of-london\/#primaryimage"},"thumbnailUrl":"https:\/\/treeclix.com\/wp-content\/uploads\/2025\/02\/2019-website-Paramour-dressage-with-rider-1-e1556716751171.webp","datePublished":"2025-02-20T13:29:53+00:00","dateModified":"2025-02-24T12:15:14+00:00","breadcrumb":{"@id":"https:\/\/treeclix.com\/partners\/bliss-of-london\/#breadcrumb"},"inLanguage":"de","potentialAction":[{"@type":"ReadAction","target":["https:\/\/treeclix.com\/partners\/bliss-of-london\/"]}]},{"@type":"ImageObject","inLanguage":"de","@id":"https:\/\/treeclix.com\/partners\/bliss-of-london\/#primaryimage","url":"https:\/\/treeclix.com\/wp-content\/uploads\/2025\/02\/2019-website-Paramour-dressage-with-rider-1-e1556716751171.webp","contentUrl":"https:\/\/treeclix.com\/wp-content\/uploads\/2025\/02\/2019-website-Paramour-dressage-with-rider-1-e1556716751171.webp","width":1920,"height":974},{"@type":"BreadcrumbList","@id":"https:\/\/treeclix.com\/partners\/bliss-of-london\/#breadcrumb","itemListElement":[{"@type":"ListItem","position":1,"name":"TreeClix","item":"https:\/\/treeclix.com\/de\/"},{"@type":"ListItem","position":2,"name":"Partner","item":"https:\/\/treeclix.com\/partners\/"},{"@type":"ListItem","position":3,"name":"Bliss of London"}]},{"@type":"WebSite","@id":"https:\/\/treeclix.com\/#website","url":"https:\/\/treeclix.com\/","name":"TreeClix","description":"Spot on saddle fitting, every time!","publisher":{"@id":"https:\/\/treeclix.com\/#organization"},"potentialAction":[{"@type":"SearchAction","target":{"@type":"EntryPoint","urlTemplate":"https:\/\/treeclix.com\/?s={search_term_string}"},"query-input":{"@type":"PropertyValueSpecification","valueRequired":true,"valueName":"search_term_string"}}],"inLanguage":"de"},{"@type":"Organization","@id":"https:\/\/treeclix.com\/#organization","name":"TreeClix","url":"https:\/\/treeclix.com\/","logo":{"@type":"ImageObject","inLanguage":"de","@id":"https:\/\/treeclix.com\/#\/schema\/logo\/image\/","url":"https:\/\/treeclix.ws04.danego.net\/wp-content\/uploads\/2020\/06\/Logo-TreeClix.png","contentUrl":"https:\/\/treeclix.ws04.danego.net\/wp-content\/uploads\/2020\/06\/Logo-TreeClix.png","width":500,"height":200,"caption":"TreeClix"},"image":{"@id":"https:\/\/treeclix.com\/#\/schema\/logo\/image\/"},"sameAs":["https:\/\/www.facebook.com\/profile.php?id=100069728130540"]}]}},"_links":{"self":[{"href":"https:\/\/treeclix.com\/de\/wp-json\/wp\/v2\/pages\/6189","targetHints":{"allow":["GET"]}}],"collection":[{"href":"https:\/\/treeclix.com\/de\/wp-json\/wp\/v2\/pages"}],"about":[{"href":"https:\/\/treeclix.com\/de\/wp-json\/wp\/v2\/types\/page"}],"author":[{"embeddable":true,"href":"https:\/\/treeclix.com\/de\/wp-json\/wp\/v2\/users\/164"}],"replies":[{"embeddable":true,"href":"https:\/\/treeclix.com\/de\/wp-json\/wp\/v2\/comments?post=6189"}],"version-history":[{"count":1,"href":"https:\/\/treeclix.com\/de\/wp-json\/wp\/v2\/pages\/6189\/revisions"}],"predecessor-version":[{"id":6190,"href":"https:\/\/treeclix.com\/de\/wp-json\/wp\/v2\/pages\/6189\/revisions\/6190"}],"up":[{"embeddable":true,"href":"https:\/\/treeclix.com\/de\/wp-json\/wp\/v2\/pages\/4946"}],"wp:featuredmedia":[{"embeddable":true,"href":"https:\/\/treeclix.com\/de\/wp-json\/wp\/v2\/media\/5924"}],"wp:attachment":[{"href":"https:\/\/treeclix.com\/de\/wp-json\/wp\/v2\/media?parent=6189"}],"curies":[{"name":"wp","href":"https:\/\/api.w.org\/{rel}","templated":true}]}}