{"id":6158,"date":"2025-02-20T15:28:11","date_gmt":"2025-02-20T14:28:11","guid":{"rendered":"https:\/\/treeclix.com\/partner\/sankey-saddles\/"},"modified":"2025-02-24T09:54:07","modified_gmt":"2025-02-24T08:54:07","slug":"sankey-saddles","status":"publish","type":"page","link":"https:\/\/treeclix.com\/de\/partner\/sankey-saddles\/","title":{"rendered":"Sankey Saddles"},"content":{"rendered":"\t\t<div data-elementor-type=\"wp-page\" data-elementor-id=\"6158\" class=\"elementor elementor-6158 elementor-6004\" data-elementor-post-type=\"page\">\n\t\t\t\t\t\t<section class=\"elementor-section elementor-top-section elementor-element elementor-element-9a8b8ac elementor-section-height-min-height elementor-section-boxed elementor-section-height-default elementor-section-items-middle\" data-id=\"9a8b8ac\" data-element_type=\"section\" data-settings=\"{&quot;background_background&quot;:&quot;classic&quot;}\">\n\t\t\t\t\t\t\t<div class=\"elementor-background-overlay\"><\/div>\n\t\t\t\t\t\t\t<div class=\"elementor-container elementor-column-gap-default\">\n\t\t\t\t\t<div class=\"elementor-column elementor-col-100 elementor-top-column elementor-element elementor-element-abbe109\" data-id=\"abbe109\" data-element_type=\"column\">\n\t\t\t<div class=\"elementor-widget-wrap elementor-element-populated\">\n\t\t\t\t\t\t<div class=\"elementor-element elementor-element-5b794ed elementor-widget elementor-widget-heading\" data-id=\"5b794ed\" data-element_type=\"widget\" data-widget_type=\"heading.default\">\n\t\t\t\t<div class=\"elementor-widget-container\">\n\t\t\t\t\t<h1 class=\"elementor-heading-title elementor-size-default\">Sankey Saddles <\/h1>\t\t\t\t<\/div>\n\t\t\t\t<\/div>\n\t\t\t\t\t<\/div>\n\t\t<\/div>\n\t\t\t\t\t<\/div>\n\t\t<\/section>\n\t\t\t\t<section class=\"elementor-section elementor-top-section elementor-element elementor-element-1f05d6d elementor-section-boxed elementor-section-height-default elementor-section-height-default\" data-id=\"1f05d6d\" data-element_type=\"section\">\n\t\t\t\t\t\t<div class=\"elementor-container elementor-column-gap-default\">\n\t\t\t\t\t<div class=\"elementor-column elementor-col-50 elementor-top-column elementor-element elementor-element-929afd4\" data-id=\"929afd4\" data-element_type=\"column\">\n\t\t\t<div class=\"elementor-widget-wrap elementor-element-populated\">\n\t\t\t\t\t\t<div class=\"elementor-element elementor-element-2921bd4 elementor-widget elementor-widget-heading\" data-id=\"2921bd4\" data-element_type=\"widget\" data-widget_type=\"heading.default\">\n\t\t\t\t<div class=\"elementor-widget-container\">\n\t\t\t\t\t<h2 class=\"elementor-heading-title elementor-size-default\">Handwerkskunst in Exzellenz seit 2000<\/h2>\t\t\t\t<\/div>\n\t\t\t\t<\/div>\n\t\t\t\t<div class=\"elementor-element elementor-element-fe24da8 elementor-widget elementor-widget-text-editor\" data-id=\"fe24da8\" data-element_type=\"widget\" data-widget_type=\"text-editor.default\">\n\t\t\t\t<div class=\"elementor-widget-container\">\n\t\t\t\t\t\t\t\t\t<div class=\"flex max-w-full flex-col flex-grow\"><\/p>\n<div class=\"min-h-8 text-message flex w-full flex-col items-end gap-2 whitespace-normal break-words text-start [.text-message+&amp;]:mt-5\" dir=\"auto\" data-message-author-role=\"assistant\" data-message-id=\"39066657-7367-4823-be10-38edd70c792e\" data-message-model-slug=\"gpt-4o-mini\"><\/p>\n<div class=\"flex w-full flex-col gap-1 empty:hidden first:pt-[3px]\"><\/p>\n<div class=\"markdown prose w-full break-words dark:prose-invert light\"><\/p>\n<p data-start=\"0\" data-end=\"477\" data-is-last-node=\"\" data-is-only-node=\"\">Gegr\u00fcndet im Jahr 2000 von Andrew Sankey, hat sich Sankey Saddles einen weltweiten Ruf f\u00fcr die Herstellung ma\u00dfgeschneiderter, hochwertiger S\u00e4ttel erarbeitet. Nach seiner Lehre in Walsall, England \u2013 dem Zentrum der Sattlerei- und Lederindustrie \u2013 zog Andrew im Alter von 27 Jahren nach Schottland, wo er seine eigene Werkstatt gr\u00fcndete. Von diesem Standort aus hat Sankey Saddles seine Reichweite weltweit ausgebaut und legt dabei stets mehr Wert auf Qualit\u00e4t als auf Quantit\u00e4t.<\/p>\n<\/div>\n<p><\/div>\n<p><\/div>\n<p><\/div>\n\t\t\t\t\t\t\t\t<\/div>\n\t\t\t\t<\/div>\n\t\t\t\t\t<\/div>\n\t\t<\/div>\n\t\t\t\t<div class=\"elementor-column elementor-col-50 elementor-top-column elementor-element elementor-element-1ea3df9\" data-id=\"1ea3df9\" data-element_type=\"column\">\n\t\t\t<div class=\"elementor-widget-wrap\">\n\t\t\t\t\t\t\t<\/div>\n\t\t<\/div>\n\t\t\t\t\t<\/div>\n\t\t<\/section>\n\t\t\t\t<section class=\"elementor-section elementor-top-section elementor-element elementor-element-014a40f elementor-section-boxed elementor-section-height-default elementor-section-height-default\" data-id=\"014a40f\" data-element_type=\"section\" data-settings=\"{&quot;background_background&quot;:&quot;classic&quot;}\">\n\t\t\t\t\t\t<div class=\"elementor-container elementor-column-gap-default\">\n\t\t\t\t\t<div class=\"elementor-column elementor-col-50 elementor-top-column elementor-element elementor-element-f5cb7f2\" data-id=\"f5cb7f2\" data-element_type=\"column\" data-settings=\"{&quot;background_background&quot;:&quot;classic&quot;}\">\n\t\t\t<div class=\"elementor-widget-wrap elementor-element-populated\">\n\t\t\t\t\t\t<div class=\"elementor-element elementor-element-1a9e2fd elementor-widget elementor-widget-image\" data-id=\"1a9e2fd\" data-element_type=\"widget\" data-widget_type=\"image.default\">\n\t\t\t\t<div class=\"elementor-widget-container\">\n\t\t\t\t\t\t\t\t\t\t\t\t\t\t\t<img fetchpriority=\"high\" decoding=\"async\" width=\"761\" height=\"1024\" src=\"https:\/\/treeclix.com\/wp-content\/uploads\/2025\/02\/Sankey_TreeClix-2-761x1024.png\" class=\"attachment-large size-large wp-image-6015\" alt=\"\" srcset=\"https:\/\/treeclix.com\/wp-content\/uploads\/2025\/02\/Sankey_TreeClix-2-761x1024.png 761w, https:\/\/treeclix.com\/wp-content\/uploads\/2025\/02\/Sankey_TreeClix-2-223x300.png 223w, https:\/\/treeclix.com\/wp-content\/uploads\/2025\/02\/Sankey_TreeClix-2-768x1033.png 768w, https:\/\/treeclix.com\/wp-content\/uploads\/2025\/02\/Sankey_TreeClix-2.png 802w\" sizes=\"(max-width: 761px) 100vw, 761px\" \/>\t\t\t\t\t\t\t\t\t\t\t\t\t\t\t<\/div>\n\t\t\t\t<\/div>\n\t\t\t\t\t<\/div>\n\t\t<\/div>\n\t\t\t\t<div class=\"elementor-column elementor-col-50 elementor-top-column elementor-element elementor-element-9dca1ce\" data-id=\"9dca1ce\" data-element_type=\"column\">\n\t\t\t<div class=\"elementor-widget-wrap elementor-element-populated\">\n\t\t\t\t\t\t<div class=\"elementor-element elementor-element-7da60ff elementor-widget elementor-widget-heading\" data-id=\"7da60ff\" data-element_type=\"widget\" data-widget_type=\"heading.default\">\n\t\t\t\t<div class=\"elementor-widget-container\">\n\t\t\t\t\t<h3 class=\"elementor-heading-title elementor-size-default\">Traditionelle Handwerkskunst trifft auf ma\u00dfgeschneidertes Design<\/h3>\t\t\t\t<\/div>\n\t\t\t\t<\/div>\n\t\t\t\t<div class=\"elementor-element elementor-element-cf22685 elementor-widget elementor-widget-text-editor\" data-id=\"cf22685\" data-element_type=\"widget\" data-widget_type=\"text-editor.default\">\n\t\t\t\t<div class=\"elementor-widget-container\">\n\t\t\t\t\t\t\t\t\t<div class=\"flex max-w-full flex-col flex-grow\"><\/p>\n<div class=\"min-h-8 text-message flex w-full flex-col items-end gap-2 whitespace-normal break-words text-start [.text-message+&amp;]:mt-5\" dir=\"auto\" data-message-author-role=\"assistant\" data-message-id=\"39066657-7367-4823-be10-38edd70c792e\" data-message-model-slug=\"gpt-4o-mini\"><\/p>\n<div class=\"flex w-full flex-col gap-1 empty:hidden first:pt-[3px]\"><\/p>\n<div class=\"markdown prose w-full break-words dark:prose-invert light\"><\/p>\n<p data-start=\"0\" data-end=\"477\" data-is-last-node=\"\" data-is-only-node=\"\">Gegr\u00fcndet im Jahr 2000 von Andrew Sankey, hat sich Sankey Saddles einen weltweiten Ruf f\u00fcr die Herstellung ma\u00dfgeschneiderter, hochwertiger S\u00e4ttel erarbeitet. Nach seiner Lehre in Walsall, England \u2013 dem Zentrum der Sattlerei- und Lederindustrie \u2013 zog Andrew im Alter von 27 Jahren nach Schottland, wo er seine eigene Werkstatt gr\u00fcndete. Von diesem Standort aus hat Sankey Saddles seine Reichweite weltweit ausgebaut und legt dabei stets mehr Wert auf Qualit\u00e4t als auf Quantit\u00e4t.<\/p>\n<\/div>\n<p><\/div>\n<p><\/div>\n<p><\/div>\n\t\t\t\t\t\t\t\t<\/div>\n\t\t\t\t<\/div>\n\t\t\t\t<div class=\"elementor-element elementor-element-1c81b15 elementor-align-left elementor-widget elementor-widget-button\" data-id=\"1c81b15\" data-element_type=\"widget\" data-widget_type=\"button.default\">\n\t\t\t\t<div class=\"elementor-widget-container\">\n\t\t\t\t\t\t\t\t\t<div class=\"elementor-button-wrapper\">\n\t\t\t\t\t<a class=\"elementor-button elementor-button-link elementor-size-sm\" href=\"https:\/\/sankeysaddles.com\/\">\n\t\t\t\t\t\t<span class=\"elementor-button-content-wrapper\">\n\t\t\t\t\t\t<span class=\"elementor-button-icon\">\n\t\t\t\t<i aria-hidden=\"true\" class=\"fas fa-external-link-alt\"><\/i>\t\t\t<\/span>\n\t\t\t\t\t\t\t\t\t<span class=\"elementor-button-text\">Website ansehen<\/span>\n\t\t\t\t\t<\/span>\n\t\t\t\t\t<\/a>\n\t\t\t\t<\/div>\n\t\t\t\t\t\t\t\t<\/div>\n\t\t\t\t<\/div>\n\t\t\t\t\t<\/div>\n\t\t<\/div>\n\t\t\t\t\t<\/div>\n\t\t<\/section>\n\t\t\t\t<\/div>\n\t\t","protected":false},"excerpt":{"rendered":"<p>Sankey Saddles Handwerkskunst in Exzellenz seit 2000 Gegr\u00fcndet im Jahr 2000 von Andrew Sankey, hat sich Sankey Saddles einen weltweiten Ruf f\u00fcr die Herstellung ma\u00dfgeschneiderter, hochwertiger S\u00e4ttel erarbeitet. Nach seiner [&hellip;]<\/p>\n","protected":false},"author":164,"featured_media":0,"parent":4946,"menu_order":0,"comment_status":"closed","ping_status":"closed","template":"","meta":{"footnotes":""},"class_list":["post-6158","page","type-page","status-publish","hentry"],"yoast_head":"<!-- This site is optimized with the Yoast SEO plugin v25.3 - https:\/\/yoast.com\/wordpress\/plugins\/seo\/ -->\n<title>Sankey Saddles - TreeClix<\/title>\n<meta name=\"robots\" content=\"index, follow, max-snippet:-1, max-image-preview:large, max-video-preview:-1\" \/>\n<link rel=\"canonical\" href=\"https:\/\/treeclix.com\/partners\/sankey-saddles\/\" \/>\n<meta property=\"og:locale\" content=\"de_DE\" \/>\n<meta property=\"og:type\" content=\"article\" \/>\n<meta property=\"og:title\" content=\"Sankey Saddles - TreeClix\" \/>\n<meta property=\"og:description\" content=\"Sankey Saddles Handwerkskunst in Exzellenz seit 2000 Gegr\u00fcndet im Jahr 2000 von Andrew Sankey, hat sich Sankey Saddles einen weltweiten Ruf f\u00fcr die Herstellung ma\u00dfgeschneiderter, hochwertiger S\u00e4ttel erarbeitet. Nach seiner [&hellip;]\" \/>\n<meta property=\"og:url\" content=\"https:\/\/treeclix.com\/partners\/sankey-saddles\/\" \/>\n<meta property=\"og:site_name\" content=\"TreeClix\" \/>\n<meta property=\"article:publisher\" content=\"https:\/\/www.facebook.com\/profile.php?id=100069728130540\" \/>\n<meta property=\"article:modified_time\" content=\"2025-02-24T08:54:07+00:00\" \/>\n<meta property=\"og:image\" content=\"https:\/\/treeclix.com\/wp-content\/uploads\/2025\/02\/Sankey_TreeClix-2-761x1024.png\" \/>\n<meta name=\"twitter:card\" content=\"summary_large_image\" \/>\n<meta name=\"twitter:label1\" content=\"Gesch\u00e4tzte Lesezeit\" \/>\n\t<meta name=\"twitter:data1\" content=\"1\u00a0Minute\" \/>\n<script type=\"application\/ld+json\" class=\"yoast-schema-graph\">{\"@context\":\"https:\/\/schema.org\",\"@graph\":[{\"@type\":\"WebPage\",\"@id\":\"https:\/\/treeclix.com\/partners\/sankey-saddles\/\",\"url\":\"https:\/\/treeclix.com\/partners\/sankey-saddles\/\",\"name\":\"Sankey Saddles - TreeClix\",\"isPartOf\":{\"@id\":\"https:\/\/treeclix.com\/#website\"},\"primaryImageOfPage\":{\"@id\":\"https:\/\/treeclix.com\/partners\/sankey-saddles\/#primaryimage\"},\"image\":{\"@id\":\"https:\/\/treeclix.com\/partners\/sankey-saddles\/#primaryimage\"},\"thumbnailUrl\":\"https:\/\/treeclix.com\/wp-content\/uploads\/2025\/02\/Sankey_TreeClix-2-761x1024.png\",\"datePublished\":\"2025-02-20T14:28:11+00:00\",\"dateModified\":\"2025-02-24T08:54:07+00:00\",\"breadcrumb\":{\"@id\":\"https:\/\/treeclix.com\/partners\/sankey-saddles\/#breadcrumb\"},\"inLanguage\":\"de\",\"potentialAction\":[{\"@type\":\"ReadAction\",\"target\":[\"https:\/\/treeclix.com\/partners\/sankey-saddles\/\"]}]},{\"@type\":\"ImageObject\",\"inLanguage\":\"de\",\"@id\":\"https:\/\/treeclix.com\/partners\/sankey-saddles\/#primaryimage\",\"url\":\"https:\/\/treeclix.com\/wp-content\/uploads\/2025\/02\/Sankey_TreeClix-2-761x1024.png\",\"contentUrl\":\"https:\/\/treeclix.com\/wp-content\/uploads\/2025\/02\/Sankey_TreeClix-2-761x1024.png\"},{\"@type\":\"BreadcrumbList\",\"@id\":\"https:\/\/treeclix.com\/partners\/sankey-saddles\/#breadcrumb\",\"itemListElement\":[{\"@type\":\"ListItem\",\"position\":1,\"name\":\"TreeClix\",\"item\":\"https:\/\/treeclix.com\/de\/\"},{\"@type\":\"ListItem\",\"position\":2,\"name\":\"Partner\",\"item\":\"https:\/\/treeclix.com\/partners\/\"},{\"@type\":\"ListItem\",\"position\":3,\"name\":\"Sankey Saddles\"}]},{\"@type\":\"WebSite\",\"@id\":\"https:\/\/treeclix.com\/#website\",\"url\":\"https:\/\/treeclix.com\/\",\"name\":\"TreeClix\",\"description\":\"Spot on saddle fitting, every time!\",\"publisher\":{\"@id\":\"https:\/\/treeclix.com\/#organization\"},\"potentialAction\":[{\"@type\":\"SearchAction\",\"target\":{\"@type\":\"EntryPoint\",\"urlTemplate\":\"https:\/\/treeclix.com\/?s={search_term_string}\"},\"query-input\":{\"@type\":\"PropertyValueSpecification\",\"valueRequired\":true,\"valueName\":\"search_term_string\"}}],\"inLanguage\":\"de\"},{\"@type\":\"Organization\",\"@id\":\"https:\/\/treeclix.com\/#organization\",\"name\":\"TreeClix\",\"url\":\"https:\/\/treeclix.com\/\",\"logo\":{\"@type\":\"ImageObject\",\"inLanguage\":\"de\",\"@id\":\"https:\/\/treeclix.com\/#\/schema\/logo\/image\/\",\"url\":\"https:\/\/treeclix.ws04.danego.net\/wp-content\/uploads\/2020\/06\/Logo-TreeClix.png\",\"contentUrl\":\"https:\/\/treeclix.ws04.danego.net\/wp-content\/uploads\/2020\/06\/Logo-TreeClix.png\",\"width\":500,\"height\":200,\"caption\":\"TreeClix\"},\"image\":{\"@id\":\"https:\/\/treeclix.com\/#\/schema\/logo\/image\/\"},\"sameAs\":[\"https:\/\/www.facebook.com\/profile.php?id=100069728130540\"]}]}<\/script>\n<!-- \/ Yoast SEO plugin. -->","yoast_head_json":{"title":"Sankey Saddles - TreeClix","robots":{"index":"index","follow":"follow","max-snippet":"max-snippet:-1","max-image-preview":"max-image-preview:large","max-video-preview":"max-video-preview:-1"},"canonical":"https:\/\/treeclix.com\/partners\/sankey-saddles\/","og_locale":"de_DE","og_type":"article","og_title":"Sankey Saddles - TreeClix","og_description":"Sankey Saddles Handwerkskunst in Exzellenz seit 2000 Gegr\u00fcndet im Jahr 2000 von Andrew Sankey, hat sich Sankey Saddles einen weltweiten Ruf f\u00fcr die Herstellung ma\u00dfgeschneiderter, hochwertiger S\u00e4ttel erarbeitet. Nach seiner [&hellip;]","og_url":"https:\/\/treeclix.com\/partners\/sankey-saddles\/","og_site_name":"TreeClix","article_publisher":"https:\/\/www.facebook.com\/profile.php?id=100069728130540","article_modified_time":"2025-02-24T08:54:07+00:00","og_image":[{"url":"https:\/\/treeclix.com\/wp-content\/uploads\/2025\/02\/Sankey_TreeClix-2-761x1024.png","type":"","width":"","height":""}],"twitter_card":"summary_large_image","twitter_misc":{"Gesch\u00e4tzte Lesezeit":"1\u00a0Minute"},"schema":{"@context":"https:\/\/schema.org","@graph":[{"@type":"WebPage","@id":"https:\/\/treeclix.com\/partners\/sankey-saddles\/","url":"https:\/\/treeclix.com\/partners\/sankey-saddles\/","name":"Sankey Saddles - TreeClix","isPartOf":{"@id":"https:\/\/treeclix.com\/#website"},"primaryImageOfPage":{"@id":"https:\/\/treeclix.com\/partners\/sankey-saddles\/#primaryimage"},"image":{"@id":"https:\/\/treeclix.com\/partners\/sankey-saddles\/#primaryimage"},"thumbnailUrl":"https:\/\/treeclix.com\/wp-content\/uploads\/2025\/02\/Sankey_TreeClix-2-761x1024.png","datePublished":"2025-02-20T14:28:11+00:00","dateModified":"2025-02-24T08:54:07+00:00","breadcrumb":{"@id":"https:\/\/treeclix.com\/partners\/sankey-saddles\/#breadcrumb"},"inLanguage":"de","potentialAction":[{"@type":"ReadAction","target":["https:\/\/treeclix.com\/partners\/sankey-saddles\/"]}]},{"@type":"ImageObject","inLanguage":"de","@id":"https:\/\/treeclix.com\/partners\/sankey-saddles\/#primaryimage","url":"https:\/\/treeclix.com\/wp-content\/uploads\/2025\/02\/Sankey_TreeClix-2-761x1024.png","contentUrl":"https:\/\/treeclix.com\/wp-content\/uploads\/2025\/02\/Sankey_TreeClix-2-761x1024.png"},{"@type":"BreadcrumbList","@id":"https:\/\/treeclix.com\/partners\/sankey-saddles\/#breadcrumb","itemListElement":[{"@type":"ListItem","position":1,"name":"TreeClix","item":"https:\/\/treeclix.com\/de\/"},{"@type":"ListItem","position":2,"name":"Partner","item":"https:\/\/treeclix.com\/partners\/"},{"@type":"ListItem","position":3,"name":"Sankey Saddles"}]},{"@type":"WebSite","@id":"https:\/\/treeclix.com\/#website","url":"https:\/\/treeclix.com\/","name":"TreeClix","description":"Spot on saddle fitting, every time!","publisher":{"@id":"https:\/\/treeclix.com\/#organization"},"potentialAction":[{"@type":"SearchAction","target":{"@type":"EntryPoint","urlTemplate":"https:\/\/treeclix.com\/?s={search_term_string}"},"query-input":{"@type":"PropertyValueSpecification","valueRequired":true,"valueName":"search_term_string"}}],"inLanguage":"de"},{"@type":"Organization","@id":"https:\/\/treeclix.com\/#organization","name":"TreeClix","url":"https:\/\/treeclix.com\/","logo":{"@type":"ImageObject","inLanguage":"de","@id":"https:\/\/treeclix.com\/#\/schema\/logo\/image\/","url":"https:\/\/treeclix.ws04.danego.net\/wp-content\/uploads\/2020\/06\/Logo-TreeClix.png","contentUrl":"https:\/\/treeclix.ws04.danego.net\/wp-content\/uploads\/2020\/06\/Logo-TreeClix.png","width":500,"height":200,"caption":"TreeClix"},"image":{"@id":"https:\/\/treeclix.com\/#\/schema\/logo\/image\/"},"sameAs":["https:\/\/www.facebook.com\/profile.php?id=100069728130540"]}]}},"_links":{"self":[{"href":"https:\/\/treeclix.com\/de\/wp-json\/wp\/v2\/pages\/6158","targetHints":{"allow":["GET"]}}],"collection":[{"href":"https:\/\/treeclix.com\/de\/wp-json\/wp\/v2\/pages"}],"about":[{"href":"https:\/\/treeclix.com\/de\/wp-json\/wp\/v2\/types\/page"}],"author":[{"embeddable":true,"href":"https:\/\/treeclix.com\/de\/wp-json\/wp\/v2\/users\/164"}],"replies":[{"embeddable":true,"href":"https:\/\/treeclix.com\/de\/wp-json\/wp\/v2\/comments?post=6158"}],"version-history":[{"count":1,"href":"https:\/\/treeclix.com\/de\/wp-json\/wp\/v2\/pages\/6158\/revisions"}],"predecessor-version":[{"id":6159,"href":"https:\/\/treeclix.com\/de\/wp-json\/wp\/v2\/pages\/6158\/revisions\/6159"}],"up":[{"embeddable":true,"href":"https:\/\/treeclix.com\/de\/wp-json\/wp\/v2\/pages\/4946"}],"wp:attachment":[{"href":"https:\/\/treeclix.com\/de\/wp-json\/wp\/v2\/media?parent=6158"}],"curies":[{"name":"wp","href":"https:\/\/api.w.org\/{rel}","templated":true}]}}