{"id":4956,"date":"2024-06-01T14:32:08","date_gmt":"2024-06-01T12:32:08","guid":{"rendered":"https:\/\/treeclix.com\/partner\/schutte-saddles\/"},"modified":"2024-07-29T13:09:17","modified_gmt":"2024-07-29T11:09:17","slug":"schutte-saddles","status":"publish","type":"page","link":"https:\/\/treeclix.com\/de\/partner\/schutte-saddles\/","title":{"rendered":"Schutte saddles"},"content":{"rendered":"\t\t<div data-elementor-type=\"wp-page\" data-elementor-id=\"4956\" class=\"elementor elementor-4956 elementor-4850\" data-elementor-post-type=\"page\">\n\t\t\t\t\t\t<section class=\"elementor-section elementor-top-section elementor-element elementor-element-f272905 elementor-section-height-min-height elementor-section-boxed elementor-section-height-default elementor-section-items-middle\" data-id=\"f272905\" data-element_type=\"section\" data-settings=\"{&quot;background_background&quot;:&quot;classic&quot;}\">\n\t\t\t\t\t\t\t<div class=\"elementor-background-overlay\"><\/div>\n\t\t\t\t\t\t\t<div class=\"elementor-container elementor-column-gap-default\">\n\t\t\t\t\t<div class=\"elementor-column elementor-col-100 elementor-top-column elementor-element elementor-element-660d619\" data-id=\"660d619\" data-element_type=\"column\">\n\t\t\t<div class=\"elementor-widget-wrap elementor-element-populated\">\n\t\t\t\t\t\t<div class=\"elementor-element elementor-element-cd7962b elementor-widget elementor-widget-heading\" data-id=\"cd7962b\" data-element_type=\"widget\" data-widget_type=\"heading.default\">\n\t\t\t\t<div class=\"elementor-widget-container\">\n\t\t\t\t\t<h1 class=\"elementor-heading-title elementor-size-default\">Schutte Saddles<\/h1>\t\t\t\t<\/div>\n\t\t\t\t<\/div>\n\t\t\t\t\t<\/div>\n\t\t<\/div>\n\t\t\t\t\t<\/div>\n\t\t<\/section>\n\t\t\t\t<section class=\"elementor-section elementor-top-section elementor-element elementor-element-8b7f091 elementor-section-boxed elementor-section-height-default elementor-section-height-default\" data-id=\"8b7f091\" data-element_type=\"section\">\n\t\t\t\t\t\t<div class=\"elementor-container elementor-column-gap-default\">\n\t\t\t\t\t<div class=\"elementor-column elementor-col-50 elementor-top-column elementor-element elementor-element-4e5979e\" data-id=\"4e5979e\" data-element_type=\"column\">\n\t\t\t<div class=\"elementor-widget-wrap elementor-element-populated\">\n\t\t\t\t\t\t<div class=\"elementor-element elementor-element-aca242d elementor-widget elementor-widget-heading\" data-id=\"aca242d\" data-element_type=\"widget\" data-widget_type=\"heading.default\">\n\t\t\t\t<div class=\"elementor-widget-container\">\n\t\t\t\t\t<h2 class=\"elementor-heading-title elementor-size-default\">Ein weltweiter Begriff<\/h2>\t\t\t\t<\/div>\n\t\t\t\t<\/div>\n\t\t\t\t<div class=\"elementor-element elementor-element-439f0b4 elementor-widget elementor-widget-text-editor\" data-id=\"439f0b4\" data-element_type=\"widget\" data-widget_type=\"text-editor.default\">\n\t\t\t\t<div class=\"elementor-widget-container\">\n\t\t\t\t\t\t\t\t\t<p>In der Sattelindustrie ist Schutte seit \u00fcber einem Jahrzehnt ein bekannter Name. Seit der Gr\u00fcndung im Jahr 2007 hat Ninon Schutte ihre Leidenschaft f\u00fcr S\u00e4ttel stetig erweitert. Das Sortiment umfasst inzwischen nicht nur Dressur- und Springs\u00e4ttel, sondern auch Barockmodelle.<\/p>\n<p>Mit \u00fcber 15 Jahren Erfahrung hat sich Ninon Schutte mit ihrem Unternehmen Zadelatelier Schutte sowohl in den Niederlanden als auch international einen Namen gemacht. In Zusammenarbeit mit einer namhaften Sattelmanufaktur entwickelt und fertigt sie handwerkliche Meisterwerke in einem malerischen Atelier in Epe.<\/p>\n\t\t\t\t\t\t\t\t<\/div>\n\t\t\t\t<\/div>\n\t\t\t\t\t<\/div>\n\t\t<\/div>\n\t\t\t\t<div class=\"elementor-column elementor-col-50 elementor-top-column elementor-element elementor-element-65d2891\" data-id=\"65d2891\" data-element_type=\"column\">\n\t\t\t<div class=\"elementor-widget-wrap\">\n\t\t\t\t\t\t\t<\/div>\n\t\t<\/div>\n\t\t\t\t\t<\/div>\n\t\t<\/section>\n\t\t\t\t<section class=\"elementor-section elementor-top-section elementor-element elementor-element-d2f590d elementor-section-boxed elementor-section-height-default elementor-section-height-default\" data-id=\"d2f590d\" data-element_type=\"section\" data-settings=\"{&quot;background_background&quot;:&quot;classic&quot;}\">\n\t\t\t\t\t\t<div class=\"elementor-container elementor-column-gap-default\">\n\t\t\t\t\t<div class=\"elementor-column elementor-col-50 elementor-top-column elementor-element elementor-element-25fa304\" data-id=\"25fa304\" data-element_type=\"column\" data-settings=\"{&quot;background_background&quot;:&quot;classic&quot;}\">\n\t\t\t<div class=\"elementor-widget-wrap elementor-element-populated\">\n\t\t\t\t\t\t<div class=\"elementor-element elementor-element-f3d8360 elementor-widget elementor-widget-image\" data-id=\"f3d8360\" data-element_type=\"widget\" data-widget_type=\"image.default\">\n\t\t\t\t<div class=\"elementor-widget-container\">\n\t\t\t\t\t\t\t\t\t\t\t\t\t\t\t<img fetchpriority=\"high\" decoding=\"async\" width=\"561\" height=\"700\" src=\"https:\/\/treeclix.com\/wp-content\/uploads\/2024\/06\/stiksel-beige-achter-schutte-zadels-1.jpg\" class=\"attachment-large size-large wp-image-4789\" alt=\"\" srcset=\"https:\/\/treeclix.com\/wp-content\/uploads\/2024\/06\/stiksel-beige-achter-schutte-zadels-1.jpg 561w, https:\/\/treeclix.com\/wp-content\/uploads\/2024\/06\/stiksel-beige-achter-schutte-zadels-1-240x300.jpg 240w\" sizes=\"(max-width: 561px) 100vw, 561px\" \/>\t\t\t\t\t\t\t\t\t\t\t\t\t\t\t<\/div>\n\t\t\t\t<\/div>\n\t\t\t\t\t<\/div>\n\t\t<\/div>\n\t\t\t\t<div class=\"elementor-column elementor-col-50 elementor-top-column elementor-element elementor-element-63dd3d6\" data-id=\"63dd3d6\" data-element_type=\"column\">\n\t\t\t<div class=\"elementor-widget-wrap elementor-element-populated\">\n\t\t\t\t\t\t<div class=\"elementor-element elementor-element-77a507c elementor-widget elementor-widget-heading\" data-id=\"77a507c\" data-element_type=\"widget\" data-widget_type=\"heading.default\">\n\t\t\t\t<div class=\"elementor-widget-container\">\n\t\t\t\t\t<h3 class=\"elementor-heading-title elementor-size-default\">Ma\u00dfanfertigungen als Standard<\/h3>\t\t\t\t<\/div>\n\t\t\t\t<\/div>\n\t\t\t\t<div class=\"elementor-element elementor-element-da66659 elementor-widget elementor-widget-text-editor\" data-id=\"da66659\" data-element_type=\"widget\" data-widget_type=\"text-editor.default\">\n\t\t\t\t<div class=\"elementor-widget-container\">\n\t\t\t\t\t\t\t\t\t<p>Bei Schutte Zadels sind Ma\u00dfanfertigungen der Standard. Es werden nicht nur eine Vielzahl von Grundmodellen und Farben angeboten, sondern auch individuell angepasste S\u00e4ttel, die perfekt auf Reiter und Pferd abgestimmt sind. Mit einer gro\u00dfen Auswahl an Lederarten, Farben und exquisiten Details k\u00f6nnen diese S\u00e4ttel vollst\u00e4ndig an Ihren Stil und Ihre Bed\u00fcrfnisse angepasst werden.<\/p>\n<p>Die Produktpalette von Schutte Zadels bietet unbegrenzte Auswahl und Flexibilit\u00e4t. Egal ob reinrassiges Pferd, vielseitiger Reiter oder spezielle Disziplinen \u2013 bei Schutte gibt es immer einen passenden Sattel. Von Dressurs\u00e4tteln f\u00fcr hohe Widerriste bis hin zu Springs\u00e4tteln f\u00fcr breite oder kurze R\u00fccken und speziell entworfenen S\u00e4tteln f\u00fcr Ponys \u2013 bei Schutte werden Sie f\u00fcndig.<\/p>\n\t\t\t\t\t\t\t\t<\/div>\n\t\t\t\t<\/div>\n\t\t\t\t<div class=\"elementor-element elementor-element-18d062d elementor-align-left elementor-widget elementor-widget-button\" data-id=\"18d062d\" data-element_type=\"widget\" data-widget_type=\"button.default\">\n\t\t\t\t<div class=\"elementor-widget-container\">\n\t\t\t\t\t\t\t\t\t<div class=\"elementor-button-wrapper\">\n\t\t\t\t\t<a class=\"elementor-button elementor-button-link elementor-size-sm\" href=\"https:\/\/www.schuttezadels.nl\/\">\n\t\t\t\t\t\t<span class=\"elementor-button-content-wrapper\">\n\t\t\t\t\t\t<span class=\"elementor-button-icon\">\n\t\t\t\t<i aria-hidden=\"true\" class=\"fas fa-external-link-alt\"><\/i>\t\t\t<\/span>\n\t\t\t\t\t\t\t\t\t<span class=\"elementor-button-text\">Website ansehen<\/span>\n\t\t\t\t\t<\/span>\n\t\t\t\t\t<\/a>\n\t\t\t\t<\/div>\n\t\t\t\t\t\t\t\t<\/div>\n\t\t\t\t<\/div>\n\t\t\t\t\t<\/div>\n\t\t<\/div>\n\t\t\t\t\t<\/div>\n\t\t<\/section>\n\t\t\t\t<\/div>\n\t\t","protected":false},"excerpt":{"rendered":"<p>Schutte Saddles Ein weltweiter Begriff In der Sattelindustrie ist Schutte seit \u00fcber einem Jahrzehnt ein bekannter Name. Seit der Gr\u00fcndung im Jahr 2007 hat Ninon Schutte ihre Leidenschaft f\u00fcr S\u00e4ttel [&hellip;]<\/p>\n","protected":false},"author":64,"featured_media":0,"parent":4946,"menu_order":0,"comment_status":"closed","ping_status":"closed","template":"","meta":{"footnotes":""},"class_list":["post-4956","page","type-page","status-publish","hentry"],"yoast_head":"<!-- This site is optimized with the Yoast SEO plugin v25.3 - https:\/\/yoast.com\/wordpress\/plugins\/seo\/ -->\n<title>Schutte saddles - TreeClix<\/title>\n<meta name=\"robots\" content=\"index, follow, max-snippet:-1, max-image-preview:large, max-video-preview:-1\" \/>\n<link rel=\"canonical\" href=\"https:\/\/treeclix.com\/partners\/schutte-saddles\/\" \/>\n<meta property=\"og:locale\" content=\"de_DE\" \/>\n<meta property=\"og:type\" content=\"article\" \/>\n<meta property=\"og:title\" content=\"Schutte saddles - TreeClix\" \/>\n<meta property=\"og:description\" content=\"Schutte Saddles Ein weltweiter Begriff In der Sattelindustrie ist Schutte seit \u00fcber einem Jahrzehnt ein bekannter Name. Seit der Gr\u00fcndung im Jahr 2007 hat Ninon Schutte ihre Leidenschaft f\u00fcr S\u00e4ttel [&hellip;]\" \/>\n<meta property=\"og:url\" content=\"https:\/\/treeclix.com\/partners\/schutte-saddles\/\" \/>\n<meta property=\"og:site_name\" content=\"TreeClix\" \/>\n<meta property=\"article:publisher\" content=\"https:\/\/www.facebook.com\/profile.php?id=100069728130540\" \/>\n<meta property=\"article:modified_time\" content=\"2024-07-29T11:09:17+00:00\" \/>\n<meta property=\"og:image\" content=\"https:\/\/treeclix.com\/wp-content\/uploads\/2024\/06\/stiksel-beige-achter-schutte-zadels-1.jpg\" \/>\n<meta name=\"twitter:card\" content=\"summary_large_image\" \/>\n<meta name=\"twitter:label1\" content=\"Gesch\u00e4tzte Lesezeit\" \/>\n\t<meta name=\"twitter:data1\" content=\"1\u00a0Minute\" \/>\n<script type=\"application\/ld+json\" class=\"yoast-schema-graph\">{\"@context\":\"https:\/\/schema.org\",\"@graph\":[{\"@type\":\"WebPage\",\"@id\":\"https:\/\/treeclix.com\/partners\/schutte-saddles\/\",\"url\":\"https:\/\/treeclix.com\/partners\/schutte-saddles\/\",\"name\":\"Schutte saddles - TreeClix\",\"isPartOf\":{\"@id\":\"https:\/\/treeclix.com\/#website\"},\"primaryImageOfPage\":{\"@id\":\"https:\/\/treeclix.com\/partners\/schutte-saddles\/#primaryimage\"},\"image\":{\"@id\":\"https:\/\/treeclix.com\/partners\/schutte-saddles\/#primaryimage\"},\"thumbnailUrl\":\"https:\/\/treeclix.com\/wp-content\/uploads\/2024\/06\/stiksel-beige-achter-schutte-zadels-1.jpg\",\"datePublished\":\"2024-06-01T12:32:08+00:00\",\"dateModified\":\"2024-07-29T11:09:17+00:00\",\"breadcrumb\":{\"@id\":\"https:\/\/treeclix.com\/partners\/schutte-saddles\/#breadcrumb\"},\"inLanguage\":\"de\",\"potentialAction\":[{\"@type\":\"ReadAction\",\"target\":[\"https:\/\/treeclix.com\/partners\/schutte-saddles\/\"]}]},{\"@type\":\"ImageObject\",\"inLanguage\":\"de\",\"@id\":\"https:\/\/treeclix.com\/partners\/schutte-saddles\/#primaryimage\",\"url\":\"https:\/\/treeclix.com\/wp-content\/uploads\/2024\/06\/stiksel-beige-achter-schutte-zadels-1.jpg\",\"contentUrl\":\"https:\/\/treeclix.com\/wp-content\/uploads\/2024\/06\/stiksel-beige-achter-schutte-zadels-1.jpg\"},{\"@type\":\"BreadcrumbList\",\"@id\":\"https:\/\/treeclix.com\/partners\/schutte-saddles\/#breadcrumb\",\"itemListElement\":[{\"@type\":\"ListItem\",\"position\":1,\"name\":\"TreeClix\",\"item\":\"https:\/\/treeclix.com\/de\/\"},{\"@type\":\"ListItem\",\"position\":2,\"name\":\"Partner\",\"item\":\"https:\/\/treeclix.com\/partners\/\"},{\"@type\":\"ListItem\",\"position\":3,\"name\":\"Schutte saddles\"}]},{\"@type\":\"WebSite\",\"@id\":\"https:\/\/treeclix.com\/#website\",\"url\":\"https:\/\/treeclix.com\/\",\"name\":\"TreeClix\",\"description\":\"Spot on saddle fitting, every time!\",\"publisher\":{\"@id\":\"https:\/\/treeclix.com\/#organization\"},\"potentialAction\":[{\"@type\":\"SearchAction\",\"target\":{\"@type\":\"EntryPoint\",\"urlTemplate\":\"https:\/\/treeclix.com\/?s={search_term_string}\"},\"query-input\":{\"@type\":\"PropertyValueSpecification\",\"valueRequired\":true,\"valueName\":\"search_term_string\"}}],\"inLanguage\":\"de\"},{\"@type\":\"Organization\",\"@id\":\"https:\/\/treeclix.com\/#organization\",\"name\":\"TreeClix\",\"url\":\"https:\/\/treeclix.com\/\",\"logo\":{\"@type\":\"ImageObject\",\"inLanguage\":\"de\",\"@id\":\"https:\/\/treeclix.com\/#\/schema\/logo\/image\/\",\"url\":\"https:\/\/treeclix.ws04.danego.net\/wp-content\/uploads\/2020\/06\/Logo-TreeClix.png\",\"contentUrl\":\"https:\/\/treeclix.ws04.danego.net\/wp-content\/uploads\/2020\/06\/Logo-TreeClix.png\",\"width\":500,\"height\":200,\"caption\":\"TreeClix\"},\"image\":{\"@id\":\"https:\/\/treeclix.com\/#\/schema\/logo\/image\/\"},\"sameAs\":[\"https:\/\/www.facebook.com\/profile.php?id=100069728130540\"]}]}<\/script>\n<!-- \/ Yoast SEO plugin. -->","yoast_head_json":{"title":"Schutte saddles - TreeClix","robots":{"index":"index","follow":"follow","max-snippet":"max-snippet:-1","max-image-preview":"max-image-preview:large","max-video-preview":"max-video-preview:-1"},"canonical":"https:\/\/treeclix.com\/partners\/schutte-saddles\/","og_locale":"de_DE","og_type":"article","og_title":"Schutte saddles - TreeClix","og_description":"Schutte Saddles Ein weltweiter Begriff In der Sattelindustrie ist Schutte seit \u00fcber einem Jahrzehnt ein bekannter Name. Seit der Gr\u00fcndung im Jahr 2007 hat Ninon Schutte ihre Leidenschaft f\u00fcr S\u00e4ttel [&hellip;]","og_url":"https:\/\/treeclix.com\/partners\/schutte-saddles\/","og_site_name":"TreeClix","article_publisher":"https:\/\/www.facebook.com\/profile.php?id=100069728130540","article_modified_time":"2024-07-29T11:09:17+00:00","og_image":[{"url":"https:\/\/treeclix.com\/wp-content\/uploads\/2024\/06\/stiksel-beige-achter-schutte-zadels-1.jpg","type":"","width":"","height":""}],"twitter_card":"summary_large_image","twitter_misc":{"Gesch\u00e4tzte Lesezeit":"1\u00a0Minute"},"schema":{"@context":"https:\/\/schema.org","@graph":[{"@type":"WebPage","@id":"https:\/\/treeclix.com\/partners\/schutte-saddles\/","url":"https:\/\/treeclix.com\/partners\/schutte-saddles\/","name":"Schutte saddles - TreeClix","isPartOf":{"@id":"https:\/\/treeclix.com\/#website"},"primaryImageOfPage":{"@id":"https:\/\/treeclix.com\/partners\/schutte-saddles\/#primaryimage"},"image":{"@id":"https:\/\/treeclix.com\/partners\/schutte-saddles\/#primaryimage"},"thumbnailUrl":"https:\/\/treeclix.com\/wp-content\/uploads\/2024\/06\/stiksel-beige-achter-schutte-zadels-1.jpg","datePublished":"2024-06-01T12:32:08+00:00","dateModified":"2024-07-29T11:09:17+00:00","breadcrumb":{"@id":"https:\/\/treeclix.com\/partners\/schutte-saddles\/#breadcrumb"},"inLanguage":"de","potentialAction":[{"@type":"ReadAction","target":["https:\/\/treeclix.com\/partners\/schutte-saddles\/"]}]},{"@type":"ImageObject","inLanguage":"de","@id":"https:\/\/treeclix.com\/partners\/schutte-saddles\/#primaryimage","url":"https:\/\/treeclix.com\/wp-content\/uploads\/2024\/06\/stiksel-beige-achter-schutte-zadels-1.jpg","contentUrl":"https:\/\/treeclix.com\/wp-content\/uploads\/2024\/06\/stiksel-beige-achter-schutte-zadels-1.jpg"},{"@type":"BreadcrumbList","@id":"https:\/\/treeclix.com\/partners\/schutte-saddles\/#breadcrumb","itemListElement":[{"@type":"ListItem","position":1,"name":"TreeClix","item":"https:\/\/treeclix.com\/de\/"},{"@type":"ListItem","position":2,"name":"Partner","item":"https:\/\/treeclix.com\/partners\/"},{"@type":"ListItem","position":3,"name":"Schutte saddles"}]},{"@type":"WebSite","@id":"https:\/\/treeclix.com\/#website","url":"https:\/\/treeclix.com\/","name":"TreeClix","description":"Spot on saddle fitting, every time!","publisher":{"@id":"https:\/\/treeclix.com\/#organization"},"potentialAction":[{"@type":"SearchAction","target":{"@type":"EntryPoint","urlTemplate":"https:\/\/treeclix.com\/?s={search_term_string}"},"query-input":{"@type":"PropertyValueSpecification","valueRequired":true,"valueName":"search_term_string"}}],"inLanguage":"de"},{"@type":"Organization","@id":"https:\/\/treeclix.com\/#organization","name":"TreeClix","url":"https:\/\/treeclix.com\/","logo":{"@type":"ImageObject","inLanguage":"de","@id":"https:\/\/treeclix.com\/#\/schema\/logo\/image\/","url":"https:\/\/treeclix.ws04.danego.net\/wp-content\/uploads\/2020\/06\/Logo-TreeClix.png","contentUrl":"https:\/\/treeclix.ws04.danego.net\/wp-content\/uploads\/2020\/06\/Logo-TreeClix.png","width":500,"height":200,"caption":"TreeClix"},"image":{"@id":"https:\/\/treeclix.com\/#\/schema\/logo\/image\/"},"sameAs":["https:\/\/www.facebook.com\/profile.php?id=100069728130540"]}]}},"_links":{"self":[{"href":"https:\/\/treeclix.com\/de\/wp-json\/wp\/v2\/pages\/4956","targetHints":{"allow":["GET"]}}],"collection":[{"href":"https:\/\/treeclix.com\/de\/wp-json\/wp\/v2\/pages"}],"about":[{"href":"https:\/\/treeclix.com\/de\/wp-json\/wp\/v2\/types\/page"}],"author":[{"embeddable":true,"href":"https:\/\/treeclix.com\/de\/wp-json\/wp\/v2\/users\/64"}],"replies":[{"embeddable":true,"href":"https:\/\/treeclix.com\/de\/wp-json\/wp\/v2\/comments?post=4956"}],"version-history":[{"count":3,"href":"https:\/\/treeclix.com\/de\/wp-json\/wp\/v2\/pages\/4956\/revisions"}],"predecessor-version":[{"id":5046,"href":"https:\/\/treeclix.com\/de\/wp-json\/wp\/v2\/pages\/4956\/revisions\/5046"}],"up":[{"embeddable":true,"href":"https:\/\/treeclix.com\/de\/wp-json\/wp\/v2\/pages\/4946"}],"wp:attachment":[{"href":"https:\/\/treeclix.com\/de\/wp-json\/wp\/v2\/media?parent=4956"}],"curies":[{"name":"wp","href":"https:\/\/api.w.org\/{rel}","templated":true}]}}