{"id":4952,"date":"2024-06-01T14:31:20","date_gmt":"2024-06-01T12:31:20","guid":{"rendered":"https:\/\/treeclix.com\/partner\/harry-dabbs\/"},"modified":"2024-07-29T13:07:01","modified_gmt":"2024-07-29T11:07:01","slug":"harry-dabbs","status":"publish","type":"page","link":"https:\/\/treeclix.com\/de\/partner\/harry-dabbs\/","title":{"rendered":"Harry Dabbs"},"content":{"rendered":"\t\t<div data-elementor-type=\"wp-page\" data-elementor-id=\"4952\" class=\"elementor elementor-4952 elementor-4846\" data-elementor-post-type=\"page\">\n\t\t\t\t\t\t<section class=\"elementor-section elementor-top-section elementor-element elementor-element-6debac6 elementor-section-height-min-height elementor-section-boxed elementor-section-height-default elementor-section-items-middle\" data-id=\"6debac6\" data-element_type=\"section\" data-settings=\"{&quot;background_background&quot;:&quot;classic&quot;}\">\n\t\t\t\t\t\t\t<div class=\"elementor-background-overlay\"><\/div>\n\t\t\t\t\t\t\t<div class=\"elementor-container elementor-column-gap-default\">\n\t\t\t\t\t<div class=\"elementor-column elementor-col-100 elementor-top-column elementor-element elementor-element-63189a6\" data-id=\"63189a6\" data-element_type=\"column\">\n\t\t\t<div class=\"elementor-widget-wrap elementor-element-populated\">\n\t\t\t\t\t\t<div class=\"elementor-element elementor-element-12a8fdb elementor-widget elementor-widget-heading\" data-id=\"12a8fdb\" data-element_type=\"widget\" data-widget_type=\"heading.default\">\n\t\t\t\t<div class=\"elementor-widget-container\">\n\t\t\t\t\t<h1 class=\"elementor-heading-title elementor-size-default\">Harry Dabbs<\/h1>\t\t\t\t<\/div>\n\t\t\t\t<\/div>\n\t\t\t\t\t<\/div>\n\t\t<\/div>\n\t\t\t\t\t<\/div>\n\t\t<\/section>\n\t\t\t\t<section class=\"elementor-section elementor-top-section elementor-element elementor-element-b92597a elementor-section-boxed elementor-section-height-default elementor-section-height-default\" data-id=\"b92597a\" data-element_type=\"section\">\n\t\t\t\t\t\t<div class=\"elementor-container elementor-column-gap-default\">\n\t\t\t\t\t<div class=\"elementor-column elementor-col-50 elementor-top-column elementor-element elementor-element-803462b\" data-id=\"803462b\" data-element_type=\"column\">\n\t\t\t<div class=\"elementor-widget-wrap elementor-element-populated\">\n\t\t\t\t\t\t<div class=\"elementor-element elementor-element-0e6fdc6 elementor-widget elementor-widget-heading\" data-id=\"0e6fdc6\" data-element_type=\"widget\" data-widget_type=\"heading.default\">\n\t\t\t\t<div class=\"elementor-widget-container\">\n\t\t\t\t\t<h2 class=\"elementor-heading-title elementor-size-default\">F\u00fcr den korrekten Reitersitz<\/h2>\t\t\t\t<\/div>\n\t\t\t\t<\/div>\n\t\t\t\t<div class=\"elementor-element elementor-element-57faee7 elementor-widget elementor-widget-text-editor\" data-id=\"57faee7\" data-element_type=\"widget\" data-widget_type=\"text-editor.default\">\n\t\t\t\t<div class=\"elementor-widget-container\">\n\t\t\t\t\t\t\t\t\t<p>Harry Dabbs S\u00e4ttel sind darauf ausgelegt, den optimale Reitersitz (Schulter-H\u00fcfte-Ferse-Linie im Lot ) zu erm\u00f6glichen und gleichzeitig ein komfortables, geschmeidiges und frei bewegliches Pferd zu f\u00f6rdern.<\/p>\n\t\t\t\t\t\t\t\t<\/div>\n\t\t\t\t<\/div>\n\t\t\t\t\t<\/div>\n\t\t<\/div>\n\t\t\t\t<div class=\"elementor-column elementor-col-50 elementor-top-column elementor-element elementor-element-724f8e7\" data-id=\"724f8e7\" data-element_type=\"column\">\n\t\t\t<div class=\"elementor-widget-wrap\">\n\t\t\t\t\t\t\t<\/div>\n\t\t<\/div>\n\t\t\t\t\t<\/div>\n\t\t<\/section>\n\t\t\t\t<section class=\"elementor-section elementor-top-section elementor-element elementor-element-53cd462 elementor-section-boxed elementor-section-height-default elementor-section-height-default\" data-id=\"53cd462\" data-element_type=\"section\" data-settings=\"{&quot;background_background&quot;:&quot;classic&quot;}\">\n\t\t\t\t\t\t<div class=\"elementor-container elementor-column-gap-default\">\n\t\t\t\t\t<div class=\"elementor-column elementor-col-50 elementor-top-column elementor-element elementor-element-3677d99\" data-id=\"3677d99\" data-element_type=\"column\" data-settings=\"{&quot;background_background&quot;:&quot;classic&quot;}\">\n\t\t\t<div class=\"elementor-widget-wrap elementor-element-populated\">\n\t\t\t\t\t\t<div class=\"elementor-element elementor-element-4f07cc5 elementor-widget elementor-widget-image\" data-id=\"4f07cc5\" data-element_type=\"widget\" data-widget_type=\"image.default\">\n\t\t\t\t<div class=\"elementor-widget-container\">\n\t\t\t\t\t\t\t\t\t\t\t\t\t\t\t<img fetchpriority=\"high\" decoding=\"async\" width=\"533\" height=\"732\" src=\"https:\/\/treeclix.com\/wp-content\/uploads\/2024\/06\/harry-dabbs-Caramel-Patent-Cantle.jpg\" class=\"attachment-large size-large wp-image-4766\" alt=\"\" srcset=\"https:\/\/treeclix.com\/wp-content\/uploads\/2024\/06\/harry-dabbs-Caramel-Patent-Cantle.jpg 533w, https:\/\/treeclix.com\/wp-content\/uploads\/2024\/06\/harry-dabbs-Caramel-Patent-Cantle-218x300.jpg 218w\" sizes=\"(max-width: 533px) 100vw, 533px\" \/>\t\t\t\t\t\t\t\t\t\t\t\t\t\t\t<\/div>\n\t\t\t\t<\/div>\n\t\t\t\t\t<\/div>\n\t\t<\/div>\n\t\t\t\t<div class=\"elementor-column elementor-col-50 elementor-top-column elementor-element elementor-element-d3f3b35\" data-id=\"d3f3b35\" data-element_type=\"column\">\n\t\t\t<div class=\"elementor-widget-wrap elementor-element-populated\">\n\t\t\t\t\t\t<div class=\"elementor-element elementor-element-5ea66f8 elementor-widget elementor-widget-heading\" data-id=\"5ea66f8\" data-element_type=\"widget\" data-widget_type=\"heading.default\">\n\t\t\t\t<div class=\"elementor-widget-container\">\n\t\t\t\t\t<h3 class=\"elementor-heading-title elementor-size-default\">Einzigartiges Sattelkissen und offener Sattelkopf<\/h3>\t\t\t\t<\/div>\n\t\t\t\t<\/div>\n\t\t\t\t<div class=\"elementor-element elementor-element-c6e4d15 elementor-widget elementor-widget-text-editor\" data-id=\"c6e4d15\" data-element_type=\"widget\" data-widget_type=\"text-editor.default\">\n\t\t\t\t<div class=\"elementor-widget-container\">\n\t\t\t\t\t\t\t\t\t<p>Die durchdacht gestaltete Sattelserie verf\u00fcgt \u00fcber ein einzigartiges Kissen und ein offenes Kopfdesign, das den Trapezmuskel entlastet und die vollst\u00e4ndige Bewegungsfreiheit des Schulterblatts erm\u00f6glicht. Ein breiter Wirbelkanal h\u00e4lt den Bereich um die Dornforts\u00e4tze frei von Druck, sodass das Gewicht gleichm\u00e4\u00dfig \u00fcber die R\u00fcckenmuskulatur verteilt wird. Unser beliebtes Performance-Kissen ist so geformt, dass der Lendenbereich frei bleibt und die Hinterhandaktivit\u00e4t gef\u00f6rdert wird.<\/p>\n<p>Um eine optimale Passform f\u00fcr verschiedene Pferderassen und -typen zu erreichen, bietet Harry Dabbs eine Auswahl an verschiedenen Sattelb\u00e4umen. Diese werden von erfahrenen Handwerkern gefertigt, die ausschlie\u00dflich hochwertiges laminiertes Holz verwenden, das flexibel ist und damit optimalen Komfort bietet. F\u00fcr den Reiter stehen verschiedene Pauschen, Sitze und Sattelbl\u00e4tter zur Auswahl, die die Herstellung eines Sattels erm\u00f6glichen, der nicht nur dem Pferd optimal passt, sondern auch dem Reiter ein ausbalanciertes, komfortables und sicheres Sitzgef\u00fchl und eine effektivere Hilfengebung erm\u00f6glicht.<\/p>\n\t\t\t\t\t\t\t\t<\/div>\n\t\t\t\t<\/div>\n\t\t\t\t<div class=\"elementor-element elementor-element-6ddc9e3 elementor-align-left elementor-widget elementor-widget-button\" data-id=\"6ddc9e3\" data-element_type=\"widget\" data-widget_type=\"button.default\">\n\t\t\t\t<div class=\"elementor-widget-container\">\n\t\t\t\t\t\t\t\t\t<div class=\"elementor-button-wrapper\">\n\t\t\t\t\t<a class=\"elementor-button elementor-button-link elementor-size-sm\" href=\"https:\/\/harrydabbs.co.uk\/\">\n\t\t\t\t\t\t<span class=\"elementor-button-content-wrapper\">\n\t\t\t\t\t\t<span class=\"elementor-button-icon\">\n\t\t\t\t<i aria-hidden=\"true\" class=\"fas fa-external-link-alt\"><\/i>\t\t\t<\/span>\n\t\t\t\t\t\t\t\t\t<span class=\"elementor-button-text\">Website ansehen<\/span>\n\t\t\t\t\t<\/span>\n\t\t\t\t\t<\/a>\n\t\t\t\t<\/div>\n\t\t\t\t\t\t\t\t<\/div>\n\t\t\t\t<\/div>\n\t\t\t\t\t<\/div>\n\t\t<\/div>\n\t\t\t\t\t<\/div>\n\t\t<\/section>\n\t\t\t\t<\/div>\n\t\t","protected":false},"excerpt":{"rendered":"<p>Harry Dabbs F\u00fcr den korrekten Reitersitz Harry Dabbs S\u00e4ttel sind darauf ausgelegt, den optimale Reitersitz (Schulter-H\u00fcfte-Ferse-Linie im Lot ) zu erm\u00f6glichen und gleichzeitig ein komfortables, geschmeidiges und frei bewegliches Pferd [&hellip;]<\/p>\n","protected":false},"author":64,"featured_media":0,"parent":4946,"menu_order":0,"comment_status":"closed","ping_status":"closed","template":"","meta":{"footnotes":""},"class_list":["post-4952","page","type-page","status-publish","hentry"],"yoast_head":"<!-- This site is optimized with the Yoast SEO plugin v25.3 - https:\/\/yoast.com\/wordpress\/plugins\/seo\/ -->\n<title>Harry Dabbs - TreeClix<\/title>\n<meta name=\"robots\" content=\"index, follow, max-snippet:-1, max-image-preview:large, max-video-preview:-1\" \/>\n<link rel=\"canonical\" href=\"https:\/\/treeclix.com\/partners\/harry-dabbs\/\" \/>\n<meta property=\"og:locale\" content=\"de_DE\" \/>\n<meta property=\"og:type\" content=\"article\" \/>\n<meta property=\"og:title\" content=\"Harry Dabbs - TreeClix\" \/>\n<meta property=\"og:description\" content=\"Harry Dabbs F\u00fcr den korrekten Reitersitz Harry Dabbs S\u00e4ttel sind darauf ausgelegt, den optimale Reitersitz (Schulter-H\u00fcfte-Ferse-Linie im Lot ) zu erm\u00f6glichen und gleichzeitig ein komfortables, geschmeidiges und frei bewegliches Pferd [&hellip;]\" \/>\n<meta property=\"og:url\" content=\"https:\/\/treeclix.com\/partners\/harry-dabbs\/\" \/>\n<meta property=\"og:site_name\" content=\"TreeClix\" \/>\n<meta property=\"article:publisher\" content=\"https:\/\/www.facebook.com\/profile.php?id=100069728130540\" \/>\n<meta property=\"article:modified_time\" content=\"2024-07-29T11:07:01+00:00\" \/>\n<meta property=\"og:image\" content=\"https:\/\/treeclix.com\/wp-content\/uploads\/2024\/06\/harry-dabbs-Caramel-Patent-Cantle.jpg\" \/>\n<meta name=\"twitter:card\" content=\"summary_large_image\" \/>\n<meta name=\"twitter:label1\" content=\"Gesch\u00e4tzte Lesezeit\" \/>\n\t<meta name=\"twitter:data1\" content=\"1\u00a0Minute\" \/>\n<script type=\"application\/ld+json\" class=\"yoast-schema-graph\">{\"@context\":\"https:\/\/schema.org\",\"@graph\":[{\"@type\":\"WebPage\",\"@id\":\"https:\/\/treeclix.com\/partners\/harry-dabbs\/\",\"url\":\"https:\/\/treeclix.com\/partners\/harry-dabbs\/\",\"name\":\"Harry Dabbs - TreeClix\",\"isPartOf\":{\"@id\":\"https:\/\/treeclix.com\/#website\"},\"primaryImageOfPage\":{\"@id\":\"https:\/\/treeclix.com\/partners\/harry-dabbs\/#primaryimage\"},\"image\":{\"@id\":\"https:\/\/treeclix.com\/partners\/harry-dabbs\/#primaryimage\"},\"thumbnailUrl\":\"https:\/\/treeclix.com\/wp-content\/uploads\/2024\/06\/harry-dabbs-Caramel-Patent-Cantle.jpg\",\"datePublished\":\"2024-06-01T12:31:20+00:00\",\"dateModified\":\"2024-07-29T11:07:01+00:00\",\"breadcrumb\":{\"@id\":\"https:\/\/treeclix.com\/partners\/harry-dabbs\/#breadcrumb\"},\"inLanguage\":\"de\",\"potentialAction\":[{\"@type\":\"ReadAction\",\"target\":[\"https:\/\/treeclix.com\/partners\/harry-dabbs\/\"]}]},{\"@type\":\"ImageObject\",\"inLanguage\":\"de\",\"@id\":\"https:\/\/treeclix.com\/partners\/harry-dabbs\/#primaryimage\",\"url\":\"https:\/\/treeclix.com\/wp-content\/uploads\/2024\/06\/harry-dabbs-Caramel-Patent-Cantle.jpg\",\"contentUrl\":\"https:\/\/treeclix.com\/wp-content\/uploads\/2024\/06\/harry-dabbs-Caramel-Patent-Cantle.jpg\"},{\"@type\":\"BreadcrumbList\",\"@id\":\"https:\/\/treeclix.com\/partners\/harry-dabbs\/#breadcrumb\",\"itemListElement\":[{\"@type\":\"ListItem\",\"position\":1,\"name\":\"TreeClix\",\"item\":\"https:\/\/treeclix.com\/de\/\"},{\"@type\":\"ListItem\",\"position\":2,\"name\":\"Partner\",\"item\":\"https:\/\/treeclix.com\/partners\/\"},{\"@type\":\"ListItem\",\"position\":3,\"name\":\"Harry Dabbs\"}]},{\"@type\":\"WebSite\",\"@id\":\"https:\/\/treeclix.com\/#website\",\"url\":\"https:\/\/treeclix.com\/\",\"name\":\"TreeClix\",\"description\":\"Spot on saddle fitting, every time!\",\"publisher\":{\"@id\":\"https:\/\/treeclix.com\/#organization\"},\"potentialAction\":[{\"@type\":\"SearchAction\",\"target\":{\"@type\":\"EntryPoint\",\"urlTemplate\":\"https:\/\/treeclix.com\/?s={search_term_string}\"},\"query-input\":{\"@type\":\"PropertyValueSpecification\",\"valueRequired\":true,\"valueName\":\"search_term_string\"}}],\"inLanguage\":\"de\"},{\"@type\":\"Organization\",\"@id\":\"https:\/\/treeclix.com\/#organization\",\"name\":\"TreeClix\",\"url\":\"https:\/\/treeclix.com\/\",\"logo\":{\"@type\":\"ImageObject\",\"inLanguage\":\"de\",\"@id\":\"https:\/\/treeclix.com\/#\/schema\/logo\/image\/\",\"url\":\"https:\/\/treeclix.ws04.danego.net\/wp-content\/uploads\/2020\/06\/Logo-TreeClix.png\",\"contentUrl\":\"https:\/\/treeclix.ws04.danego.net\/wp-content\/uploads\/2020\/06\/Logo-TreeClix.png\",\"width\":500,\"height\":200,\"caption\":\"TreeClix\"},\"image\":{\"@id\":\"https:\/\/treeclix.com\/#\/schema\/logo\/image\/\"},\"sameAs\":[\"https:\/\/www.facebook.com\/profile.php?id=100069728130540\"]}]}<\/script>\n<!-- \/ Yoast SEO plugin. -->","yoast_head_json":{"title":"Harry Dabbs - TreeClix","robots":{"index":"index","follow":"follow","max-snippet":"max-snippet:-1","max-image-preview":"max-image-preview:large","max-video-preview":"max-video-preview:-1"},"canonical":"https:\/\/treeclix.com\/partners\/harry-dabbs\/","og_locale":"de_DE","og_type":"article","og_title":"Harry Dabbs - TreeClix","og_description":"Harry Dabbs F\u00fcr den korrekten Reitersitz Harry Dabbs S\u00e4ttel sind darauf ausgelegt, den optimale Reitersitz (Schulter-H\u00fcfte-Ferse-Linie im Lot ) zu erm\u00f6glichen und gleichzeitig ein komfortables, geschmeidiges und frei bewegliches Pferd [&hellip;]","og_url":"https:\/\/treeclix.com\/partners\/harry-dabbs\/","og_site_name":"TreeClix","article_publisher":"https:\/\/www.facebook.com\/profile.php?id=100069728130540","article_modified_time":"2024-07-29T11:07:01+00:00","og_image":[{"url":"https:\/\/treeclix.com\/wp-content\/uploads\/2024\/06\/harry-dabbs-Caramel-Patent-Cantle.jpg","type":"","width":"","height":""}],"twitter_card":"summary_large_image","twitter_misc":{"Gesch\u00e4tzte Lesezeit":"1\u00a0Minute"},"schema":{"@context":"https:\/\/schema.org","@graph":[{"@type":"WebPage","@id":"https:\/\/treeclix.com\/partners\/harry-dabbs\/","url":"https:\/\/treeclix.com\/partners\/harry-dabbs\/","name":"Harry Dabbs - TreeClix","isPartOf":{"@id":"https:\/\/treeclix.com\/#website"},"primaryImageOfPage":{"@id":"https:\/\/treeclix.com\/partners\/harry-dabbs\/#primaryimage"},"image":{"@id":"https:\/\/treeclix.com\/partners\/harry-dabbs\/#primaryimage"},"thumbnailUrl":"https:\/\/treeclix.com\/wp-content\/uploads\/2024\/06\/harry-dabbs-Caramel-Patent-Cantle.jpg","datePublished":"2024-06-01T12:31:20+00:00","dateModified":"2024-07-29T11:07:01+00:00","breadcrumb":{"@id":"https:\/\/treeclix.com\/partners\/harry-dabbs\/#breadcrumb"},"inLanguage":"de","potentialAction":[{"@type":"ReadAction","target":["https:\/\/treeclix.com\/partners\/harry-dabbs\/"]}]},{"@type":"ImageObject","inLanguage":"de","@id":"https:\/\/treeclix.com\/partners\/harry-dabbs\/#primaryimage","url":"https:\/\/treeclix.com\/wp-content\/uploads\/2024\/06\/harry-dabbs-Caramel-Patent-Cantle.jpg","contentUrl":"https:\/\/treeclix.com\/wp-content\/uploads\/2024\/06\/harry-dabbs-Caramel-Patent-Cantle.jpg"},{"@type":"BreadcrumbList","@id":"https:\/\/treeclix.com\/partners\/harry-dabbs\/#breadcrumb","itemListElement":[{"@type":"ListItem","position":1,"name":"TreeClix","item":"https:\/\/treeclix.com\/de\/"},{"@type":"ListItem","position":2,"name":"Partner","item":"https:\/\/treeclix.com\/partners\/"},{"@type":"ListItem","position":3,"name":"Harry Dabbs"}]},{"@type":"WebSite","@id":"https:\/\/treeclix.com\/#website","url":"https:\/\/treeclix.com\/","name":"TreeClix","description":"Spot on saddle fitting, every time!","publisher":{"@id":"https:\/\/treeclix.com\/#organization"},"potentialAction":[{"@type":"SearchAction","target":{"@type":"EntryPoint","urlTemplate":"https:\/\/treeclix.com\/?s={search_term_string}"},"query-input":{"@type":"PropertyValueSpecification","valueRequired":true,"valueName":"search_term_string"}}],"inLanguage":"de"},{"@type":"Organization","@id":"https:\/\/treeclix.com\/#organization","name":"TreeClix","url":"https:\/\/treeclix.com\/","logo":{"@type":"ImageObject","inLanguage":"de","@id":"https:\/\/treeclix.com\/#\/schema\/logo\/image\/","url":"https:\/\/treeclix.ws04.danego.net\/wp-content\/uploads\/2020\/06\/Logo-TreeClix.png","contentUrl":"https:\/\/treeclix.ws04.danego.net\/wp-content\/uploads\/2020\/06\/Logo-TreeClix.png","width":500,"height":200,"caption":"TreeClix"},"image":{"@id":"https:\/\/treeclix.com\/#\/schema\/logo\/image\/"},"sameAs":["https:\/\/www.facebook.com\/profile.php?id=100069728130540"]}]}},"_links":{"self":[{"href":"https:\/\/treeclix.com\/de\/wp-json\/wp\/v2\/pages\/4952","targetHints":{"allow":["GET"]}}],"collection":[{"href":"https:\/\/treeclix.com\/de\/wp-json\/wp\/v2\/pages"}],"about":[{"href":"https:\/\/treeclix.com\/de\/wp-json\/wp\/v2\/types\/page"}],"author":[{"embeddable":true,"href":"https:\/\/treeclix.com\/de\/wp-json\/wp\/v2\/users\/64"}],"replies":[{"embeddable":true,"href":"https:\/\/treeclix.com\/de\/wp-json\/wp\/v2\/comments?post=4952"}],"version-history":[{"count":3,"href":"https:\/\/treeclix.com\/de\/wp-json\/wp\/v2\/pages\/4952\/revisions"}],"predecessor-version":[{"id":5042,"href":"https:\/\/treeclix.com\/de\/wp-json\/wp\/v2\/pages\/4952\/revisions\/5042"}],"up":[{"embeddable":true,"href":"https:\/\/treeclix.com\/de\/wp-json\/wp\/v2\/pages\/4946"}],"wp:attachment":[{"href":"https:\/\/treeclix.com\/de\/wp-json\/wp\/v2\/media?parent=4952"}],"curies":[{"name":"wp","href":"https:\/\/api.w.org\/{rel}","templated":true}]}}