{"id":4950,"date":"2024-06-01T14:30:36","date_gmt":"2024-06-01T12:30:36","guid":{"rendered":"https:\/\/treeclix.com\/partner\/empire\/"},"modified":"2024-07-29T12:56:22","modified_gmt":"2024-07-29T10:56:22","slug":"empire","status":"publish","type":"page","link":"https:\/\/treeclix.com\/de\/partner\/empire\/","title":{"rendered":"Empire"},"content":{"rendered":"\t\t<div data-elementor-type=\"wp-page\" data-elementor-id=\"4950\" class=\"elementor elementor-4950 elementor-4844\" data-elementor-post-type=\"page\">\n\t\t\t\t\t\t<section class=\"elementor-section elementor-top-section elementor-element elementor-element-3171f1d elementor-section-height-min-height elementor-section-boxed elementor-section-height-default elementor-section-items-middle\" data-id=\"3171f1d\" data-element_type=\"section\" data-settings=\"{&quot;background_background&quot;:&quot;classic&quot;}\">\n\t\t\t\t\t\t\t<div class=\"elementor-background-overlay\"><\/div>\n\t\t\t\t\t\t\t<div class=\"elementor-container elementor-column-gap-default\">\n\t\t\t\t\t<div class=\"elementor-column elementor-col-100 elementor-top-column elementor-element elementor-element-f4d5932\" data-id=\"f4d5932\" data-element_type=\"column\">\n\t\t\t<div class=\"elementor-widget-wrap elementor-element-populated\">\n\t\t\t\t\t\t<div class=\"elementor-element elementor-element-1360619 elementor-widget elementor-widget-heading\" data-id=\"1360619\" data-element_type=\"widget\" data-widget_type=\"heading.default\">\n\t\t\t\t<div class=\"elementor-widget-container\">\n\t\t\t\t\t<h1 class=\"elementor-heading-title elementor-size-default\">Empire <\/h1>\t\t\t\t<\/div>\n\t\t\t\t<\/div>\n\t\t\t\t\t<\/div>\n\t\t<\/div>\n\t\t\t\t\t<\/div>\n\t\t<\/section>\n\t\t\t\t<section class=\"elementor-section elementor-top-section elementor-element elementor-element-a4f2268 elementor-section-boxed elementor-section-height-default elementor-section-height-default\" data-id=\"a4f2268\" data-element_type=\"section\">\n\t\t\t\t\t\t<div class=\"elementor-container elementor-column-gap-default\">\n\t\t\t\t\t<div class=\"elementor-column elementor-col-50 elementor-top-column elementor-element elementor-element-a7c6214\" data-id=\"a7c6214\" data-element_type=\"column\">\n\t\t\t<div class=\"elementor-widget-wrap elementor-element-populated\">\n\t\t\t\t\t\t<div class=\"elementor-element elementor-element-9a28712 elementor-widget elementor-widget-heading\" data-id=\"9a28712\" data-element_type=\"widget\" data-widget_type=\"heading.default\">\n\t\t\t\t<div class=\"elementor-widget-container\">\n\t\t\t\t\t<h2 class=\"elementor-heading-title elementor-size-default\">Empire: Handwerkskunst, Zuverl\u00e4ssigkeit und Qualit\u00e4t<\/h2>\t\t\t\t<\/div>\n\t\t\t\t<\/div>\n\t\t\t\t<div class=\"elementor-element elementor-element-eab821d elementor-widget elementor-widget-text-editor\" data-id=\"eab821d\" data-element_type=\"widget\" data-widget_type=\"text-editor.default\">\n\t\t\t\t<div class=\"elementor-widget-container\">\n\t\t\t\t\t\t\t\t\t<p>Empire Saddles ist nicht nur eine Marke; es ist ein Versprechen zu Handwerkskunst, Zuverl\u00e4ssigkeit und Qualit\u00e4t. Gegr\u00fcndet von Jolanda und Nienke, zwei engagierten Handwerkerinnen, die die Arbeit der Sattler revolutionieren wollen.<\/p>\n<p>Mit dem Ziel, die L\u00fccke zwischen Herstellern und Sattlern zu schlie\u00dfen, liefern wir hochwertige, individuell anpassbare S\u00e4ttel ohne Kompromisse. Keine leeren Versprechungen, sondern praktische L\u00f6sungen und ein Fokus auf Handwerkskunst.<\/p>\n\t\t\t\t\t\t\t\t<\/div>\n\t\t\t\t<\/div>\n\t\t\t\t\t<\/div>\n\t\t<\/div>\n\t\t\t\t<div class=\"elementor-column elementor-col-50 elementor-top-column elementor-element elementor-element-7b0bed1\" data-id=\"7b0bed1\" data-element_type=\"column\">\n\t\t\t<div class=\"elementor-widget-wrap\">\n\t\t\t\t\t\t\t<\/div>\n\t\t<\/div>\n\t\t\t\t\t<\/div>\n\t\t<\/section>\n\t\t\t\t<section class=\"elementor-section elementor-top-section elementor-element elementor-element-ab0c5b3 elementor-section-boxed elementor-section-height-default elementor-section-height-default\" data-id=\"ab0c5b3\" data-element_type=\"section\" data-settings=\"{&quot;background_background&quot;:&quot;classic&quot;}\">\n\t\t\t\t\t\t<div class=\"elementor-container elementor-column-gap-default\">\n\t\t\t\t\t<div class=\"elementor-column elementor-col-50 elementor-top-column elementor-element elementor-element-142e1c1\" data-id=\"142e1c1\" data-element_type=\"column\" data-settings=\"{&quot;background_background&quot;:&quot;classic&quot;}\">\n\t\t\t<div class=\"elementor-widget-wrap elementor-element-populated\">\n\t\t\t\t\t\t<div class=\"elementor-element elementor-element-af8eb22 elementor-widget elementor-widget-image\" data-id=\"af8eb22\" data-element_type=\"widget\" data-widget_type=\"image.default\">\n\t\t\t\t<div class=\"elementor-widget-container\">\n\t\t\t\t\t\t\t\t\t\t\t\t\t\t\t<img fetchpriority=\"high\" decoding=\"async\" width=\"534\" height=\"748\" src=\"https:\/\/treeclix.com\/wp-content\/uploads\/2024\/06\/Empire-saddles-nienke-jolanda-treeclix-1.jpg\" class=\"attachment-large size-large wp-image-4744\" alt=\"\" srcset=\"https:\/\/treeclix.com\/wp-content\/uploads\/2024\/06\/Empire-saddles-nienke-jolanda-treeclix-1.jpg 534w, https:\/\/treeclix.com\/wp-content\/uploads\/2024\/06\/Empire-saddles-nienke-jolanda-treeclix-1-214x300.jpg 214w\" sizes=\"(max-width: 534px) 100vw, 534px\" \/>\t\t\t\t\t\t\t\t\t\t\t\t\t\t\t<\/div>\n\t\t\t\t<\/div>\n\t\t\t\t\t<\/div>\n\t\t<\/div>\n\t\t\t\t<div class=\"elementor-column elementor-col-50 elementor-top-column elementor-element elementor-element-15a4df5\" data-id=\"15a4df5\" data-element_type=\"column\">\n\t\t\t<div class=\"elementor-widget-wrap elementor-element-populated\">\n\t\t\t\t\t\t<div class=\"elementor-element elementor-element-d92336c elementor-widget elementor-widget-heading\" data-id=\"d92336c\" data-element_type=\"widget\" data-widget_type=\"heading.default\">\n\t\t\t\t<div class=\"elementor-widget-container\">\n\t\t\t\t\t<h3 class=\"elementor-heading-title elementor-size-default\">Komfort und Langlebigkeit<\/h3>\t\t\t\t<\/div>\n\t\t\t\t<\/div>\n\t\t\t\t<div class=\"elementor-element elementor-element-ba82b8e elementor-widget elementor-widget-text-editor\" data-id=\"ba82b8e\" data-element_type=\"widget\" data-widget_type=\"text-editor.default\">\n\t\t\t\t<div class=\"elementor-widget-container\">\n\t\t\t\t\t\t\t\t\t<p>Bei Empire Saddles stehen Zuverl\u00e4ssigkeit, Komfort und Qualit\u00e4t im Mittelpunkt. Wir bieten Sattlern Produkte, die h\u00f6chsten Komfort und Langlebigkeit bieten und einfach anzupassen sind. Wir \u00fcbernehmen Einkauf, Lagermanagement und Produktentwicklung, damit Sattler sich auf ihr Handwerk konzentrieren k\u00f6nnen.<\/p>\n<p>Unsere Arbeit endet nicht beim Sattler \u2013 wir streben nach Perfektion in jedem Sattel, um die Zufriedenheit von Reiter und Pferd zu gew\u00e4hrleisten. Offene Kommunikation und nachhaltige Beziehungen sind uns wichtig, um das bestm\u00f6gliche Erlebnis zu bieten.<\/p>\n<p>Wir sind ein Unternehmen, das zu seinen Versprechen steht, und arbeiten t\u00e4glich daran, die Besten in unserem Bereich zu sein.<\/p>\n\t\t\t\t\t\t\t\t<\/div>\n\t\t\t\t<\/div>\n\t\t\t\t<div class=\"elementor-element elementor-element-fc65a4d elementor-align-left elementor-widget elementor-widget-button\" data-id=\"fc65a4d\" data-element_type=\"widget\" data-widget_type=\"button.default\">\n\t\t\t\t<div class=\"elementor-widget-container\">\n\t\t\t\t\t\t\t\t\t<div class=\"elementor-button-wrapper\">\n\t\t\t\t\t<a class=\"elementor-button elementor-button-link elementor-size-sm\" href=\"http:\/\/empiresaddles.com\/\">\n\t\t\t\t\t\t<span class=\"elementor-button-content-wrapper\">\n\t\t\t\t\t\t<span class=\"elementor-button-icon\">\n\t\t\t\t<i aria-hidden=\"true\" class=\"fas fa-external-link-alt\"><\/i>\t\t\t<\/span>\n\t\t\t\t\t\t\t\t\t<span class=\"elementor-button-text\">Website ansehen<\/span>\n\t\t\t\t\t<\/span>\n\t\t\t\t\t<\/a>\n\t\t\t\t<\/div>\n\t\t\t\t\t\t\t\t<\/div>\n\t\t\t\t<\/div>\n\t\t\t\t\t<\/div>\n\t\t<\/div>\n\t\t\t\t\t<\/div>\n\t\t<\/section>\n\t\t\t\t<\/div>\n\t\t","protected":false},"excerpt":{"rendered":"<p>Empire Empire: Handwerkskunst, Zuverl\u00e4ssigkeit und Qualit\u00e4t Empire Saddles ist nicht nur eine Marke; es ist ein Versprechen zu Handwerkskunst, Zuverl\u00e4ssigkeit und Qualit\u00e4t. Gegr\u00fcndet von Jolanda und Nienke, zwei engagierten Handwerkerinnen, [&hellip;]<\/p>\n","protected":false},"author":64,"featured_media":0,"parent":4946,"menu_order":0,"comment_status":"closed","ping_status":"closed","template":"","meta":{"footnotes":""},"class_list":["post-4950","page","type-page","status-publish","hentry"],"yoast_head":"<!-- This site is optimized with the Yoast SEO plugin v25.3 - https:\/\/yoast.com\/wordpress\/plugins\/seo\/ -->\n<title>Empire - TreeClix<\/title>\n<meta name=\"robots\" content=\"index, follow, max-snippet:-1, max-image-preview:large, max-video-preview:-1\" \/>\n<link rel=\"canonical\" href=\"https:\/\/treeclix.com\/partners\/empire\/\" \/>\n<meta property=\"og:locale\" content=\"de_DE\" \/>\n<meta property=\"og:type\" content=\"article\" \/>\n<meta property=\"og:title\" content=\"Empire - TreeClix\" \/>\n<meta property=\"og:description\" content=\"Empire Empire: Handwerkskunst, Zuverl\u00e4ssigkeit und Qualit\u00e4t Empire Saddles ist nicht nur eine Marke; es ist ein Versprechen zu Handwerkskunst, Zuverl\u00e4ssigkeit und Qualit\u00e4t. Gegr\u00fcndet von Jolanda und Nienke, zwei engagierten Handwerkerinnen, [&hellip;]\" \/>\n<meta property=\"og:url\" content=\"https:\/\/treeclix.com\/partners\/empire\/\" \/>\n<meta property=\"og:site_name\" content=\"TreeClix\" \/>\n<meta property=\"article:publisher\" content=\"https:\/\/www.facebook.com\/profile.php?id=100069728130540\" \/>\n<meta property=\"article:modified_time\" content=\"2024-07-29T10:56:22+00:00\" \/>\n<meta property=\"og:image\" content=\"https:\/\/treeclix.com\/wp-content\/uploads\/2024\/06\/Empire-saddles-nienke-jolanda-treeclix-1.jpg\" \/>\n<meta name=\"twitter:card\" content=\"summary_large_image\" \/>\n<meta name=\"twitter:label1\" content=\"Gesch\u00e4tzte Lesezeit\" \/>\n\t<meta name=\"twitter:data1\" content=\"1\u00a0Minute\" \/>\n<script type=\"application\/ld+json\" class=\"yoast-schema-graph\">{\"@context\":\"https:\/\/schema.org\",\"@graph\":[{\"@type\":\"WebPage\",\"@id\":\"https:\/\/treeclix.com\/partners\/empire\/\",\"url\":\"https:\/\/treeclix.com\/partners\/empire\/\",\"name\":\"Empire - TreeClix\",\"isPartOf\":{\"@id\":\"https:\/\/treeclix.com\/#website\"},\"primaryImageOfPage\":{\"@id\":\"https:\/\/treeclix.com\/partners\/empire\/#primaryimage\"},\"image\":{\"@id\":\"https:\/\/treeclix.com\/partners\/empire\/#primaryimage\"},\"thumbnailUrl\":\"https:\/\/treeclix.com\/wp-content\/uploads\/2024\/06\/Empire-saddles-nienke-jolanda-treeclix-1.jpg\",\"datePublished\":\"2024-06-01T12:30:36+00:00\",\"dateModified\":\"2024-07-29T10:56:22+00:00\",\"breadcrumb\":{\"@id\":\"https:\/\/treeclix.com\/partners\/empire\/#breadcrumb\"},\"inLanguage\":\"de\",\"potentialAction\":[{\"@type\":\"ReadAction\",\"target\":[\"https:\/\/treeclix.com\/partners\/empire\/\"]}]},{\"@type\":\"ImageObject\",\"inLanguage\":\"de\",\"@id\":\"https:\/\/treeclix.com\/partners\/empire\/#primaryimage\",\"url\":\"https:\/\/treeclix.com\/wp-content\/uploads\/2024\/06\/Empire-saddles-nienke-jolanda-treeclix-1.jpg\",\"contentUrl\":\"https:\/\/treeclix.com\/wp-content\/uploads\/2024\/06\/Empire-saddles-nienke-jolanda-treeclix-1.jpg\"},{\"@type\":\"BreadcrumbList\",\"@id\":\"https:\/\/treeclix.com\/partners\/empire\/#breadcrumb\",\"itemListElement\":[{\"@type\":\"ListItem\",\"position\":1,\"name\":\"TreeClix\",\"item\":\"https:\/\/treeclix.com\/de\/\"},{\"@type\":\"ListItem\",\"position\":2,\"name\":\"Partner\",\"item\":\"https:\/\/treeclix.com\/partners\/\"},{\"@type\":\"ListItem\",\"position\":3,\"name\":\"Empire\"}]},{\"@type\":\"WebSite\",\"@id\":\"https:\/\/treeclix.com\/#website\",\"url\":\"https:\/\/treeclix.com\/\",\"name\":\"TreeClix\",\"description\":\"Spot on saddle fitting, every time!\",\"publisher\":{\"@id\":\"https:\/\/treeclix.com\/#organization\"},\"potentialAction\":[{\"@type\":\"SearchAction\",\"target\":{\"@type\":\"EntryPoint\",\"urlTemplate\":\"https:\/\/treeclix.com\/?s={search_term_string}\"},\"query-input\":{\"@type\":\"PropertyValueSpecification\",\"valueRequired\":true,\"valueName\":\"search_term_string\"}}],\"inLanguage\":\"de\"},{\"@type\":\"Organization\",\"@id\":\"https:\/\/treeclix.com\/#organization\",\"name\":\"TreeClix\",\"url\":\"https:\/\/treeclix.com\/\",\"logo\":{\"@type\":\"ImageObject\",\"inLanguage\":\"de\",\"@id\":\"https:\/\/treeclix.com\/#\/schema\/logo\/image\/\",\"url\":\"https:\/\/treeclix.ws04.danego.net\/wp-content\/uploads\/2020\/06\/Logo-TreeClix.png\",\"contentUrl\":\"https:\/\/treeclix.ws04.danego.net\/wp-content\/uploads\/2020\/06\/Logo-TreeClix.png\",\"width\":500,\"height\":200,\"caption\":\"TreeClix\"},\"image\":{\"@id\":\"https:\/\/treeclix.com\/#\/schema\/logo\/image\/\"},\"sameAs\":[\"https:\/\/www.facebook.com\/profile.php?id=100069728130540\"]}]}<\/script>\n<!-- \/ Yoast SEO plugin. -->","yoast_head_json":{"title":"Empire - TreeClix","robots":{"index":"index","follow":"follow","max-snippet":"max-snippet:-1","max-image-preview":"max-image-preview:large","max-video-preview":"max-video-preview:-1"},"canonical":"https:\/\/treeclix.com\/partners\/empire\/","og_locale":"de_DE","og_type":"article","og_title":"Empire - TreeClix","og_description":"Empire Empire: Handwerkskunst, Zuverl\u00e4ssigkeit und Qualit\u00e4t Empire Saddles ist nicht nur eine Marke; es ist ein Versprechen zu Handwerkskunst, Zuverl\u00e4ssigkeit und Qualit\u00e4t. Gegr\u00fcndet von Jolanda und Nienke, zwei engagierten Handwerkerinnen, [&hellip;]","og_url":"https:\/\/treeclix.com\/partners\/empire\/","og_site_name":"TreeClix","article_publisher":"https:\/\/www.facebook.com\/profile.php?id=100069728130540","article_modified_time":"2024-07-29T10:56:22+00:00","og_image":[{"url":"https:\/\/treeclix.com\/wp-content\/uploads\/2024\/06\/Empire-saddles-nienke-jolanda-treeclix-1.jpg","type":"","width":"","height":""}],"twitter_card":"summary_large_image","twitter_misc":{"Gesch\u00e4tzte Lesezeit":"1\u00a0Minute"},"schema":{"@context":"https:\/\/schema.org","@graph":[{"@type":"WebPage","@id":"https:\/\/treeclix.com\/partners\/empire\/","url":"https:\/\/treeclix.com\/partners\/empire\/","name":"Empire - TreeClix","isPartOf":{"@id":"https:\/\/treeclix.com\/#website"},"primaryImageOfPage":{"@id":"https:\/\/treeclix.com\/partners\/empire\/#primaryimage"},"image":{"@id":"https:\/\/treeclix.com\/partners\/empire\/#primaryimage"},"thumbnailUrl":"https:\/\/treeclix.com\/wp-content\/uploads\/2024\/06\/Empire-saddles-nienke-jolanda-treeclix-1.jpg","datePublished":"2024-06-01T12:30:36+00:00","dateModified":"2024-07-29T10:56:22+00:00","breadcrumb":{"@id":"https:\/\/treeclix.com\/partners\/empire\/#breadcrumb"},"inLanguage":"de","potentialAction":[{"@type":"ReadAction","target":["https:\/\/treeclix.com\/partners\/empire\/"]}]},{"@type":"ImageObject","inLanguage":"de","@id":"https:\/\/treeclix.com\/partners\/empire\/#primaryimage","url":"https:\/\/treeclix.com\/wp-content\/uploads\/2024\/06\/Empire-saddles-nienke-jolanda-treeclix-1.jpg","contentUrl":"https:\/\/treeclix.com\/wp-content\/uploads\/2024\/06\/Empire-saddles-nienke-jolanda-treeclix-1.jpg"},{"@type":"BreadcrumbList","@id":"https:\/\/treeclix.com\/partners\/empire\/#breadcrumb","itemListElement":[{"@type":"ListItem","position":1,"name":"TreeClix","item":"https:\/\/treeclix.com\/de\/"},{"@type":"ListItem","position":2,"name":"Partner","item":"https:\/\/treeclix.com\/partners\/"},{"@type":"ListItem","position":3,"name":"Empire"}]},{"@type":"WebSite","@id":"https:\/\/treeclix.com\/#website","url":"https:\/\/treeclix.com\/","name":"TreeClix","description":"Spot on saddle fitting, every time!","publisher":{"@id":"https:\/\/treeclix.com\/#organization"},"potentialAction":[{"@type":"SearchAction","target":{"@type":"EntryPoint","urlTemplate":"https:\/\/treeclix.com\/?s={search_term_string}"},"query-input":{"@type":"PropertyValueSpecification","valueRequired":true,"valueName":"search_term_string"}}],"inLanguage":"de"},{"@type":"Organization","@id":"https:\/\/treeclix.com\/#organization","name":"TreeClix","url":"https:\/\/treeclix.com\/","logo":{"@type":"ImageObject","inLanguage":"de","@id":"https:\/\/treeclix.com\/#\/schema\/logo\/image\/","url":"https:\/\/treeclix.ws04.danego.net\/wp-content\/uploads\/2020\/06\/Logo-TreeClix.png","contentUrl":"https:\/\/treeclix.ws04.danego.net\/wp-content\/uploads\/2020\/06\/Logo-TreeClix.png","width":500,"height":200,"caption":"TreeClix"},"image":{"@id":"https:\/\/treeclix.com\/#\/schema\/logo\/image\/"},"sameAs":["https:\/\/www.facebook.com\/profile.php?id=100069728130540"]}]}},"_links":{"self":[{"href":"https:\/\/treeclix.com\/de\/wp-json\/wp\/v2\/pages\/4950","targetHints":{"allow":["GET"]}}],"collection":[{"href":"https:\/\/treeclix.com\/de\/wp-json\/wp\/v2\/pages"}],"about":[{"href":"https:\/\/treeclix.com\/de\/wp-json\/wp\/v2\/types\/page"}],"author":[{"embeddable":true,"href":"https:\/\/treeclix.com\/de\/wp-json\/wp\/v2\/users\/64"}],"replies":[{"embeddable":true,"href":"https:\/\/treeclix.com\/de\/wp-json\/wp\/v2\/comments?post=4950"}],"version-history":[{"count":3,"href":"https:\/\/treeclix.com\/de\/wp-json\/wp\/v2\/pages\/4950\/revisions"}],"predecessor-version":[{"id":5033,"href":"https:\/\/treeclix.com\/de\/wp-json\/wp\/v2\/pages\/4950\/revisions\/5033"}],"up":[{"embeddable":true,"href":"https:\/\/treeclix.com\/de\/wp-json\/wp\/v2\/pages\/4946"}],"wp:attachment":[{"href":"https:\/\/treeclix.com\/de\/wp-json\/wp\/v2\/media?parent=4950"}],"curies":[{"name":"wp","href":"https:\/\/api.w.org\/{rel}","templated":true}]}}