{"id":4854,"date":"2024-06-01T14:32:32","date_gmt":"2024-06-01T12:32:32","guid":{"rendered":"https:\/\/treeclix.com\/stuebben\/"},"modified":"2024-07-29T13:11:27","modified_gmt":"2024-07-29T11:11:27","slug":"stuebben","status":"publish","type":"page","link":"https:\/\/treeclix.com\/de\/partner\/stuebben\/","title":{"rendered":"St\u00fcbben"},"content":{"rendered":"\t\t<div data-elementor-type=\"wp-page\" data-elementor-id=\"4854\" class=\"elementor elementor-4854 elementor-4659\" data-elementor-post-type=\"page\">\n\t\t\t\t\t\t<section class=\"elementor-section elementor-top-section elementor-element elementor-element-540f2f1 elementor-section-height-min-height elementor-section-boxed elementor-section-height-default elementor-section-items-middle\" data-id=\"540f2f1\" data-element_type=\"section\" data-settings=\"{&quot;background_background&quot;:&quot;classic&quot;}\">\n\t\t\t\t\t\t\t<div class=\"elementor-background-overlay\"><\/div>\n\t\t\t\t\t\t\t<div class=\"elementor-container elementor-column-gap-default\">\n\t\t\t\t\t<div class=\"elementor-column elementor-col-100 elementor-top-column elementor-element elementor-element-51c9f4d\" data-id=\"51c9f4d\" data-element_type=\"column\">\n\t\t\t<div class=\"elementor-widget-wrap elementor-element-populated\">\n\t\t\t\t\t\t<div class=\"elementor-element elementor-element-5c0af39 elementor-widget elementor-widget-heading\" data-id=\"5c0af39\" data-element_type=\"widget\" data-widget_type=\"heading.default\">\n\t\t\t\t<div class=\"elementor-widget-container\">\n\t\t\t\t\t<h1 class=\"elementor-heading-title elementor-size-default\">St\u00fcbben<\/h1>\t\t\t\t<\/div>\n\t\t\t\t<\/div>\n\t\t\t\t\t<\/div>\n\t\t<\/div>\n\t\t\t\t\t<\/div>\n\t\t<\/section>\n\t\t\t\t<section class=\"elementor-section elementor-top-section elementor-element elementor-element-81b9e1f elementor-section-boxed elementor-section-height-default elementor-section-height-default\" data-id=\"81b9e1f\" data-element_type=\"section\">\n\t\t\t\t\t\t<div class=\"elementor-container elementor-column-gap-default\">\n\t\t\t\t\t<div class=\"elementor-column elementor-col-50 elementor-top-column elementor-element elementor-element-415b0bc\" data-id=\"415b0bc\" data-element_type=\"column\">\n\t\t\t<div class=\"elementor-widget-wrap elementor-element-populated\">\n\t\t\t\t\t\t<div class=\"elementor-element elementor-element-a6f676c elementor-widget elementor-widget-heading\" data-id=\"a6f676c\" data-element_type=\"widget\" data-widget_type=\"heading.default\">\n\t\t\t\t<div class=\"elementor-widget-container\">\n\t\t\t\t\t<h2 class=\"elementor-heading-title elementor-size-default\">Ein profundes Verst\u00e4ndnis im Pferdesport<\/h2>\t\t\t\t<\/div>\n\t\t\t\t<\/div>\n\t\t\t\t<div class=\"elementor-element elementor-element-a70fa68 elementor-widget elementor-widget-text-editor\" data-id=\"a70fa68\" data-element_type=\"widget\" data-widget_type=\"text-editor.default\">\n\t\t\t\t<div class=\"elementor-widget-container\">\n\t\t\t\t\t\t\t\t\t<p>Mit \u00fcber 130 Jahren Erfahrung hat St\u00fcbben ein tiefes Verst\u00e4ndnis f\u00fcr die Reiterwelt und die Bed\u00fcrfnisse ihrer Kunden. Dieses Wissen durch Erfahrung gepaart mit innovativem Geist erm\u00f6glicht St\u00fcbben, die besten Produkte und Dienstleistungen ihren Kunden anbieten zu k\u00f6nnen. <\/p>\n\t\t\t\t\t\t\t\t<\/div>\n\t\t\t\t<\/div>\n\t\t\t\t\t<\/div>\n\t\t<\/div>\n\t\t\t\t<div class=\"elementor-column elementor-col-50 elementor-top-column elementor-element elementor-element-592a96b\" data-id=\"592a96b\" data-element_type=\"column\">\n\t\t\t<div class=\"elementor-widget-wrap\">\n\t\t\t\t\t\t\t<\/div>\n\t\t<\/div>\n\t\t\t\t\t<\/div>\n\t\t<\/section>\n\t\t\t\t<section class=\"elementor-section elementor-top-section elementor-element elementor-element-ab891e9 elementor-section-boxed elementor-section-height-default elementor-section-height-default\" data-id=\"ab891e9\" data-element_type=\"section\" data-settings=\"{&quot;background_background&quot;:&quot;classic&quot;}\">\n\t\t\t\t\t\t<div class=\"elementor-container elementor-column-gap-default\">\n\t\t\t\t\t<div class=\"elementor-column elementor-col-50 elementor-top-column elementor-element elementor-element-f6f3d98\" data-id=\"f6f3d98\" data-element_type=\"column\" data-settings=\"{&quot;background_background&quot;:&quot;classic&quot;}\">\n\t\t\t<div class=\"elementor-widget-wrap elementor-element-populated\">\n\t\t\t\t\t\t<div class=\"elementor-element elementor-element-54b0fa1 elementor-widget elementor-widget-image\" data-id=\"54b0fa1\" data-element_type=\"widget\" data-widget_type=\"image.default\">\n\t\t\t\t<div class=\"elementor-widget-container\">\n\t\t\t\t\t\t\t\t\t\t\t\t\t\t\t<img fetchpriority=\"high\" decoding=\"async\" width=\"800\" height=\"755\" src=\"https:\/\/treeclix.com\/wp-content\/uploads\/2024\/06\/stubben-zadels-treeclix-horse-1.jpg\" class=\"attachment-large size-large wp-image-4802\" alt=\"\" srcset=\"https:\/\/treeclix.com\/wp-content\/uploads\/2024\/06\/stubben-zadels-treeclix-horse-1.jpg 800w, https:\/\/treeclix.com\/wp-content\/uploads\/2024\/06\/stubben-zadels-treeclix-horse-1-300x283.jpg 300w, https:\/\/treeclix.com\/wp-content\/uploads\/2024\/06\/stubben-zadels-treeclix-horse-1-768x725.jpg 768w\" sizes=\"(max-width: 800px) 100vw, 800px\" \/>\t\t\t\t\t\t\t\t\t\t\t\t\t\t\t<\/div>\n\t\t\t\t<\/div>\n\t\t\t\t\t<\/div>\n\t\t<\/div>\n\t\t\t\t<div class=\"elementor-column elementor-col-50 elementor-top-column elementor-element elementor-element-0b93a95\" data-id=\"0b93a95\" data-element_type=\"column\">\n\t\t\t<div class=\"elementor-widget-wrap elementor-element-populated\">\n\t\t\t\t\t\t<div class=\"elementor-element elementor-element-f7adb55 elementor-widget elementor-widget-heading\" data-id=\"f7adb55\" data-element_type=\"widget\" data-widget_type=\"heading.default\">\n\t\t\t\t<div class=\"elementor-widget-container\">\n\t\t\t\t\t<h3 class=\"elementor-heading-title elementor-size-default\">Wohlergehen Ihres Pferdes<\/h3>\t\t\t\t<\/div>\n\t\t\t\t<\/div>\n\t\t\t\t<div class=\"elementor-element elementor-element-8a538ee elementor-widget elementor-widget-text-editor\" data-id=\"8a538ee\" data-element_type=\"widget\" data-widget_type=\"text-editor.default\">\n\t\t\t\t<div class=\"elementor-widget-container\">\n\t\t\t\t\t\t\t\t\t<p>Bei St\u00fcbben steht das Wohlergehen der Pferdes \u00fcber allem. St\u00fcbben S\u00e4ttel sind so konzipiert, dass sie den Komfort und die Bewegungsabl\u00e4ufe des Pferdes ber\u00fccksichtigen. Das gleiche gilt f\u00fcr St\u00fcbben Zubeh\u00f6rprodukte wie Sattelgurte, Trensen, Beinschutz, Pflegeprodukte, Gebisse uvm.<\/p>\n\t\t\t\t\t\t\t\t<\/div>\n\t\t\t\t<\/div>\n\t\t\t\t<div class=\"elementor-element elementor-element-2d26541 elementor-widget elementor-widget-heading\" data-id=\"2d26541\" data-element_type=\"widget\" data-widget_type=\"heading.default\">\n\t\t\t\t<div class=\"elementor-widget-container\">\n\t\t\t\t\t<h3 class=\"elementor-heading-title elementor-size-default\">Sattelanpassung<\/h3>\t\t\t\t<\/div>\n\t\t\t\t<\/div>\n\t\t\t\t<div class=\"elementor-element elementor-element-04ae40a elementor-widget elementor-widget-text-editor\" data-id=\"04ae40a\" data-element_type=\"widget\" data-widget_type=\"text-editor.default\">\n\t\t\t\t<div class=\"elementor-widget-container\">\n\t\t\t\t\t\t\t\t\t<p>Eine korrekte Sattelanpassung ist sowohl f\u00fcr das Pferd als auch f\u00fcr den Reiter von entscheidender Bedeutung. Deshalb bieten wir einen Sattelservice an, um sicherzustellen, dass Ihr St\u00fcbben-Sattel perfekt passt und optimale Leistung und Komfort f\u00fcr Sie und Ihr Pferd bietet.<\/p>\n\t\t\t\t\t\t\t\t<\/div>\n\t\t\t\t<\/div>\n\t\t\t\t<div class=\"elementor-element elementor-element-8e7f09e elementor-align-left elementor-widget elementor-widget-button\" data-id=\"8e7f09e\" data-element_type=\"widget\" data-widget_type=\"button.default\">\n\t\t\t\t<div class=\"elementor-widget-container\">\n\t\t\t\t\t\t\t\t\t<div class=\"elementor-button-wrapper\">\n\t\t\t\t\t<a class=\"elementor-button elementor-button-link elementor-size-sm\" href=\"https:\/\/stuebben.com\/\">\n\t\t\t\t\t\t<span class=\"elementor-button-content-wrapper\">\n\t\t\t\t\t\t<span class=\"elementor-button-icon\">\n\t\t\t\t<i aria-hidden=\"true\" class=\"fas fa-external-link-alt\"><\/i>\t\t\t<\/span>\n\t\t\t\t\t\t\t\t\t<span class=\"elementor-button-text\">Website ansehen <\/span>\n\t\t\t\t\t<\/span>\n\t\t\t\t\t<\/a>\n\t\t\t\t<\/div>\n\t\t\t\t\t\t\t\t<\/div>\n\t\t\t\t<\/div>\n\t\t\t\t\t<\/div>\n\t\t<\/div>\n\t\t\t\t\t<\/div>\n\t\t<\/section>\n\t\t\t\t<\/div>\n\t\t","protected":false},"excerpt":{"rendered":"<p>St\u00fcbben Ein profundes Verst\u00e4ndnis im Pferdesport Mit \u00fcber 130 Jahren Erfahrung hat St\u00fcbben ein tiefes Verst\u00e4ndnis f\u00fcr die Reiterwelt und die Bed\u00fcrfnisse ihrer Kunden. Dieses Wissen durch Erfahrung gepaart mit [&hellip;]<\/p>\n","protected":false},"author":64,"featured_media":0,"parent":4946,"menu_order":0,"comment_status":"closed","ping_status":"closed","template":"","meta":{"footnotes":""},"class_list":["post-4854","page","type-page","status-publish","hentry"],"yoast_head":"<!-- This site is optimized with the Yoast SEO plugin v25.3 - https:\/\/yoast.com\/wordpress\/plugins\/seo\/ -->\n<title>St\u00fcbben - TreeClix<\/title>\n<meta name=\"robots\" content=\"index, follow, max-snippet:-1, max-image-preview:large, max-video-preview:-1\" \/>\n<link rel=\"canonical\" href=\"https:\/\/treeclix.com\/partners\/stubben\/\" \/>\n<meta property=\"og:locale\" content=\"de_DE\" \/>\n<meta property=\"og:type\" content=\"article\" \/>\n<meta property=\"og:title\" content=\"St\u00fcbben - TreeClix\" \/>\n<meta property=\"og:description\" content=\"St\u00fcbben Ein profundes Verst\u00e4ndnis im Pferdesport Mit \u00fcber 130 Jahren Erfahrung hat St\u00fcbben ein tiefes Verst\u00e4ndnis f\u00fcr die Reiterwelt und die Bed\u00fcrfnisse ihrer Kunden. Dieses Wissen durch Erfahrung gepaart mit [&hellip;]\" \/>\n<meta property=\"og:url\" content=\"https:\/\/treeclix.com\/partners\/stubben\/\" \/>\n<meta property=\"og:site_name\" content=\"TreeClix\" \/>\n<meta property=\"article:publisher\" content=\"https:\/\/www.facebook.com\/profile.php?id=100069728130540\" \/>\n<meta property=\"article:modified_time\" content=\"2024-07-29T11:11:27+00:00\" \/>\n<meta property=\"og:image\" content=\"https:\/\/treeclix.com\/wp-content\/uploads\/2024\/06\/stubben-zadels-treeclix-horse-1.jpg\" \/>\n<meta name=\"twitter:card\" content=\"summary_large_image\" \/>\n<meta name=\"twitter:label1\" content=\"Gesch\u00e4tzte Lesezeit\" \/>\n\t<meta name=\"twitter:data1\" content=\"1\u00a0Minute\" \/>\n<script type=\"application\/ld+json\" class=\"yoast-schema-graph\">{\"@context\":\"https:\/\/schema.org\",\"@graph\":[{\"@type\":\"WebPage\",\"@id\":\"https:\/\/treeclix.com\/partners\/stubben\/\",\"url\":\"https:\/\/treeclix.com\/partners\/stubben\/\",\"name\":\"St\u00fcbben - TreeClix\",\"isPartOf\":{\"@id\":\"https:\/\/treeclix.com\/#website\"},\"primaryImageOfPage\":{\"@id\":\"https:\/\/treeclix.com\/partners\/stubben\/#primaryimage\"},\"image\":{\"@id\":\"https:\/\/treeclix.com\/partners\/stubben\/#primaryimage\"},\"thumbnailUrl\":\"https:\/\/treeclix.com\/wp-content\/uploads\/2024\/06\/stubben-zadels-treeclix-horse-1.jpg\",\"datePublished\":\"2024-06-01T12:32:32+00:00\",\"dateModified\":\"2024-07-29T11:11:27+00:00\",\"breadcrumb\":{\"@id\":\"https:\/\/treeclix.com\/partners\/stubben\/#breadcrumb\"},\"inLanguage\":\"de\",\"potentialAction\":[{\"@type\":\"ReadAction\",\"target\":[\"https:\/\/treeclix.com\/partners\/stubben\/\"]}]},{\"@type\":\"ImageObject\",\"inLanguage\":\"de\",\"@id\":\"https:\/\/treeclix.com\/partners\/stubben\/#primaryimage\",\"url\":\"https:\/\/treeclix.com\/wp-content\/uploads\/2024\/06\/stubben-zadels-treeclix-horse-1.jpg\",\"contentUrl\":\"https:\/\/treeclix.com\/wp-content\/uploads\/2024\/06\/stubben-zadels-treeclix-horse-1.jpg\"},{\"@type\":\"BreadcrumbList\",\"@id\":\"https:\/\/treeclix.com\/partners\/stubben\/#breadcrumb\",\"itemListElement\":[{\"@type\":\"ListItem\",\"position\":1,\"name\":\"TreeClix\",\"item\":\"https:\/\/treeclix.com\/de\/\"},{\"@type\":\"ListItem\",\"position\":2,\"name\":\"Partner\",\"item\":\"https:\/\/treeclix.com\/partners\/\"},{\"@type\":\"ListItem\",\"position\":3,\"name\":\"St\u00fcbben\"}]},{\"@type\":\"WebSite\",\"@id\":\"https:\/\/treeclix.com\/#website\",\"url\":\"https:\/\/treeclix.com\/\",\"name\":\"TreeClix\",\"description\":\"Spot on saddle fitting, every time!\",\"publisher\":{\"@id\":\"https:\/\/treeclix.com\/#organization\"},\"potentialAction\":[{\"@type\":\"SearchAction\",\"target\":{\"@type\":\"EntryPoint\",\"urlTemplate\":\"https:\/\/treeclix.com\/?s={search_term_string}\"},\"query-input\":{\"@type\":\"PropertyValueSpecification\",\"valueRequired\":true,\"valueName\":\"search_term_string\"}}],\"inLanguage\":\"de\"},{\"@type\":\"Organization\",\"@id\":\"https:\/\/treeclix.com\/#organization\",\"name\":\"TreeClix\",\"url\":\"https:\/\/treeclix.com\/\",\"logo\":{\"@type\":\"ImageObject\",\"inLanguage\":\"de\",\"@id\":\"https:\/\/treeclix.com\/#\/schema\/logo\/image\/\",\"url\":\"https:\/\/treeclix.ws04.danego.net\/wp-content\/uploads\/2020\/06\/Logo-TreeClix.png\",\"contentUrl\":\"https:\/\/treeclix.ws04.danego.net\/wp-content\/uploads\/2020\/06\/Logo-TreeClix.png\",\"width\":500,\"height\":200,\"caption\":\"TreeClix\"},\"image\":{\"@id\":\"https:\/\/treeclix.com\/#\/schema\/logo\/image\/\"},\"sameAs\":[\"https:\/\/www.facebook.com\/profile.php?id=100069728130540\"]}]}<\/script>\n<!-- \/ Yoast SEO plugin. -->","yoast_head_json":{"title":"St\u00fcbben - TreeClix","robots":{"index":"index","follow":"follow","max-snippet":"max-snippet:-1","max-image-preview":"max-image-preview:large","max-video-preview":"max-video-preview:-1"},"canonical":"https:\/\/treeclix.com\/partners\/stubben\/","og_locale":"de_DE","og_type":"article","og_title":"St\u00fcbben - TreeClix","og_description":"St\u00fcbben Ein profundes Verst\u00e4ndnis im Pferdesport Mit \u00fcber 130 Jahren Erfahrung hat St\u00fcbben ein tiefes Verst\u00e4ndnis f\u00fcr die Reiterwelt und die Bed\u00fcrfnisse ihrer Kunden. Dieses Wissen durch Erfahrung gepaart mit [&hellip;]","og_url":"https:\/\/treeclix.com\/partners\/stubben\/","og_site_name":"TreeClix","article_publisher":"https:\/\/www.facebook.com\/profile.php?id=100069728130540","article_modified_time":"2024-07-29T11:11:27+00:00","og_image":[{"url":"https:\/\/treeclix.com\/wp-content\/uploads\/2024\/06\/stubben-zadels-treeclix-horse-1.jpg","type":"","width":"","height":""}],"twitter_card":"summary_large_image","twitter_misc":{"Gesch\u00e4tzte Lesezeit":"1\u00a0Minute"},"schema":{"@context":"https:\/\/schema.org","@graph":[{"@type":"WebPage","@id":"https:\/\/treeclix.com\/partners\/stubben\/","url":"https:\/\/treeclix.com\/partners\/stubben\/","name":"St\u00fcbben - TreeClix","isPartOf":{"@id":"https:\/\/treeclix.com\/#website"},"primaryImageOfPage":{"@id":"https:\/\/treeclix.com\/partners\/stubben\/#primaryimage"},"image":{"@id":"https:\/\/treeclix.com\/partners\/stubben\/#primaryimage"},"thumbnailUrl":"https:\/\/treeclix.com\/wp-content\/uploads\/2024\/06\/stubben-zadels-treeclix-horse-1.jpg","datePublished":"2024-06-01T12:32:32+00:00","dateModified":"2024-07-29T11:11:27+00:00","breadcrumb":{"@id":"https:\/\/treeclix.com\/partners\/stubben\/#breadcrumb"},"inLanguage":"de","potentialAction":[{"@type":"ReadAction","target":["https:\/\/treeclix.com\/partners\/stubben\/"]}]},{"@type":"ImageObject","inLanguage":"de","@id":"https:\/\/treeclix.com\/partners\/stubben\/#primaryimage","url":"https:\/\/treeclix.com\/wp-content\/uploads\/2024\/06\/stubben-zadels-treeclix-horse-1.jpg","contentUrl":"https:\/\/treeclix.com\/wp-content\/uploads\/2024\/06\/stubben-zadels-treeclix-horse-1.jpg"},{"@type":"BreadcrumbList","@id":"https:\/\/treeclix.com\/partners\/stubben\/#breadcrumb","itemListElement":[{"@type":"ListItem","position":1,"name":"TreeClix","item":"https:\/\/treeclix.com\/de\/"},{"@type":"ListItem","position":2,"name":"Partner","item":"https:\/\/treeclix.com\/partners\/"},{"@type":"ListItem","position":3,"name":"St\u00fcbben"}]},{"@type":"WebSite","@id":"https:\/\/treeclix.com\/#website","url":"https:\/\/treeclix.com\/","name":"TreeClix","description":"Spot on saddle fitting, every time!","publisher":{"@id":"https:\/\/treeclix.com\/#organization"},"potentialAction":[{"@type":"SearchAction","target":{"@type":"EntryPoint","urlTemplate":"https:\/\/treeclix.com\/?s={search_term_string}"},"query-input":{"@type":"PropertyValueSpecification","valueRequired":true,"valueName":"search_term_string"}}],"inLanguage":"de"},{"@type":"Organization","@id":"https:\/\/treeclix.com\/#organization","name":"TreeClix","url":"https:\/\/treeclix.com\/","logo":{"@type":"ImageObject","inLanguage":"de","@id":"https:\/\/treeclix.com\/#\/schema\/logo\/image\/","url":"https:\/\/treeclix.ws04.danego.net\/wp-content\/uploads\/2020\/06\/Logo-TreeClix.png","contentUrl":"https:\/\/treeclix.ws04.danego.net\/wp-content\/uploads\/2020\/06\/Logo-TreeClix.png","width":500,"height":200,"caption":"TreeClix"},"image":{"@id":"https:\/\/treeclix.com\/#\/schema\/logo\/image\/"},"sameAs":["https:\/\/www.facebook.com\/profile.php?id=100069728130540"]}]}},"_links":{"self":[{"href":"https:\/\/treeclix.com\/de\/wp-json\/wp\/v2\/pages\/4854","targetHints":{"allow":["GET"]}}],"collection":[{"href":"https:\/\/treeclix.com\/de\/wp-json\/wp\/v2\/pages"}],"about":[{"href":"https:\/\/treeclix.com\/de\/wp-json\/wp\/v2\/types\/page"}],"author":[{"embeddable":true,"href":"https:\/\/treeclix.com\/de\/wp-json\/wp\/v2\/users\/64"}],"replies":[{"embeddable":true,"href":"https:\/\/treeclix.com\/de\/wp-json\/wp\/v2\/comments?post=4854"}],"version-history":[{"count":2,"href":"https:\/\/treeclix.com\/de\/wp-json\/wp\/v2\/pages\/4854\/revisions"}],"predecessor-version":[{"id":5051,"href":"https:\/\/treeclix.com\/de\/wp-json\/wp\/v2\/pages\/4854\/revisions\/5051"}],"up":[{"embeddable":true,"href":"https:\/\/treeclix.com\/de\/wp-json\/wp\/v2\/pages\/4946"}],"wp:attachment":[{"href":"https:\/\/treeclix.com\/de\/wp-json\/wp\/v2\/media?parent=4854"}],"curies":[{"name":"wp","href":"https:\/\/api.w.org\/{rel}","templated":true}]}}