{"id":4438,"date":"2023-09-12T21:08:16","date_gmt":"2023-09-12T19:08:16","guid":{"rendered":"https:\/\/treeclix.com\/bewertungen-von-sattelspezialisten\/"},"modified":"2024-04-16T13:34:57","modified_gmt":"2024-04-16T11:34:57","slug":"bewertungen-von-sattelspezialisten","status":"publish","type":"page","link":"https:\/\/treeclix.com\/de\/bewertungen-von-sattelspezialisten\/","title":{"rendered":"Bewertungen von Sattelspezialisten"},"content":{"rendered":"\t\t<div data-elementor-type=\"wp-page\" data-elementor-id=\"4438\" class=\"elementor elementor-4438 elementor-2915\" data-elementor-post-type=\"page\">\n\t\t\t\t\t\t<section class=\"elementor-section elementor-top-section elementor-element elementor-element-14c73c9 elementor-section-height-min-height elementor-section-boxed elementor-section-height-default elementor-section-items-middle\" data-id=\"14c73c9\" data-element_type=\"section\" data-settings=\"{&quot;background_background&quot;:&quot;classic&quot;}\">\n\t\t\t\t\t\t\t<div class=\"elementor-background-overlay\"><\/div>\n\t\t\t\t\t\t\t<div class=\"elementor-container elementor-column-gap-default\">\n\t\t\t\t\t<div class=\"elementor-column elementor-col-100 elementor-top-column elementor-element elementor-element-54c5ad4\" data-id=\"54c5ad4\" data-element_type=\"column\">\n\t\t\t<div class=\"elementor-widget-wrap elementor-element-populated\">\n\t\t\t\t\t\t<div class=\"elementor-element elementor-element-6630484 elementor-widget elementor-widget-heading\" data-id=\"6630484\" data-element_type=\"widget\" data-widget_type=\"heading.default\">\n\t\t\t\t<div class=\"elementor-widget-container\">\n\t\t\t\t\t<h1 class=\"elementor-heading-title elementor-size-default\">Erfahrungen mit TreeClix?<\/h1>\t\t\t\t<\/div>\n\t\t\t\t<\/div>\n\t\t\t\t<div class=\"elementor-element elementor-element-64b5dfe elementor-widget elementor-widget-heading\" data-id=\"64b5dfe\" data-element_type=\"widget\" data-widget_type=\"heading.default\">\n\t\t\t\t<div class=\"elementor-widget-container\">\n\t\t\t\t\t<h2 class=\"elementor-heading-title elementor-size-default\">Was bedeutet TreeClix f\u00fcr Sattelspezialisten? Lesen Sie es hier. <\/h2>\t\t\t\t<\/div>\n\t\t\t\t<\/div>\n\t\t\t\t\t<\/div>\n\t\t<\/div>\n\t\t\t\t\t<\/div>\n\t\t<\/section>\n\t\t\t\t<section class=\"elementor-section elementor-top-section elementor-element elementor-element-a011375 elementor-section-boxed elementor-section-height-default elementor-section-height-default\" data-id=\"a011375\" data-element_type=\"section\">\n\t\t\t\t\t\t<div class=\"elementor-container elementor-column-gap-default\">\n\t\t\t\t\t<div class=\"elementor-column elementor-col-50 elementor-top-column elementor-element elementor-element-8845ed7\" data-id=\"8845ed7\" data-element_type=\"column\" data-settings=\"{&quot;background_background&quot;:&quot;classic&quot;}\">\n\t\t\t<div class=\"elementor-widget-wrap elementor-element-populated\">\n\t\t\t\t\t\t<div class=\"elementor-element elementor-element-1dedec6 elementor-star-rating--align-center elementor--star-style-star_fontawesome elementor-widget elementor-widget-star-rating\" data-id=\"1dedec6\" data-element_type=\"widget\" data-widget_type=\"star-rating.default\">\n\t\t\t\t<div class=\"elementor-widget-container\">\n\t\t\t\t\t\n\t\t<div class=\"elementor-star-rating__wrapper\">\n\t\t\t\t\t\t<div class=\"elementor-star-rating\" title=\"5\/5\" itemtype=\"http:\/\/schema.org\/Rating\" itemscope=\"\" itemprop=\"reviewRating\"><i class=\"elementor-star-full\">&#xE934;<\/i><i class=\"elementor-star-full\">&#xE934;<\/i><i class=\"elementor-star-full\">&#xE934;<\/i><i class=\"elementor-star-full\">&#xE934;<\/i><i class=\"elementor-star-full\">&#xE934;<\/i> <span itemprop=\"ratingValue\" class=\"elementor-screen-only\">5\/5<\/span><\/div>\t\t<\/div>\n\t\t\t\t\t\t<\/div>\n\t\t\t\t<\/div>\n\t\t\t\t<div class=\"elementor-element elementor-element-30198b4 elementor-widget elementor-widget-text-editor\" data-id=\"30198b4\" data-element_type=\"widget\" data-widget_type=\"text-editor.default\">\n\t\t\t\t<div class=\"elementor-widget-container\">\n\t\t\t\t\t\t\t\t\t<p style=\"text-align: center;\">Bei meiner Arbeit als Sattelspezialist verwende ich TreeClix t\u00e4glich. Mit dem TreeClix-System kann ich S\u00e4ttel genau messen und anpassen, wenn Pferde beispielsweise durch das Training k\u00f6rperliche Ver\u00e4nderungen erfahren.<\/p>\n\t\t\t\t\t\t\t\t<\/div>\n\t\t\t\t<\/div>\n\t\t\t\t<div class=\"elementor-element elementor-element-d13797f elementor-widget elementor-widget-heading\" data-id=\"d13797f\" data-element_type=\"widget\" data-widget_type=\"heading.default\">\n\t\t\t\t<div class=\"elementor-widget-container\">\n\t\t\t\t\t<h2 class=\"elementor-heading-title elementor-size-default\"><h2 data-elementor-setting-key=\"title\" data-pen-placeholder=\"Type Here...\" style=\"line-height: var( --e-global-typography-primary-line-height )\"><span style=\"color: var( --e-global-color-primary );font-size: 20px;font-weight: bold;letter-spacing: 0.3px;background-color: var( --e-global-color-b9dd817 )\">Sander Gepkens<\/span><span style=\"color: var( --e-global-color-primary );font-size: 20px;font-weight: bold;letter-spacing: 0.3px;background-color: var( --e-global-color-b9dd817 )\"><\/span><br><\/h2><\/h2>\t\t\t\t<\/div>\n\t\t\t\t<\/div>\n\t\t\t\t<div class=\"elementor-element elementor-element-290e368 elementor-widget elementor-widget-heading\" data-id=\"290e368\" data-element_type=\"widget\" data-widget_type=\"heading.default\">\n\t\t\t\t<div class=\"elementor-widget-container\">\n\t\t\t\t\t<h2 class=\"elementor-heading-title elementor-size-default\">Sattelspezialist - De zadelfitservice\n<\/h2>\t\t\t\t<\/div>\n\t\t\t\t<\/div>\n\t\t\t\t\t<\/div>\n\t\t<\/div>\n\t\t\t\t<div class=\"elementor-column elementor-col-50 elementor-top-column elementor-element elementor-element-4fd3646\" data-id=\"4fd3646\" data-element_type=\"column\" data-settings=\"{&quot;background_background&quot;:&quot;classic&quot;}\">\n\t\t\t<div class=\"elementor-widget-wrap elementor-element-populated\">\n\t\t\t\t\t\t<div class=\"elementor-element elementor-element-7d90890 elementor-star-rating--align-center elementor--star-style-star_fontawesome elementor-widget elementor-widget-star-rating\" data-id=\"7d90890\" data-element_type=\"widget\" data-widget_type=\"star-rating.default\">\n\t\t\t\t<div class=\"elementor-widget-container\">\n\t\t\t\t\t\n\t\t<div class=\"elementor-star-rating__wrapper\">\n\t\t\t\t\t\t<div class=\"elementor-star-rating\" title=\"5\/5\" itemtype=\"http:\/\/schema.org\/Rating\" itemscope=\"\" itemprop=\"reviewRating\"><i class=\"elementor-star-full\">&#xE934;<\/i><i class=\"elementor-star-full\">&#xE934;<\/i><i class=\"elementor-star-full\">&#xE934;<\/i><i class=\"elementor-star-full\">&#xE934;<\/i><i class=\"elementor-star-full\">&#xE934;<\/i> <span itemprop=\"ratingValue\" class=\"elementor-screen-only\">5\/5<\/span><\/div>\t\t<\/div>\n\t\t\t\t\t\t<\/div>\n\t\t\t\t<\/div>\n\t\t\t\t<div class=\"elementor-element elementor-element-9f59735 elementor-widget elementor-widget-text-editor\" data-id=\"9f59735\" data-element_type=\"widget\" data-widget_type=\"text-editor.default\">\n\t\t\t\t<div class=\"elementor-widget-container\">\n\t\t\t\t\t\t\t\t\t<p style=\"text-align: center;\">TreeClix ist die Erfindung f\u00fcr Sattelspezialist, Pferde und Reiter! Das System l\u00e4sst sich sehr einfach an einem Sattelbaum installieren und die nachtr\u00e4gliche Anpassung ist noch einfacher. Dadurch, dass man die Baumbreite sehr genau einstellen kann, kann man einen Sattel bestm\u00f6glich auf das Pferd abstimmen. Ich habe bereits sehr sch\u00f6ne Unterschiede sowohl in der Bewegung als auch in der Muskulatur der Pferde gesehen, wenn TreeClix im Sattel installiert wurde.<\/p>\n\t\t\t\t\t\t\t\t<\/div>\n\t\t\t\t<\/div>\n\t\t\t\t<div class=\"elementor-element elementor-element-d91b0a5 elementor-widget elementor-widget-heading\" data-id=\"d91b0a5\" data-element_type=\"widget\" data-widget_type=\"heading.default\">\n\t\t\t\t<div class=\"elementor-widget-container\">\n\t\t\t\t\t<h2 class=\"elementor-heading-title elementor-size-default\"><h2 data-elementor-setting-key=\"title\" data-pen-placeholder=\"Type Here...\" style=\"line-height: var( --e-global-typography-primary-line-height )\"><span style=\"color: var( --e-global-color-primary );font-size: 20px;font-weight: bold;letter-spacing: 0.3px;background-color: var( --e-global-color-b9dd817 )\">Celine van Waes<\/span><span style=\"color: var( --e-global-color-primary );font-size: 20px;font-weight: bold;letter-spacing: 0.3px;background-color: var( --e-global-color-b9dd817 )\"><\/span><br><\/h2><\/h2>\t\t\t\t<\/div>\n\t\t\t\t<\/div>\n\t\t\t\t<div class=\"elementor-element elementor-element-c9e4a05 elementor-widget elementor-widget-heading\" data-id=\"c9e4a05\" data-element_type=\"widget\" data-widget_type=\"heading.default\">\n\t\t\t\t<div class=\"elementor-widget-container\">\n\t\t\t\t\t<h2 class=\"elementor-heading-title elementor-size-default\">Sattelspezialist - Equisense Zadelservice<\/h2>\t\t\t\t<\/div>\n\t\t\t\t<\/div>\n\t\t\t\t\t<\/div>\n\t\t<\/div>\n\t\t\t\t\t<\/div>\n\t\t<\/section>\n\t\t\t\t<section class=\"elementor-section elementor-top-section elementor-element elementor-element-9623674 elementor-section-boxed elementor-section-height-default elementor-section-height-default\" data-id=\"9623674\" data-element_type=\"section\">\n\t\t\t\t\t\t<div class=\"elementor-container elementor-column-gap-default\">\n\t\t\t\t\t<div class=\"elementor-column elementor-col-50 elementor-top-column elementor-element elementor-element-8880ee0\" data-id=\"8880ee0\" data-element_type=\"column\" data-settings=\"{&quot;background_background&quot;:&quot;classic&quot;}\">\n\t\t\t<div class=\"elementor-widget-wrap elementor-element-populated\">\n\t\t\t\t\t\t<div class=\"elementor-element elementor-element-a1905d7 elementor-star-rating--align-center elementor--star-style-star_fontawesome elementor-widget elementor-widget-star-rating\" data-id=\"a1905d7\" data-element_type=\"widget\" data-widget_type=\"star-rating.default\">\n\t\t\t\t<div class=\"elementor-widget-container\">\n\t\t\t\t\t\n\t\t<div class=\"elementor-star-rating__wrapper\">\n\t\t\t\t\t\t<div class=\"elementor-star-rating\" title=\"5\/5\" itemtype=\"http:\/\/schema.org\/Rating\" itemscope=\"\" itemprop=\"reviewRating\"><i class=\"elementor-star-full\">&#xE934;<\/i><i class=\"elementor-star-full\">&#xE934;<\/i><i class=\"elementor-star-full\">&#xE934;<\/i><i class=\"elementor-star-full\">&#xE934;<\/i><i class=\"elementor-star-full\">&#xE934;<\/i> <span itemprop=\"ratingValue\" class=\"elementor-screen-only\">5\/5<\/span><\/div>\t\t<\/div>\n\t\t\t\t\t\t<\/div>\n\t\t\t\t<\/div>\n\t\t\t\t<div class=\"elementor-element elementor-element-0f2ed24 elementor-widget elementor-widget-text-editor\" data-id=\"0f2ed24\" data-element_type=\"widget\" data-widget_type=\"text-editor.default\">\n\t\t\t\t<div class=\"elementor-widget-container\">\n\t\t\t\t\t\t\t\t\t<p style=\"text-align: center;\">Ich habe sehr gute Erfahrungen mit dem TreeClix-System gemacht, da man S\u00e4ttel viel einfacher anpassen und die Biomechanik f\u00fcr ein besseres Training optimieren kann!<\/p>\n\t\t\t\t\t\t\t\t<\/div>\n\t\t\t\t<\/div>\n\t\t\t\t<div class=\"elementor-element elementor-element-006dbd7 elementor-widget elementor-widget-heading\" data-id=\"006dbd7\" data-element_type=\"widget\" data-widget_type=\"heading.default\">\n\t\t\t\t<div class=\"elementor-widget-container\">\n\t\t\t\t\t<h2 class=\"elementor-heading-title elementor-size-default\"><h2 data-elementor-setting-key=\"title\" data-pen-placeholder=\"Type Here...\" style=\"line-height: var( --e-global-typography-primary-line-height )\"><span style=\"font-size: 20px\"><b>Veronique Swagemakers<\/b><\/span><\/h2><\/h2>\t\t\t\t<\/div>\n\t\t\t\t<\/div>\n\t\t\t\t<div class=\"elementor-element elementor-element-05a2775 elementor-widget elementor-widget-heading\" data-id=\"05a2775\" data-element_type=\"widget\" data-widget_type=\"heading.default\">\n\t\t\t\t<div class=\"elementor-widget-container\">\n\t\t\t\t\t<h2 class=\"elementor-heading-title elementor-size-default\">Grand Prix Amazon und Tierarzt<\/h2>\t\t\t\t<\/div>\n\t\t\t\t<\/div>\n\t\t\t\t\t<\/div>\n\t\t<\/div>\n\t\t\t\t<div class=\"elementor-column elementor-col-50 elementor-top-column elementor-element elementor-element-2b14181\" data-id=\"2b14181\" data-element_type=\"column\" data-settings=\"{&quot;background_background&quot;:&quot;classic&quot;}\">\n\t\t\t<div class=\"elementor-widget-wrap elementor-element-populated\">\n\t\t\t\t\t\t<div class=\"elementor-element elementor-element-be282e6 elementor-star-rating--align-center elementor--star-style-star_fontawesome elementor-widget elementor-widget-star-rating\" data-id=\"be282e6\" data-element_type=\"widget\" data-widget_type=\"star-rating.default\">\n\t\t\t\t<div class=\"elementor-widget-container\">\n\t\t\t\t\t\n\t\t<div class=\"elementor-star-rating__wrapper\">\n\t\t\t\t\t\t<div class=\"elementor-star-rating\" title=\"5\/5\" itemtype=\"http:\/\/schema.org\/Rating\" itemscope=\"\" itemprop=\"reviewRating\"><i class=\"elementor-star-full\">&#xE934;<\/i><i class=\"elementor-star-full\">&#xE934;<\/i><i class=\"elementor-star-full\">&#xE934;<\/i><i class=\"elementor-star-full\">&#xE934;<\/i><i class=\"elementor-star-full\">&#xE934;<\/i> <span itemprop=\"ratingValue\" class=\"elementor-screen-only\">5\/5<\/span><\/div>\t\t<\/div>\n\t\t\t\t\t\t<\/div>\n\t\t\t\t<\/div>\n\t\t\t\t<div class=\"elementor-element elementor-element-3648ed4 elementor-widget elementor-widget-text-editor\" data-id=\"3648ed4\" data-element_type=\"widget\" data-widget_type=\"text-editor.default\">\n\t\t\t\t<div class=\"elementor-widget-container\">\n\t\t\t\t\t\t\t\t\t<p style=\"text-align: center;\">Hallo zusammen! Heute wollte ich meine Erfahrungen mit TreeClix mit Ihnen teilen, einem innovativen System, das endlose Anpassungen an Baums\u00e4tteln aus Holz erm\u00f6glicht. Ich verwende TreeClix schon seit einiger Zeit und k\u00f6nnte mit den Ergebnissen nicht zufriedener sein. TreeClix hat meinen Beruf grundlegend ver\u00e4ndert. Die Leichtigkeit, mit der Sie den Sattel mit nur wenigen Klicks an verschiedene Pferde anpassen k\u00f6nnen, ist unglaublich.<\/p>\n\t\t\t\t\t\t\t\t<\/div>\n\t\t\t\t<\/div>\n\t\t\t\t<div class=\"elementor-element elementor-element-b436a87 elementor-widget elementor-widget-heading\" data-id=\"b436a87\" data-element_type=\"widget\" data-widget_type=\"heading.default\">\n\t\t\t\t<div class=\"elementor-widget-container\">\n\t\t\t\t\t<h2 class=\"elementor-heading-title elementor-size-default\"><h2 data-elementor-setting-key=\"title\" data-pen-placeholder=\"Type Here...\" style=\"line-height: var( --e-global-typography-primary-line-height )\"><span style=\"font-size: 20px\"><b>Odette Welles<\/b><\/span><\/h2><\/h2>\t\t\t\t<\/div>\n\t\t\t\t<\/div>\n\t\t\t\t<div class=\"elementor-element elementor-element-500eecb elementor-widget elementor-widget-heading\" data-id=\"500eecb\" data-element_type=\"widget\" data-widget_type=\"heading.default\">\n\t\t\t\t<div class=\"elementor-widget-container\">\n\t\t\t\t\t<h2 class=\"elementor-heading-title elementor-size-default\">Sattelspezialist - Zadelbalans<\/h2>\t\t\t\t<\/div>\n\t\t\t\t<\/div>\n\t\t\t\t\t<\/div>\n\t\t<\/div>\n\t\t\t\t\t<\/div>\n\t\t<\/section>\n\t\t\t\t<section class=\"elementor-section elementor-top-section elementor-element elementor-element-43f0a75 elementor-section-height-min-height elementor-section-boxed elementor-section-height-default elementor-section-items-middle\" data-id=\"43f0a75\" data-element_type=\"section\" data-settings=\"{&quot;background_background&quot;:&quot;classic&quot;}\">\n\t\t\t\t\t\t<div class=\"elementor-container elementor-column-gap-default\">\n\t\t\t\t\t<div class=\"elementor-column elementor-col-50 elementor-top-column elementor-element elementor-element-cca8a60\" data-id=\"cca8a60\" data-element_type=\"column\">\n\t\t\t<div class=\"elementor-widget-wrap elementor-element-populated\">\n\t\t\t\t\t\t<div class=\"elementor-element elementor-element-e46d95a elementor-widget elementor-widget-video\" data-id=\"e46d95a\" data-element_type=\"widget\" data-settings=\"{&quot;youtube_url&quot;:&quot;https:\\\/\\\/www.youtube.com\\\/watch?v=6YKIgNb0HA0&quot;,&quot;video_type&quot;:&quot;youtube&quot;,&quot;controls&quot;:&quot;yes&quot;}\" data-widget_type=\"video.default\">\n\t\t\t\t<div class=\"elementor-widget-container\">\n\t\t\t\t\t\t\t<div class=\"elementor-wrapper elementor-open-inline\">\n\t\t\t<div class=\"elementor-video\"><\/div>\t\t<\/div>\n\t\t\t\t\t\t<\/div>\n\t\t\t\t<\/div>\n\t\t\t\t\t<\/div>\n\t\t<\/div>\n\t\t\t\t<div class=\"elementor-column elementor-col-50 elementor-top-column elementor-element elementor-element-d46ba11\" data-id=\"d46ba11\" data-element_type=\"column\">\n\t\t\t<div class=\"elementor-widget-wrap elementor-element-populated\">\n\t\t\t\t\t\t<div class=\"elementor-element elementor-element-2fe65fe elementor-widget elementor-widget-video\" data-id=\"2fe65fe\" data-element_type=\"widget\" data-settings=\"{&quot;youtube_url&quot;:&quot;https:\\\/\\\/www.youtube.com\\\/watch?v=E1MeXE3BCsc&quot;,&quot;video_type&quot;:&quot;youtube&quot;,&quot;controls&quot;:&quot;yes&quot;}\" data-widget_type=\"video.default\">\n\t\t\t\t<div class=\"elementor-widget-container\">\n\t\t\t\t\t\t\t<div class=\"elementor-wrapper elementor-open-inline\">\n\t\t\t<div class=\"elementor-video\"><\/div>\t\t<\/div>\n\t\t\t\t\t\t<\/div>\n\t\t\t\t<\/div>\n\t\t\t\t\t<\/div>\n\t\t<\/div>\n\t\t\t\t\t<\/div>\n\t\t<\/section>\n\t\t\t\t<\/div>\n\t\t","protected":false},"excerpt":{"rendered":"<p>Erfahrungen mit TreeClix? Was bedeutet TreeClix f\u00fcr Sattelspezialisten? Lesen Sie es hier. &#xE934;&#xE934;&#xE934;&#xE934;&#xE934; 5\/5 Bei meiner Arbeit als Sattelspezialist verwende ich TreeClix t\u00e4glich. Mit dem TreeClix-System kann ich S\u00e4ttel genau [&hellip;]<\/p>\n","protected":false},"author":64,"featured_media":0,"parent":0,"menu_order":0,"comment_status":"closed","ping_status":"closed","template":"","meta":{"footnotes":""},"class_list":["post-4438","page","type-page","status-publish","hentry"],"yoast_head":"<!-- This site is optimized with the Yoast SEO plugin v25.3 - https:\/\/yoast.com\/wordpress\/plugins\/seo\/ -->\n<title>Bewertungen von Sattelspezialisten - TreeClix<\/title>\n<meta name=\"robots\" content=\"index, follow, max-snippet:-1, max-image-preview:large, max-video-preview:-1\" \/>\n<link rel=\"canonical\" href=\"https:\/\/treeclix.com\/reviews-saddle-specialists\/\" \/>\n<meta property=\"og:locale\" content=\"de_DE\" \/>\n<meta property=\"og:type\" content=\"article\" \/>\n<meta property=\"og:title\" content=\"Bewertungen von Sattelspezialisten - TreeClix\" \/>\n<meta property=\"og:description\" content=\"Erfahrungen mit TreeClix? Was bedeutet TreeClix f\u00fcr Sattelspezialisten? Lesen Sie es hier. &#xE934;&#xE934;&#xE934;&#xE934;&#xE934; 5\/5 Bei meiner Arbeit als Sattelspezialist verwende ich TreeClix t\u00e4glich. Mit dem TreeClix-System kann ich S\u00e4ttel genau [&hellip;]\" \/>\n<meta property=\"og:url\" content=\"https:\/\/treeclix.com\/reviews-saddle-specialists\/\" \/>\n<meta property=\"og:site_name\" content=\"TreeClix\" \/>\n<meta property=\"article:publisher\" content=\"https:\/\/www.facebook.com\/profile.php?id=100069728130540\" \/>\n<meta property=\"article:modified_time\" content=\"2024-04-16T11:34:57+00:00\" \/>\n<meta name=\"twitter:card\" content=\"summary_large_image\" \/>\n<meta name=\"twitter:label1\" content=\"Gesch\u00e4tzte Lesezeit\" \/>\n\t<meta name=\"twitter:data1\" content=\"1\u00a0Minute\" \/>\n<script type=\"application\/ld+json\" class=\"yoast-schema-graph\">{\"@context\":\"https:\/\/schema.org\",\"@graph\":[{\"@type\":\"WebPage\",\"@id\":\"https:\/\/treeclix.com\/reviews-saddle-specialists\/\",\"url\":\"https:\/\/treeclix.com\/reviews-saddle-specialists\/\",\"name\":\"Bewertungen von Sattelspezialisten - TreeClix\",\"isPartOf\":{\"@id\":\"https:\/\/treeclix.com\/#website\"},\"datePublished\":\"2023-09-12T19:08:16+00:00\",\"dateModified\":\"2024-04-16T11:34:57+00:00\",\"breadcrumb\":{\"@id\":\"https:\/\/treeclix.com\/reviews-saddle-specialists\/#breadcrumb\"},\"inLanguage\":\"de\",\"potentialAction\":[{\"@type\":\"ReadAction\",\"target\":[\"https:\/\/treeclix.com\/reviews-saddle-specialists\/\"]}]},{\"@type\":\"BreadcrumbList\",\"@id\":\"https:\/\/treeclix.com\/reviews-saddle-specialists\/#breadcrumb\",\"itemListElement\":[{\"@type\":\"ListItem\",\"position\":1,\"name\":\"TreeClix\",\"item\":\"https:\/\/treeclix.com\/de\/\"},{\"@type\":\"ListItem\",\"position\":2,\"name\":\"Bewertungen von Sattelspezialisten\"}]},{\"@type\":\"WebSite\",\"@id\":\"https:\/\/treeclix.com\/#website\",\"url\":\"https:\/\/treeclix.com\/\",\"name\":\"TreeClix\",\"description\":\"Spot on saddle fitting, every time!\",\"publisher\":{\"@id\":\"https:\/\/treeclix.com\/#organization\"},\"potentialAction\":[{\"@type\":\"SearchAction\",\"target\":{\"@type\":\"EntryPoint\",\"urlTemplate\":\"https:\/\/treeclix.com\/?s={search_term_string}\"},\"query-input\":{\"@type\":\"PropertyValueSpecification\",\"valueRequired\":true,\"valueName\":\"search_term_string\"}}],\"inLanguage\":\"de\"},{\"@type\":\"Organization\",\"@id\":\"https:\/\/treeclix.com\/#organization\",\"name\":\"TreeClix\",\"url\":\"https:\/\/treeclix.com\/\",\"logo\":{\"@type\":\"ImageObject\",\"inLanguage\":\"de\",\"@id\":\"https:\/\/treeclix.com\/#\/schema\/logo\/image\/\",\"url\":\"https:\/\/treeclix.ws04.danego.net\/wp-content\/uploads\/2020\/06\/Logo-TreeClix.png\",\"contentUrl\":\"https:\/\/treeclix.ws04.danego.net\/wp-content\/uploads\/2020\/06\/Logo-TreeClix.png\",\"width\":500,\"height\":200,\"caption\":\"TreeClix\"},\"image\":{\"@id\":\"https:\/\/treeclix.com\/#\/schema\/logo\/image\/\"},\"sameAs\":[\"https:\/\/www.facebook.com\/profile.php?id=100069728130540\"]}]}<\/script>\n<!-- \/ Yoast SEO plugin. -->","yoast_head_json":{"title":"Bewertungen von Sattelspezialisten - TreeClix","robots":{"index":"index","follow":"follow","max-snippet":"max-snippet:-1","max-image-preview":"max-image-preview:large","max-video-preview":"max-video-preview:-1"},"canonical":"https:\/\/treeclix.com\/reviews-saddle-specialists\/","og_locale":"de_DE","og_type":"article","og_title":"Bewertungen von Sattelspezialisten - TreeClix","og_description":"Erfahrungen mit TreeClix? Was bedeutet TreeClix f\u00fcr Sattelspezialisten? Lesen Sie es hier. &#xE934;&#xE934;&#xE934;&#xE934;&#xE934; 5\/5 Bei meiner Arbeit als Sattelspezialist verwende ich TreeClix t\u00e4glich. Mit dem TreeClix-System kann ich S\u00e4ttel genau [&hellip;]","og_url":"https:\/\/treeclix.com\/reviews-saddle-specialists\/","og_site_name":"TreeClix","article_publisher":"https:\/\/www.facebook.com\/profile.php?id=100069728130540","article_modified_time":"2024-04-16T11:34:57+00:00","twitter_card":"summary_large_image","twitter_misc":{"Gesch\u00e4tzte Lesezeit":"1\u00a0Minute"},"schema":{"@context":"https:\/\/schema.org","@graph":[{"@type":"WebPage","@id":"https:\/\/treeclix.com\/reviews-saddle-specialists\/","url":"https:\/\/treeclix.com\/reviews-saddle-specialists\/","name":"Bewertungen von Sattelspezialisten - TreeClix","isPartOf":{"@id":"https:\/\/treeclix.com\/#website"},"datePublished":"2023-09-12T19:08:16+00:00","dateModified":"2024-04-16T11:34:57+00:00","breadcrumb":{"@id":"https:\/\/treeclix.com\/reviews-saddle-specialists\/#breadcrumb"},"inLanguage":"de","potentialAction":[{"@type":"ReadAction","target":["https:\/\/treeclix.com\/reviews-saddle-specialists\/"]}]},{"@type":"BreadcrumbList","@id":"https:\/\/treeclix.com\/reviews-saddle-specialists\/#breadcrumb","itemListElement":[{"@type":"ListItem","position":1,"name":"TreeClix","item":"https:\/\/treeclix.com\/de\/"},{"@type":"ListItem","position":2,"name":"Bewertungen von Sattelspezialisten"}]},{"@type":"WebSite","@id":"https:\/\/treeclix.com\/#website","url":"https:\/\/treeclix.com\/","name":"TreeClix","description":"Spot on saddle fitting, every time!","publisher":{"@id":"https:\/\/treeclix.com\/#organization"},"potentialAction":[{"@type":"SearchAction","target":{"@type":"EntryPoint","urlTemplate":"https:\/\/treeclix.com\/?s={search_term_string}"},"query-input":{"@type":"PropertyValueSpecification","valueRequired":true,"valueName":"search_term_string"}}],"inLanguage":"de"},{"@type":"Organization","@id":"https:\/\/treeclix.com\/#organization","name":"TreeClix","url":"https:\/\/treeclix.com\/","logo":{"@type":"ImageObject","inLanguage":"de","@id":"https:\/\/treeclix.com\/#\/schema\/logo\/image\/","url":"https:\/\/treeclix.ws04.danego.net\/wp-content\/uploads\/2020\/06\/Logo-TreeClix.png","contentUrl":"https:\/\/treeclix.ws04.danego.net\/wp-content\/uploads\/2020\/06\/Logo-TreeClix.png","width":500,"height":200,"caption":"TreeClix"},"image":{"@id":"https:\/\/treeclix.com\/#\/schema\/logo\/image\/"},"sameAs":["https:\/\/www.facebook.com\/profile.php?id=100069728130540"]}]}},"_links":{"self":[{"href":"https:\/\/treeclix.com\/de\/wp-json\/wp\/v2\/pages\/4438","targetHints":{"allow":["GET"]}}],"collection":[{"href":"https:\/\/treeclix.com\/de\/wp-json\/wp\/v2\/pages"}],"about":[{"href":"https:\/\/treeclix.com\/de\/wp-json\/wp\/v2\/types\/page"}],"author":[{"embeddable":true,"href":"https:\/\/treeclix.com\/de\/wp-json\/wp\/v2\/users\/64"}],"replies":[{"embeddable":true,"href":"https:\/\/treeclix.com\/de\/wp-json\/wp\/v2\/comments?post=4438"}],"version-history":[{"count":1,"href":"https:\/\/treeclix.com\/de\/wp-json\/wp\/v2\/pages\/4438\/revisions"}],"predecessor-version":[{"id":4439,"href":"https:\/\/treeclix.com\/de\/wp-json\/wp\/v2\/pages\/4438\/revisions\/4439"}],"wp:attachment":[{"href":"https:\/\/treeclix.com\/de\/wp-json\/wp\/v2\/media?parent=4438"}],"curies":[{"name":"wp","href":"https:\/\/api.w.org\/{rel}","templated":true}]}}