{"id":2491,"date":"2022-10-29T13:43:27","date_gmt":"2022-10-29T11:43:27","guid":{"rendered":"https:\/\/treeclix.ws04.danego.net\/treeclix-fur-ihren-sattel\/"},"modified":"2025-02-24T11:10:52","modified_gmt":"2025-02-24T10:10:52","slug":"treeclix-fur-ihren-sattel","status":"publish","type":"page","link":"https:\/\/treeclix.com\/de\/treeclix-fur-ihren-sattel\/","title":{"rendered":"TreeClix f\u00fcr Ihren Sattel?"},"content":{"rendered":"\t\t<div data-elementor-type=\"wp-page\" data-elementor-id=\"2491\" class=\"elementor elementor-2491 elementor-1042\" data-elementor-post-type=\"page\">\n\t\t\t\t\t\t<section class=\"elementor-section elementor-top-section elementor-element elementor-element-834c220 elementor-section-height-min-height elementor-section-boxed elementor-section-height-default elementor-section-items-middle\" data-id=\"834c220\" data-element_type=\"section\" data-settings=\"{&quot;background_background&quot;:&quot;classic&quot;}\">\n\t\t\t\t\t\t\t<div class=\"elementor-background-overlay\"><\/div>\n\t\t\t\t\t\t\t<div class=\"elementor-container elementor-column-gap-default\">\n\t\t\t\t\t<div class=\"elementor-column elementor-col-100 elementor-top-column elementor-element elementor-element-80d151e\" data-id=\"80d151e\" data-element_type=\"column\">\n\t\t\t<div class=\"elementor-widget-wrap elementor-element-populated\">\n\t\t\t\t\t\t<div class=\"elementor-element elementor-element-9bec793 elementor-widget elementor-widget-heading\" data-id=\"9bec793\" data-element_type=\"widget\" data-widget_type=\"heading.default\">\n\t\t\t\t<div class=\"elementor-widget-container\">\n\t\t\t\t\t<h1 class=\"elementor-heading-title elementor-size-default\">TreeClix f\u00fcr Ihren Sattel<\/h1>\t\t\t\t<\/div>\n\t\t\t\t<\/div>\n\t\t\t\t\t<\/div>\n\t\t<\/div>\n\t\t\t\t\t<\/div>\n\t\t<\/section>\n\t\t\t\t<section class=\"elementor-section elementor-top-section elementor-element elementor-element-666fdd7 elementor-section-boxed elementor-section-height-default elementor-section-height-default\" data-id=\"666fdd7\" data-element_type=\"section\">\n\t\t\t\t\t\t<div class=\"elementor-container elementor-column-gap-default\">\n\t\t\t\t\t<div class=\"elementor-column elementor-col-50 elementor-top-column elementor-element elementor-element-507cc57\" data-id=\"507cc57\" data-element_type=\"column\">\n\t\t\t<div class=\"elementor-widget-wrap elementor-element-populated\">\n\t\t\t\t\t\t<div class=\"elementor-element elementor-element-2671622 elementor-widget elementor-widget-heading\" data-id=\"2671622\" data-element_type=\"widget\" data-widget_type=\"heading.default\">\n\t\t\t\t<div class=\"elementor-widget-container\">\n\t\t\t\t\t<h2 class=\"elementor-heading-title elementor-size-default\">Hilfe, mein Pferd ver\u00e4ndert sich!<\/h2>\t\t\t\t<\/div>\n\t\t\t\t<\/div>\n\t\t\t\t<div class=\"elementor-element elementor-element-21ba0d8 elementor-widget elementor-widget-heading\" data-id=\"21ba0d8\" data-element_type=\"widget\" data-widget_type=\"heading.default\">\n\t\t\t\t<div class=\"elementor-widget-container\">\n\t\t\t\t\t<h3 class=\"elementor-heading-title elementor-size-default\">Erstaunlich, dass wir uns immer noch dar\u00fcber wundern.<\/h3>\t\t\t\t<\/div>\n\t\t\t\t<\/div>\n\t\t\t\t<div class=\"elementor-element elementor-element-4b541e7 elementor-widget elementor-widget-text-editor\" data-id=\"4b541e7\" data-element_type=\"widget\" data-widget_type=\"text-editor.default\">\n\t\t\t\t<div class=\"elementor-widget-container\">\n\t\t\t\t\t\t\t\t\t<p>Durch Training, F\u00fctterung, Alter, Verletzungen usw. stellen wir oft schnelle Ver\u00e4nderungen bei unseren Pferden fest. Trotzdem kommt es f\u00fcr uns immernoch \u00fcberraschend wenn uns der Sattler mitteilt, dass der Sattel nicht mehr optimal passt oder sogar garnicht mehr angepasst werden kann.<\/p>\n<p>Obwohl es S\u00e4ttel gibt, deren Kammerweite einfach anpassbar ist, beschr\u00e4nkt sich dies auf Modelle und Marken mit einem Kunststoff- oder Holzbaum. Meist ist die Anpassbarheit bei diesen Sattelb\u00e4umen zudem \u00e4u\u00dferst begrenzt.<br \/>TreeClix ist ein System, mit dem auch S\u00e4ttel mit einem Holzbaum unz\u00e4hlige Male angepasst werden k\u00f6nnen. Also, her mit den Ver\u00e4nderungen!<\/p>\n\t\t\t\t\t\t\t\t<\/div>\n\t\t\t\t<\/div>\n\t\t\t\t\t<\/div>\n\t\t<\/div>\n\t\t\t\t<div class=\"elementor-column elementor-col-50 elementor-top-column elementor-element elementor-element-2e9a1c8\" data-id=\"2e9a1c8\" data-element_type=\"column\">\n\t\t\t<div class=\"elementor-widget-wrap\">\n\t\t\t\t\t\t\t<\/div>\n\t\t<\/div>\n\t\t\t\t\t<\/div>\n\t\t<\/section>\n\t\t\t\t<section class=\"elementor-section elementor-top-section elementor-element elementor-element-fa9c14c elementor-section-boxed elementor-section-height-default elementor-section-height-default\" data-id=\"fa9c14c\" data-element_type=\"section\" data-settings=\"{&quot;background_background&quot;:&quot;classic&quot;}\">\n\t\t\t\t\t\t<div class=\"elementor-container elementor-column-gap-default\">\n\t\t\t\t\t<div class=\"elementor-column elementor-col-50 elementor-top-column elementor-element elementor-element-fbf80d6\" data-id=\"fbf80d6\" data-element_type=\"column\" data-settings=\"{&quot;background_background&quot;:&quot;classic&quot;}\">\n\t\t\t<div class=\"elementor-widget-wrap elementor-element-populated\">\n\t\t\t\t\t\t<div class=\"elementor-element elementor-element-ec50257 elementor-widget elementor-widget-image\" data-id=\"ec50257\" data-element_type=\"widget\" data-widget_type=\"image.default\">\n\t\t\t\t<div class=\"elementor-widget-container\">\n\t\t\t\t\t\t\t\t\t\t\t\t\t\t\t<img fetchpriority=\"high\" decoding=\"async\" width=\"621\" height=\"800\" src=\"https:\/\/treeclix.com\/wp-content\/uploads\/2022\/10\/treeclix-bestaand-zadel.jpg\" class=\"attachment-large size-large wp-image-2426\" alt=\"\" srcset=\"https:\/\/treeclix.com\/wp-content\/uploads\/2022\/10\/treeclix-bestaand-zadel.jpg 621w, https:\/\/treeclix.com\/wp-content\/uploads\/2022\/10\/treeclix-bestaand-zadel-233x300.jpg 233w, https:\/\/treeclix.com\/wp-content\/uploads\/2022\/10\/treeclix-bestaand-zadel-400x516.jpg 400w, https:\/\/treeclix.com\/wp-content\/uploads\/2022\/10\/treeclix-bestaand-zadel-480x618.jpg 480w, https:\/\/treeclix.com\/wp-content\/uploads\/2022\/10\/treeclix-bestaand-zadel-600x773.jpg 600w\" sizes=\"(max-width: 621px) 100vw, 621px\" \/>\t\t\t\t\t\t\t\t\t\t\t\t\t\t\t<\/div>\n\t\t\t\t<\/div>\n\t\t\t\t\t<\/div>\n\t\t<\/div>\n\t\t\t\t<div class=\"elementor-column elementor-col-50 elementor-top-column elementor-element elementor-element-c51a948\" data-id=\"c51a948\" data-element_type=\"column\">\n\t\t\t<div class=\"elementor-widget-wrap elementor-element-populated\">\n\t\t\t\t\t\t<div class=\"elementor-element elementor-element-9df87c4 elementor-widget elementor-widget-heading\" data-id=\"9df87c4\" data-element_type=\"widget\" data-widget_type=\"heading.default\">\n\t\t\t\t<div class=\"elementor-widget-container\">\n\t\t\t\t\t<h2 class=\"elementor-heading-title elementor-size-default\">Fragen Sie Ihren Sattler!<\/h2>\t\t\t\t<\/div>\n\t\t\t\t<\/div>\n\t\t\t\t<div class=\"elementor-element elementor-element-ac6a43e elementor-widget elementor-widget-text-editor\" data-id=\"ac6a43e\" data-element_type=\"widget\" data-widget_type=\"text-editor.default\">\n\t\t\t\t<div class=\"elementor-widget-container\">\n\t\t\t\t\t\t\t\t\t<p>Bei einigen Sattelmarken kann TreeClix als Option beim Anpassen eines neuen Sattels dazu bestellt werden. Derzeit sind die folgenden Marken kompatibel:<\/p>\n\t\t\t\t\t\t\t\t<\/div>\n\t\t\t\t<\/div>\n\t\t\t\t<div class=\"elementor-element elementor-element-1662cb0 elementor-icon-list--layout-traditional elementor-list-item-link-full_width elementor-widget elementor-widget-icon-list\" data-id=\"1662cb0\" data-element_type=\"widget\" data-widget_type=\"icon-list.default\">\n\t\t\t\t<div class=\"elementor-widget-container\">\n\t\t\t\t\t\t\t<ul class=\"elementor-icon-list-items\">\n\t\t\t\t\t\t\t<li class=\"elementor-icon-list-item\">\n\t\t\t\t\t\t\t\t\t\t\t<a href=\"https:\/\/www.albionsaddlemakers.co.uk\/\">\n\n\t\t\t\t\t\t\t\t\t\t\t\t<span class=\"elementor-icon-list-icon\">\n\t\t\t\t\t\t\t<i aria-hidden=\"true\" class=\"fas fa-chevron-right\"><\/i>\t\t\t\t\t\t<\/span>\n\t\t\t\t\t\t\t\t\t\t<span class=\"elementor-icon-list-text\">Albion Saddlemakers<\/span>\n\t\t\t\t\t\t\t\t\t\t\t<\/a>\n\t\t\t\t\t\t\t\t\t<\/li>\n\t\t\t\t\t\t\t\t<li class=\"elementor-icon-list-item\">\n\t\t\t\t\t\t\t\t\t\t\t<a href=\"https:\/\/www.bliss-of-london.com\/\">\n\n\t\t\t\t\t\t\t\t\t\t\t\t<span class=\"elementor-icon-list-icon\">\n\t\t\t\t\t\t\t<i aria-hidden=\"true\" class=\"fas fa-chevron-right\"><\/i>\t\t\t\t\t\t<\/span>\n\t\t\t\t\t\t\t\t\t\t<span class=\"elementor-icon-list-text\">Bliss of London<\/span>\n\t\t\t\t\t\t\t\t\t\t\t<\/a>\n\t\t\t\t\t\t\t\t\t<\/li>\n\t\t\t\t\t\t\t\t<li class=\"elementor-icon-list-item\">\n\t\t\t\t\t\t\t\t\t\t\t<a href=\"http:\/\/empiresaddles.com\/\">\n\n\t\t\t\t\t\t\t\t\t\t\t\t<span class=\"elementor-icon-list-icon\">\n\t\t\t\t\t\t\t<i aria-hidden=\"true\" class=\"fas fa-chevron-right\"><\/i>\t\t\t\t\t\t<\/span>\n\t\t\t\t\t\t\t\t\t\t<span class=\"elementor-icon-list-text\">Empire Saddles<\/span>\n\t\t\t\t\t\t\t\t\t\t\t<\/a>\n\t\t\t\t\t\t\t\t\t<\/li>\n\t\t\t\t\t\t\t\t<li class=\"elementor-icon-list-item\">\n\t\t\t\t\t\t\t\t\t\t\t<a href=\"http:\/\/frankbaines.com\/\">\n\n\t\t\t\t\t\t\t\t\t\t\t\t<span class=\"elementor-icon-list-icon\">\n\t\t\t\t\t\t\t<i aria-hidden=\"true\" class=\"fas fa-chevron-right\"><\/i>\t\t\t\t\t\t<\/span>\n\t\t\t\t\t\t\t\t\t\t<span class=\"elementor-icon-list-text\">Frank Baines <\/span>\n\t\t\t\t\t\t\t\t\t\t\t<\/a>\n\t\t\t\t\t\t\t\t\t<\/li>\n\t\t\t\t\t\t\t\t<li class=\"elementor-icon-list-item\">\n\t\t\t\t\t\t\t\t\t\t\t<a href=\"https:\/\/www.instagram.com\/harrydabbssaddlemakers\/\">\n\n\t\t\t\t\t\t\t\t\t\t\t\t<span class=\"elementor-icon-list-icon\">\n\t\t\t\t\t\t\t<i aria-hidden=\"true\" class=\"fas fa-chevron-right\"><\/i>\t\t\t\t\t\t<\/span>\n\t\t\t\t\t\t\t\t\t\t<span class=\"elementor-icon-list-text\">Harry Dabbs<\/span>\n\t\t\t\t\t\t\t\t\t\t\t<\/a>\n\t\t\t\t\t\t\t\t\t<\/li>\n\t\t\t\t\t\t\t\t<li class=\"elementor-icon-list-item\">\n\t\t\t\t\t\t\t\t\t\t\t<a href=\"https:\/\/idealsaddle.com\/\">\n\n\t\t\t\t\t\t\t\t\t\t\t\t<span class=\"elementor-icon-list-icon\">\n\t\t\t\t\t\t\t<i aria-hidden=\"true\" class=\"fas fa-chevron-right\"><\/i>\t\t\t\t\t\t<\/span>\n\t\t\t\t\t\t\t\t\t\t<span class=\"elementor-icon-list-text\">Ideal Saddle Company<\/span>\n\t\t\t\t\t\t\t\t\t\t\t<\/a>\n\t\t\t\t\t\t\t\t\t<\/li>\n\t\t\t\t\t\t\t\t<li class=\"elementor-icon-list-item\">\n\t\t\t\t\t\t\t\t\t\t\t<a href=\"http:\/\/ejeffries.co.uk\/\">\n\n\t\t\t\t\t\t\t\t\t\t\t\t<span class=\"elementor-icon-list-icon\">\n\t\t\t\t\t\t\t<i aria-hidden=\"true\" class=\"fas fa-chevron-right\"><\/i>\t\t\t\t\t\t<\/span>\n\t\t\t\t\t\t\t\t\t\t<span class=\"elementor-icon-list-text\">Jeffries Horse Saddlery<\/span>\n\t\t\t\t\t\t\t\t\t\t\t<\/a>\n\t\t\t\t\t\t\t\t\t<\/li>\n\t\t\t\t\t\t\t\t<li class=\"elementor-icon-list-item\">\n\t\t\t\t\t\t\t\t\t\t\t<a href=\"https:\/\/www.kentaur.cz\/en\/\">\n\n\t\t\t\t\t\t\t\t\t\t\t\t<span class=\"elementor-icon-list-icon\">\n\t\t\t\t\t\t\t<i aria-hidden=\"true\" class=\"fas fa-chevron-right\"><\/i>\t\t\t\t\t\t<\/span>\n\t\t\t\t\t\t\t\t\t\t<span class=\"elementor-icon-list-text\">Kentaur<\/span>\n\t\t\t\t\t\t\t\t\t\t\t<\/a>\n\t\t\t\t\t\t\t\t\t<\/li>\n\t\t\t\t\t\t\t\t<li class=\"elementor-icon-list-item\">\n\t\t\t\t\t\t\t\t\t\t\t<a href=\"https:\/\/www.macel-sellier.com\/en\/home\/\">\n\n\t\t\t\t\t\t\t\t\t\t\t\t<span class=\"elementor-icon-list-icon\">\n\t\t\t\t\t\t\t<i aria-hidden=\"true\" class=\"fas fa-chevron-right\"><\/i>\t\t\t\t\t\t<\/span>\n\t\t\t\t\t\t\t\t\t\t<span class=\"elementor-icon-list-text\">Macel Sellier<\/span>\n\t\t\t\t\t\t\t\t\t\t\t<\/a>\n\t\t\t\t\t\t\t\t\t<\/li>\n\t\t\t\t\t\t\t\t<li class=\"elementor-icon-list-item\">\n\t\t\t\t\t\t\t\t\t\t\t<a href=\"https:\/\/sankeysaddles.com\/\">\n\n\t\t\t\t\t\t\t\t\t\t\t\t<span class=\"elementor-icon-list-icon\">\n\t\t\t\t\t\t\t<i aria-hidden=\"true\" class=\"fas fa-chevron-right\"><\/i>\t\t\t\t\t\t<\/span>\n\t\t\t\t\t\t\t\t\t\t<span class=\"elementor-icon-list-text\">Sankey Saddles<\/span>\n\t\t\t\t\t\t\t\t\t\t\t<\/a>\n\t\t\t\t\t\t\t\t\t<\/li>\n\t\t\t\t\t\t\t\t<li class=\"elementor-icon-list-item\">\n\t\t\t\t\t\t\t\t\t\t\t<a href=\"http:\/\/schuttezadels.nl\/\">\n\n\t\t\t\t\t\t\t\t\t\t\t\t<span class=\"elementor-icon-list-icon\">\n\t\t\t\t\t\t\t<i aria-hidden=\"true\" class=\"fas fa-chevron-right\"><\/i>\t\t\t\t\t\t<\/span>\n\t\t\t\t\t\t\t\t\t\t<span class=\"elementor-icon-list-text\">Schutte Zadels<\/span>\n\t\t\t\t\t\t\t\t\t\t\t<\/a>\n\t\t\t\t\t\t\t\t\t<\/li>\n\t\t\t\t\t\t\t\t<li class=\"elementor-icon-list-item\">\n\t\t\t\t\t\t\t\t\t\t\t<a href=\"https:\/\/stuebben.com\/\">\n\n\t\t\t\t\t\t\t\t\t\t\t\t<span class=\"elementor-icon-list-icon\">\n\t\t\t\t\t\t\t<i aria-hidden=\"true\" class=\"fas fa-chevron-right\"><\/i>\t\t\t\t\t\t<\/span>\n\t\t\t\t\t\t\t\t\t\t<span class=\"elementor-icon-list-text\">St\u00fcbben<\/span>\n\t\t\t\t\t\t\t\t\t\t\t<\/a>\n\t\t\t\t\t\t\t\t\t<\/li>\n\t\t\t\t\t\t<\/ul>\n\t\t\t\t\t\t<\/div>\n\t\t\t\t<\/div>\n\t\t\t\t<div class=\"elementor-element elementor-element-0934e67 elementor-widget elementor-widget-heading\" data-id=\"0934e67\" data-element_type=\"widget\" data-widget_type=\"heading.default\">\n\t\t\t\t<div class=\"elementor-widget-container\">\n\t\t\t\t\t<h3 class=\"elementor-heading-title elementor-size-default\">Andere g\u00e4ngige Sattelmodelle <\/h3>\t\t\t\t<\/div>\n\t\t\t\t<\/div>\n\t\t\t\t<div class=\"elementor-element elementor-element-d60ba0e elementor-widget elementor-widget-text-editor\" data-id=\"d60ba0e\" data-element_type=\"widget\" data-widget_type=\"text-editor.default\">\n\t\t\t\t<div class=\"elementor-widget-container\">\n\t\t\t\t\t\t\t\t\t<p><span style=\"font-size: 18px;\">TreeClix eignet sich auch hervorragend zur Anbringung an anderen g\u00e4ngigen Sattelmodellen. M\u00f6chten Sie wissen, ob TreeClix mit Ihrem Sattel kompatibel ist? Fragen Sie Ihren Sattler oder finden Sie unter &#8222;Kontakt&#8220; einen Experten in Ihrer N\u00e4he. <\/span><\/p>\n\t\t\t\t\t\t\t\t<\/div>\n\t\t\t\t<\/div>\n\t\t\t\t<div class=\"elementor-element elementor-element-825184b elementor-align-left elementor-widget elementor-widget-button\" data-id=\"825184b\" data-element_type=\"widget\" data-widget_type=\"button.default\">\n\t\t\t\t<div class=\"elementor-widget-container\">\n\t\t\t\t\t\t\t\t\t<div class=\"elementor-button-wrapper\">\n\t\t\t\t\t<a class=\"elementor-button elementor-button-link elementor-size-sm\" href=\"https:\/\/treeclix.com\/de\/kontakt-reiter\/\">\n\t\t\t\t\t\t<span class=\"elementor-button-content-wrapper\">\n\t\t\t\t\t\t<span class=\"elementor-button-icon\">\n\t\t\t\t<i aria-hidden=\"true\" class=\"fas fa-long-arrow-alt-right\"><\/i>\t\t\t<\/span>\n\t\t\t\t\t\t\t\t\t<span class=\"elementor-button-text\">Kontakt<\/span>\n\t\t\t\t\t<\/span>\n\t\t\t\t\t<\/a>\n\t\t\t\t<\/div>\n\t\t\t\t\t\t\t\t<\/div>\n\t\t\t\t<\/div>\n\t\t\t\t\t<\/div>\n\t\t<\/div>\n\t\t\t\t\t<\/div>\n\t\t<\/section>\n\t\t\t\t<\/div>\n\t\t","protected":false},"excerpt":{"rendered":"<p>TreeClix f\u00fcr Ihren Sattel Hilfe, mein Pferd ver\u00e4ndert sich! Erstaunlich, dass wir uns immer noch dar\u00fcber wundern. Durch Training, F\u00fctterung, Alter, Verletzungen usw. stellen wir oft schnelle Ver\u00e4nderungen bei unseren [&hellip;]<\/p>\n","protected":false},"author":1,"featured_media":0,"parent":0,"menu_order":0,"comment_status":"closed","ping_status":"closed","template":"elementor_header_footer","meta":{"footnotes":""},"class_list":["post-2491","page","type-page","status-publish","hentry"],"yoast_head":"<!-- This site is optimized with the Yoast SEO plugin v25.3 - https:\/\/yoast.com\/wordpress\/plugins\/seo\/ -->\n<title>TreeClix f\u00fcr Ihren Sattel? - TreeClix<\/title>\n<meta name=\"robots\" content=\"index, follow, max-snippet:-1, max-image-preview:large, max-video-preview:-1\" \/>\n<link rel=\"canonical\" href=\"https:\/\/treeclix.com\/treeclix-on-your-saddle\/\" \/>\n<meta property=\"og:locale\" content=\"de_DE\" \/>\n<meta property=\"og:type\" content=\"article\" \/>\n<meta property=\"og:title\" content=\"TreeClix f\u00fcr Ihren Sattel? - TreeClix\" \/>\n<meta property=\"og:description\" content=\"TreeClix f\u00fcr Ihren Sattel Hilfe, mein Pferd ver\u00e4ndert sich! Erstaunlich, dass wir uns immer noch dar\u00fcber wundern. Durch Training, F\u00fctterung, Alter, Verletzungen usw. stellen wir oft schnelle Ver\u00e4nderungen bei unseren [&hellip;]\" \/>\n<meta property=\"og:url\" content=\"https:\/\/treeclix.com\/treeclix-on-your-saddle\/\" \/>\n<meta property=\"og:site_name\" content=\"TreeClix\" \/>\n<meta property=\"article:publisher\" content=\"https:\/\/www.facebook.com\/profile.php?id=100069728130540\" \/>\n<meta property=\"article:modified_time\" content=\"2025-02-24T10:10:52+00:00\" \/>\n<meta property=\"og:image\" content=\"https:\/\/treeclix.com\/wp-content\/uploads\/2022\/10\/treeclix-bestaand-zadel.jpg\" \/>\n<meta name=\"twitter:card\" content=\"summary_large_image\" \/>\n<meta name=\"twitter:label1\" content=\"Gesch\u00e4tzte Lesezeit\" \/>\n\t<meta name=\"twitter:data1\" content=\"2\u00a0Minuten\" \/>\n<script type=\"application\/ld+json\" class=\"yoast-schema-graph\">{\"@context\":\"https:\/\/schema.org\",\"@graph\":[{\"@type\":\"WebPage\",\"@id\":\"https:\/\/treeclix.com\/treeclix-on-your-saddle\/\",\"url\":\"https:\/\/treeclix.com\/treeclix-on-your-saddle\/\",\"name\":\"TreeClix f\u00fcr Ihren Sattel? - TreeClix\",\"isPartOf\":{\"@id\":\"https:\/\/treeclix.com\/#website\"},\"primaryImageOfPage\":{\"@id\":\"https:\/\/treeclix.com\/treeclix-on-your-saddle\/#primaryimage\"},\"image\":{\"@id\":\"https:\/\/treeclix.com\/treeclix-on-your-saddle\/#primaryimage\"},\"thumbnailUrl\":\"https:\/\/treeclix.com\/wp-content\/uploads\/2022\/10\/treeclix-bestaand-zadel.jpg\",\"datePublished\":\"2022-10-29T11:43:27+00:00\",\"dateModified\":\"2025-02-24T10:10:52+00:00\",\"breadcrumb\":{\"@id\":\"https:\/\/treeclix.com\/treeclix-on-your-saddle\/#breadcrumb\"},\"inLanguage\":\"de\",\"potentialAction\":[{\"@type\":\"ReadAction\",\"target\":[\"https:\/\/treeclix.com\/treeclix-on-your-saddle\/\"]}]},{\"@type\":\"ImageObject\",\"inLanguage\":\"de\",\"@id\":\"https:\/\/treeclix.com\/treeclix-on-your-saddle\/#primaryimage\",\"url\":\"https:\/\/treeclix.com\/wp-content\/uploads\/2022\/10\/treeclix-bestaand-zadel.jpg\",\"contentUrl\":\"https:\/\/treeclix.com\/wp-content\/uploads\/2022\/10\/treeclix-bestaand-zadel.jpg\"},{\"@type\":\"BreadcrumbList\",\"@id\":\"https:\/\/treeclix.com\/treeclix-on-your-saddle\/#breadcrumb\",\"itemListElement\":[{\"@type\":\"ListItem\",\"position\":1,\"name\":\"TreeClix\",\"item\":\"https:\/\/treeclix.com\/de\/\"},{\"@type\":\"ListItem\",\"position\":2,\"name\":\"TreeClix f\u00fcr Ihren Sattel?\"}]},{\"@type\":\"WebSite\",\"@id\":\"https:\/\/treeclix.com\/#website\",\"url\":\"https:\/\/treeclix.com\/\",\"name\":\"TreeClix\",\"description\":\"Spot on saddle fitting, every time!\",\"publisher\":{\"@id\":\"https:\/\/treeclix.com\/#organization\"},\"potentialAction\":[{\"@type\":\"SearchAction\",\"target\":{\"@type\":\"EntryPoint\",\"urlTemplate\":\"https:\/\/treeclix.com\/?s={search_term_string}\"},\"query-input\":{\"@type\":\"PropertyValueSpecification\",\"valueRequired\":true,\"valueName\":\"search_term_string\"}}],\"inLanguage\":\"de\"},{\"@type\":\"Organization\",\"@id\":\"https:\/\/treeclix.com\/#organization\",\"name\":\"TreeClix\",\"url\":\"https:\/\/treeclix.com\/\",\"logo\":{\"@type\":\"ImageObject\",\"inLanguage\":\"de\",\"@id\":\"https:\/\/treeclix.com\/#\/schema\/logo\/image\/\",\"url\":\"https:\/\/treeclix.ws04.danego.net\/wp-content\/uploads\/2020\/06\/Logo-TreeClix.png\",\"contentUrl\":\"https:\/\/treeclix.ws04.danego.net\/wp-content\/uploads\/2020\/06\/Logo-TreeClix.png\",\"width\":500,\"height\":200,\"caption\":\"TreeClix\"},\"image\":{\"@id\":\"https:\/\/treeclix.com\/#\/schema\/logo\/image\/\"},\"sameAs\":[\"https:\/\/www.facebook.com\/profile.php?id=100069728130540\"]}]}<\/script>\n<!-- \/ Yoast SEO plugin. -->","yoast_head_json":{"title":"TreeClix f\u00fcr Ihren Sattel? - TreeClix","robots":{"index":"index","follow":"follow","max-snippet":"max-snippet:-1","max-image-preview":"max-image-preview:large","max-video-preview":"max-video-preview:-1"},"canonical":"https:\/\/treeclix.com\/treeclix-on-your-saddle\/","og_locale":"de_DE","og_type":"article","og_title":"TreeClix f\u00fcr Ihren Sattel? - TreeClix","og_description":"TreeClix f\u00fcr Ihren Sattel Hilfe, mein Pferd ver\u00e4ndert sich! Erstaunlich, dass wir uns immer noch dar\u00fcber wundern. Durch Training, F\u00fctterung, Alter, Verletzungen usw. stellen wir oft schnelle Ver\u00e4nderungen bei unseren [&hellip;]","og_url":"https:\/\/treeclix.com\/treeclix-on-your-saddle\/","og_site_name":"TreeClix","article_publisher":"https:\/\/www.facebook.com\/profile.php?id=100069728130540","article_modified_time":"2025-02-24T10:10:52+00:00","og_image":[{"url":"https:\/\/treeclix.com\/wp-content\/uploads\/2022\/10\/treeclix-bestaand-zadel.jpg","type":"","width":"","height":""}],"twitter_card":"summary_large_image","twitter_misc":{"Gesch\u00e4tzte Lesezeit":"2\u00a0Minuten"},"schema":{"@context":"https:\/\/schema.org","@graph":[{"@type":"WebPage","@id":"https:\/\/treeclix.com\/treeclix-on-your-saddle\/","url":"https:\/\/treeclix.com\/treeclix-on-your-saddle\/","name":"TreeClix f\u00fcr Ihren Sattel? - TreeClix","isPartOf":{"@id":"https:\/\/treeclix.com\/#website"},"primaryImageOfPage":{"@id":"https:\/\/treeclix.com\/treeclix-on-your-saddle\/#primaryimage"},"image":{"@id":"https:\/\/treeclix.com\/treeclix-on-your-saddle\/#primaryimage"},"thumbnailUrl":"https:\/\/treeclix.com\/wp-content\/uploads\/2022\/10\/treeclix-bestaand-zadel.jpg","datePublished":"2022-10-29T11:43:27+00:00","dateModified":"2025-02-24T10:10:52+00:00","breadcrumb":{"@id":"https:\/\/treeclix.com\/treeclix-on-your-saddle\/#breadcrumb"},"inLanguage":"de","potentialAction":[{"@type":"ReadAction","target":["https:\/\/treeclix.com\/treeclix-on-your-saddle\/"]}]},{"@type":"ImageObject","inLanguage":"de","@id":"https:\/\/treeclix.com\/treeclix-on-your-saddle\/#primaryimage","url":"https:\/\/treeclix.com\/wp-content\/uploads\/2022\/10\/treeclix-bestaand-zadel.jpg","contentUrl":"https:\/\/treeclix.com\/wp-content\/uploads\/2022\/10\/treeclix-bestaand-zadel.jpg"},{"@type":"BreadcrumbList","@id":"https:\/\/treeclix.com\/treeclix-on-your-saddle\/#breadcrumb","itemListElement":[{"@type":"ListItem","position":1,"name":"TreeClix","item":"https:\/\/treeclix.com\/de\/"},{"@type":"ListItem","position":2,"name":"TreeClix f\u00fcr Ihren Sattel?"}]},{"@type":"WebSite","@id":"https:\/\/treeclix.com\/#website","url":"https:\/\/treeclix.com\/","name":"TreeClix","description":"Spot on saddle fitting, every time!","publisher":{"@id":"https:\/\/treeclix.com\/#organization"},"potentialAction":[{"@type":"SearchAction","target":{"@type":"EntryPoint","urlTemplate":"https:\/\/treeclix.com\/?s={search_term_string}"},"query-input":{"@type":"PropertyValueSpecification","valueRequired":true,"valueName":"search_term_string"}}],"inLanguage":"de"},{"@type":"Organization","@id":"https:\/\/treeclix.com\/#organization","name":"TreeClix","url":"https:\/\/treeclix.com\/","logo":{"@type":"ImageObject","inLanguage":"de","@id":"https:\/\/treeclix.com\/#\/schema\/logo\/image\/","url":"https:\/\/treeclix.ws04.danego.net\/wp-content\/uploads\/2020\/06\/Logo-TreeClix.png","contentUrl":"https:\/\/treeclix.ws04.danego.net\/wp-content\/uploads\/2020\/06\/Logo-TreeClix.png","width":500,"height":200,"caption":"TreeClix"},"image":{"@id":"https:\/\/treeclix.com\/#\/schema\/logo\/image\/"},"sameAs":["https:\/\/www.facebook.com\/profile.php?id=100069728130540"]}]}},"_links":{"self":[{"href":"https:\/\/treeclix.com\/de\/wp-json\/wp\/v2\/pages\/2491","targetHints":{"allow":["GET"]}}],"collection":[{"href":"https:\/\/treeclix.com\/de\/wp-json\/wp\/v2\/pages"}],"about":[{"href":"https:\/\/treeclix.com\/de\/wp-json\/wp\/v2\/types\/page"}],"author":[{"embeddable":true,"href":"https:\/\/treeclix.com\/de\/wp-json\/wp\/v2\/users\/1"}],"replies":[{"embeddable":true,"href":"https:\/\/treeclix.com\/de\/wp-json\/wp\/v2\/comments?post=2491"}],"version-history":[{"count":5,"href":"https:\/\/treeclix.com\/de\/wp-json\/wp\/v2\/pages\/2491\/revisions"}],"predecessor-version":[{"id":6186,"href":"https:\/\/treeclix.com\/de\/wp-json\/wp\/v2\/pages\/2491\/revisions\/6186"}],"wp:attachment":[{"href":"https:\/\/treeclix.com\/de\/wp-json\/wp\/v2\/media?parent=2491"}],"curies":[{"name":"wp","href":"https:\/\/api.w.org\/{rel}","templated":true}]}}