{"id":2489,"date":"2022-10-29T13:42:32","date_gmt":"2022-10-29T11:42:32","guid":{"rendered":"https:\/\/treeclix.ws04.danego.net\/was-ist-treeclix\/"},"modified":"2024-06-03T10:30:53","modified_gmt":"2024-06-03T08:30:53","slug":"was-ist-treeclix","status":"publish","type":"page","link":"https:\/\/treeclix.com\/de\/was-ist-treeclix\/","title":{"rendered":"Was ist TreeClix?"},"content":{"rendered":"\t\t<div data-elementor-type=\"wp-page\" data-elementor-id=\"2489\" class=\"elementor elementor-2489 elementor-1040\" data-elementor-post-type=\"page\">\n\t\t\t\t\t\t<section class=\"elementor-section elementor-top-section elementor-element elementor-element-2f9d132 elementor-section-height-min-height elementor-section-boxed elementor-section-height-default elementor-section-items-middle\" data-id=\"2f9d132\" data-element_type=\"section\" data-settings=\"{&quot;background_background&quot;:&quot;classic&quot;}\">\n\t\t\t\t\t\t\t<div class=\"elementor-background-overlay\"><\/div>\n\t\t\t\t\t\t\t<div class=\"elementor-container elementor-column-gap-default\">\n\t\t\t\t\t<div class=\"elementor-column elementor-col-100 elementor-top-column elementor-element elementor-element-d1bd914\" data-id=\"d1bd914\" data-element_type=\"column\">\n\t\t\t<div class=\"elementor-widget-wrap elementor-element-populated\">\n\t\t\t\t\t\t<div class=\"elementor-element elementor-element-f4bc813 elementor-widget elementor-widget-heading\" data-id=\"f4bc813\" data-element_type=\"widget\" data-widget_type=\"heading.default\">\n\t\t\t\t<div class=\"elementor-widget-container\">\n\t\t\t\t\t<h1 class=\"elementor-heading-title elementor-size-default\">Was ist TreeClix?<\/h1>\t\t\t\t<\/div>\n\t\t\t\t<\/div>\n\t\t\t\t<div class=\"elementor-element elementor-element-205a04c elementor-widget elementor-widget-heading\" data-id=\"205a04c\" data-element_type=\"widget\" data-widget_type=\"heading.default\">\n\t\t\t\t<div class=\"elementor-widget-container\">\n\t\t\t\t\t<h2 class=\"elementor-heading-title elementor-size-default\">Die Bedeutung der richtigen Kammerweite<\/h2>\t\t\t\t<\/div>\n\t\t\t\t<\/div>\n\t\t\t\t\t<\/div>\n\t\t<\/div>\n\t\t\t\t\t<\/div>\n\t\t<\/section>\n\t\t\t\t<section class=\"elementor-section elementor-top-section elementor-element elementor-element-5d4f296 elementor-section-boxed elementor-section-height-default elementor-section-height-default\" data-id=\"5d4f296\" data-element_type=\"section\">\n\t\t\t\t\t\t<div class=\"elementor-container elementor-column-gap-default\">\n\t\t\t\t\t<div class=\"elementor-column elementor-col-100 elementor-top-column elementor-element elementor-element-f1f933b\" data-id=\"f1f933b\" data-element_type=\"column\">\n\t\t\t<div class=\"elementor-widget-wrap elementor-element-populated\">\n\t\t\t\t\t\t<div class=\"elementor-element elementor-element-a5e9ffd elementor-widget elementor-widget-heading\" data-id=\"a5e9ffd\" data-element_type=\"widget\" data-widget_type=\"heading.default\">\n\t\t\t\t<div class=\"elementor-widget-container\">\n\t\t\t\t\t<h3 class=\"elementor-heading-title elementor-size-default\">Vermeiden Sie Unbehagen, Schmerzen, Lahmheiten und unerw\u00fcnschtes Verhalten...<\/h3>\t\t\t\t<\/div>\n\t\t\t\t<\/div>\n\t\t\t\t<div class=\"elementor-element elementor-element-bbf6204 elementor-widget elementor-widget-text-editor\" data-id=\"bbf6204\" data-element_type=\"widget\" data-widget_type=\"text-editor.default\">\n\t\t\t\t<div class=\"elementor-widget-container\">\n\t\t\t\t\t\t\t\t\t<p>durch einen unpassenden Sattel. TreeClix erm\u00f6glicht die Anpassung der Kammerweite mit nur einem Klick und stellt so die richtige Druckverteilung, Bewegungsfreiheit und Balance des Sattels wieder her.<\/p>\n<p>Eine Aufpolsterung ist in den meisten F\u00e4llen nicht ausreichend f\u00fcr eine optimale Passform und eine Korrektur des Sattelbaums geht in der Regel mit einem hohen Risiko von dessen Besch\u00e4digung oder sogar Bruch einher.&nbsp;Ein Sattelbaumbruch tritt meistens nicht direkt bei oder nach der Anpassung auf, sondern erst sp\u00e4ter.&nbsp;Die Folge: hohe Reparaturkosten oder der Kauf eines neuen Sattels.<\/p>\t\t\t\t\t\t\t\t<\/div>\n\t\t\t\t<\/div>\n\t\t\t\t<div class=\"elementor-element elementor-element-d4c8563 elementor--h-position-center elementor--v-position-middle elementor-arrows-position-inside elementor-widget elementor-widget-slides\" data-id=\"d4c8563\" data-element_type=\"widget\" data-settings=\"{&quot;navigation&quot;:&quot;arrows&quot;,&quot;transition_speed&quot;:1000,&quot;autoplay&quot;:&quot;yes&quot;,&quot;pause_on_hover&quot;:&quot;yes&quot;,&quot;pause_on_interaction&quot;:&quot;yes&quot;,&quot;autoplay_speed&quot;:5000,&quot;infinite&quot;:&quot;yes&quot;,&quot;transition&quot;:&quot;slide&quot;}\" data-widget_type=\"slides.default\">\n\t\t\t\t<div class=\"elementor-widget-container\">\n\t\t\t\t\t\t\t<div class=\"elementor-swiper\">\n\t\t\t<div class=\"elementor-slides-wrapper elementor-main-swiper swiper-container\" dir=\"ltr\" data-animation=\"\">\n\t\t\t\t<div class=\"swiper-wrapper elementor-slides\">\n\t\t\t\t\t\t\t\t\t\t<div class=\"elementor-repeater-item-7c88d5d swiper-slide\"><div class=\"swiper-slide-bg\" role=\"img\"><\/div><div class=\"swiper-slide-inner\" ><div class=\"swiper-slide-contents\"><div class=\"elementor-slide-heading\">Mandy de Geus<\/div><div class=\"elementor-slide-description\"><p>\u201eMeine Stute entwickelt sich gro\u00dfartig und mit dem Treeclix-System kann man das jedes Mal richtig anpassen.\u201c<\/p>\n<p>\u2605\u2605\u2605\u2605\u2605<\/p>\n<\/div><a href=\"https:\/\/treeclix.com\/nl\/reviews-ruiters\/\" class=\"elementor-button elementor-slide-button elementor-size-sm\">Weitere Bewertungen anzeigen<\/a><\/div><\/div><\/div><div class=\"elementor-repeater-item-fcc26fc swiper-slide\"><div class=\"swiper-slide-bg\" role=\"img\"><\/div><div class=\"swiper-slide-inner\" ><div class=\"swiper-slide-contents\"><div class=\"elementor-slide-heading\">Shanna Baars<\/div><div class=\"elementor-slide-description\"><p>\u201eUnter anderem dank des Treeclix-Systems und nat\u00fcrlich dem super Service von Jolanda vd Leeden konnte ich ein unglaublich schwieriges Problem mit meiner Stute l\u00f6sen.\u201c<\/p>\n<p>\u2605\u2605\u2605\u2605\u2605<\/p>\n<\/div><a href=\"https:\/\/treeclix.com\/de\/bewertungen-von-sattelspezialisten\/\" class=\"elementor-button elementor-slide-button elementor-size-sm\">Weitere Bewertungen anzeigen<\/a><\/div><\/div><\/div>\t\t\t\t<\/div>\n\t\t\t\t\t\t\t\t\t\t\t\t\t\t\t\t\t\t\t\t<div class=\"elementor-swiper-button elementor-swiper-button-prev\" role=\"button\" tabindex=\"0\">\n\t\t\t\t\t\t\t<i aria-hidden=\"true\" class=\"eicon-chevron-left\"><\/i>\t\t\t\t\t\t\t<span class=\"elementor-screen-only\">Vorheriger Slide<\/span>\n\t\t\t\t\t\t<\/div>\n\t\t\t\t\t\t<div class=\"elementor-swiper-button elementor-swiper-button-next\" role=\"button\" tabindex=\"0\">\n\t\t\t\t\t\t\t<i aria-hidden=\"true\" class=\"eicon-chevron-right\"><\/i>\t\t\t\t\t\t\t<span class=\"elementor-screen-only\">N\u00e4chster Slide<\/span>\n\t\t\t\t\t\t<\/div>\n\t\t\t\t\t\t\t\t\t\t\t\t<\/div>\n\t\t<\/div>\n\t\t\t\t\t\t<\/div>\n\t\t\t\t<\/div>\n\t\t\t\t\t<\/div>\n\t\t<\/div>\n\t\t\t\t\t<\/div>\n\t\t<\/section>\n\t\t\t\t<section class=\"elementor-section elementor-top-section elementor-element elementor-element-9a4b669 elementor-section-boxed elementor-section-height-default elementor-section-height-default\" data-id=\"9a4b669\" data-element_type=\"section\" data-settings=\"{&quot;background_background&quot;:&quot;classic&quot;}\">\n\t\t\t\t\t\t<div class=\"elementor-container elementor-column-gap-default\">\n\t\t\t\t\t<div class=\"elementor-column elementor-col-50 elementor-top-column elementor-element elementor-element-df377f2\" data-id=\"df377f2\" data-element_type=\"column\" data-settings=\"{&quot;background_background&quot;:&quot;classic&quot;}\">\n\t\t\t<div class=\"elementor-widget-wrap elementor-element-populated\">\n\t\t\t\t\t\t<div class=\"elementor-element elementor-element-747a1e3 elementor-widget elementor-widget-spacer\" data-id=\"747a1e3\" data-element_type=\"widget\" data-widget_type=\"spacer.default\">\n\t\t\t\t<div class=\"elementor-widget-container\">\n\t\t\t\t\t\t\t<div class=\"elementor-spacer\">\n\t\t\t<div class=\"elementor-spacer-inner\"><\/div>\n\t\t<\/div>\n\t\t\t\t\t\t<\/div>\n\t\t\t\t<\/div>\n\t\t\t\t\t<\/div>\n\t\t<\/div>\n\t\t\t\t<div class=\"elementor-column elementor-col-50 elementor-top-column elementor-element elementor-element-ebcc5f6\" data-id=\"ebcc5f6\" data-element_type=\"column\">\n\t\t\t<div class=\"elementor-widget-wrap elementor-element-populated\">\n\t\t\t\t\t\t<div class=\"elementor-element elementor-element-8d3ff18 elementor-widget elementor-widget-heading\" data-id=\"8d3ff18\" data-element_type=\"widget\" data-widget_type=\"heading.default\">\n\t\t\t\t<div class=\"elementor-widget-container\">\n\t\t\t\t\t<h3 class=\"elementor-heading-title elementor-size-default\">Die Verwendung von Sattelunterlagen<\/h3>\t\t\t\t<\/div>\n\t\t\t\t<\/div>\n\t\t\t\t<div class=\"elementor-element elementor-element-8f7c51b elementor-widget elementor-widget-text-editor\" data-id=\"8f7c51b\" data-element_type=\"widget\" data-widget_type=\"text-editor.default\">\n\t\t\t\t<div class=\"elementor-widget-container\">\n\t\t\t\t\t\t\t\t\t<p><span style=\"font-size: 18px; color: var( --e-global-color-ac21d48 ); font-family: var( --e-global-typography-text-font-family ), Sans-serif; font-weight: var( --e-global-typography-text-font-weight );\">Die (vor\u00fcbergehende) Verwendung einer Sattelunterlage kann dem Pferd in manchen F\u00e4llen helfen, ist allerdings auch mit Nachteilen verbunden. Sattelunterlagen ersetzen keinen korrekt angepassten Sattelbaum und verengen den Kissenkanal zudem deutlich. Eine Sattelunterlage sollte daher unbedingt nur kurzzeitig verwendet werden und ist auf keinen Fall eine Dauerl\u00f6sung. <\/span><\/p>\n<p><span style=\"font-size: 18px; color: var( --e-global-color-ac21d48 ); font-family: var( --e-global-typography-text-font-family ), Sans-serif; font-weight: var( --e-global-typography-text-font-weight );\">Ein weiterer Nachteil der Sattelunterlage ist, dass der Reiter weiter entfernt vom Pferd sitzt. Dadurch wird die Stabilit\u00e4t und der Kontakt zwischen Reiter und Pferd nachteilig beeinflusst.<\/span><\/p>\n\t\t\t\t\t\t\t\t<\/div>\n\t\t\t\t<\/div>\n\t\t\t\t<div class=\"elementor-element elementor-element-57a48ef elementor-widget elementor-widget-heading\" data-id=\"57a48ef\" data-element_type=\"widget\" data-widget_type=\"heading.default\">\n\t\t\t\t<div class=\"elementor-widget-container\">\n\t\t\t\t\t<h3 class=\"elementor-heading-title elementor-size-default\">Passender Sattel mit TreeClix<\/h3>\t\t\t\t<\/div>\n\t\t\t\t<\/div>\n\t\t\t\t<div class=\"elementor-element elementor-element-84d3b9f elementor-widget elementor-widget-text-editor\" data-id=\"84d3b9f\" data-element_type=\"widget\" data-widget_type=\"text-editor.default\">\n\t\t\t\t<div class=\"elementor-widget-container\">\n\t\t\t\t\t\t\t\t\t<p><span style=\"font-size: 18px; color: var( --e-global-color-ac21d48 ); font-family: var( --e-global-typography-text-font-family ), Sans-serif; font-weight: var( --e-global-typography-text-font-weight );\">TreeClix erm\u00f6glicht Ihren Sattler, die Sattelanpassung f\u00fcr Sie und Ihre Pferd weiter zu verbessern- f\u00fcr das richtige Gleichgewicht, eine korrekte Passform und optimalem Kontakt zu Ihrem Pferd.<\/span><br><\/p>\n<p>Da Pferde sich aufgrund verschiedener Faktoren h\u00e4ufig und schnell muskul\u00e4r ver\u00e4ndern k\u00f6nnen, ist es ratsam, Ihren Sattel mindestens zweimal im Jahr \u00fcberpr\u00fcfen und anpassen zu lassen.<\/p>\t\t\t\t\t\t\t\t<\/div>\n\t\t\t\t<\/div>\n\t\t\t\t<div class=\"elementor-element elementor-element-5bc7e29 elementor-align-left elementor-widget elementor-widget-button\" data-id=\"5bc7e29\" data-element_type=\"widget\" data-widget_type=\"button.default\">\n\t\t\t\t<div class=\"elementor-widget-container\">\n\t\t\t\t\t\t\t\t\t<div class=\"elementor-button-wrapper\">\n\t\t\t\t\t<a class=\"elementor-button elementor-button-link elementor-size-sm\" href=\"https:\/\/treeclix.com\/de\/treeclix-fur-ihren-sattel\/\">\n\t\t\t\t\t\t<span class=\"elementor-button-content-wrapper\">\n\t\t\t\t\t\t<span class=\"elementor-button-icon\">\n\t\t\t\t<i aria-hidden=\"true\" class=\"fas fa-long-arrow-alt-right\"><\/i>\t\t\t<\/span>\n\t\t\t\t\t\t\t\t\t<span class=\"elementor-button-text\">TreeClix f\u00fcr Ihren Sattel<\/span>\n\t\t\t\t\t<\/span>\n\t\t\t\t\t<\/a>\n\t\t\t\t<\/div>\n\t\t\t\t\t\t\t\t<\/div>\n\t\t\t\t<\/div>\n\t\t\t\t\t<\/div>\n\t\t<\/div>\n\t\t\t\t\t<\/div>\n\t\t<\/section>\n\t\t\t\t<section class=\"elementor-section elementor-top-section elementor-element elementor-element-b9c3505 elementor-section-boxed elementor-section-height-default elementor-section-height-default\" data-id=\"b9c3505\" data-element_type=\"section\">\n\t\t\t\t\t\t<div class=\"elementor-container elementor-column-gap-default\">\n\t\t\t\t\t<div class=\"elementor-column elementor-col-100 elementor-top-column elementor-element elementor-element-ce4e946\" data-id=\"ce4e946\" data-element_type=\"column\">\n\t\t\t<div class=\"elementor-widget-wrap elementor-element-populated\">\n\t\t\t\t\t\t<div class=\"elementor-element elementor-element-d54c9f1 elementor-widget elementor-widget-heading\" data-id=\"d54c9f1\" data-element_type=\"widget\" data-widget_type=\"heading.default\">\n\t\t\t\t<div class=\"elementor-widget-container\">\n\t\t\t\t\t<h3 class=\"elementor-heading-title elementor-size-default\">Neuigkeiten<\/h3>\t\t\t\t<\/div>\n\t\t\t\t<\/div>\n\t\t\t\t\t<\/div>\n\t\t<\/div>\n\t\t\t\t\t<\/div>\n\t\t<\/section>\n\t\t\t\t<\/div>\n\t\t","protected":false},"excerpt":{"rendered":"<p>Was ist TreeClix? Die Bedeutung der richtigen Kammerweite Vermeiden Sie Unbehagen, Schmerzen, Lahmheiten und unerw\u00fcnschtes Verhalten&#8230; durch einen unpassenden Sattel. TreeClix erm\u00f6glicht die Anpassung der Kammerweite mit nur einem Klick [&hellip;]<\/p>\n","protected":false},"author":1,"featured_media":0,"parent":0,"menu_order":0,"comment_status":"closed","ping_status":"closed","template":"elementor_header_footer","meta":{"footnotes":""},"class_list":["post-2489","page","type-page","status-publish","hentry"],"yoast_head":"<!-- This site is optimized with the Yoast SEO plugin v25.3 - https:\/\/yoast.com\/wordpress\/plugins\/seo\/ -->\n<title>Was ist TreeClix? - TreeClix<\/title>\n<meta name=\"robots\" content=\"index, follow, max-snippet:-1, max-image-preview:large, max-video-preview:-1\" \/>\n<link rel=\"canonical\" href=\"https:\/\/treeclix.com\/what-is-treeclix\/\" \/>\n<meta property=\"og:locale\" content=\"de_DE\" \/>\n<meta property=\"og:type\" content=\"article\" \/>\n<meta property=\"og:title\" content=\"Was ist TreeClix? - TreeClix\" \/>\n<meta property=\"og:description\" content=\"Was ist TreeClix? Die Bedeutung der richtigen Kammerweite Vermeiden Sie Unbehagen, Schmerzen, Lahmheiten und unerw\u00fcnschtes Verhalten&#8230; durch einen unpassenden Sattel. TreeClix erm\u00f6glicht die Anpassung der Kammerweite mit nur einem Klick [&hellip;]\" \/>\n<meta property=\"og:url\" content=\"https:\/\/treeclix.com\/what-is-treeclix\/\" \/>\n<meta property=\"og:site_name\" content=\"TreeClix\" \/>\n<meta property=\"article:publisher\" content=\"https:\/\/www.facebook.com\/profile.php?id=100069728130540\" \/>\n<meta property=\"article:modified_time\" content=\"2024-06-03T08:30:53+00:00\" \/>\n<meta name=\"twitter:card\" content=\"summary_large_image\" \/>\n<meta name=\"twitter:label1\" content=\"Gesch\u00e4tzte Lesezeit\" \/>\n\t<meta name=\"twitter:data1\" content=\"4\u00a0Minuten\" \/>\n<script type=\"application\/ld+json\" class=\"yoast-schema-graph\">{\"@context\":\"https:\/\/schema.org\",\"@graph\":[{\"@type\":\"WebPage\",\"@id\":\"https:\/\/treeclix.com\/what-is-treeclix\/\",\"url\":\"https:\/\/treeclix.com\/what-is-treeclix\/\",\"name\":\"Was ist TreeClix? - TreeClix\",\"isPartOf\":{\"@id\":\"https:\/\/treeclix.com\/#website\"},\"datePublished\":\"2022-10-29T11:42:32+00:00\",\"dateModified\":\"2024-06-03T08:30:53+00:00\",\"breadcrumb\":{\"@id\":\"https:\/\/treeclix.com\/what-is-treeclix\/#breadcrumb\"},\"inLanguage\":\"de\",\"potentialAction\":[{\"@type\":\"ReadAction\",\"target\":[\"https:\/\/treeclix.com\/what-is-treeclix\/\"]}]},{\"@type\":\"BreadcrumbList\",\"@id\":\"https:\/\/treeclix.com\/what-is-treeclix\/#breadcrumb\",\"itemListElement\":[{\"@type\":\"ListItem\",\"position\":1,\"name\":\"TreeClix\",\"item\":\"https:\/\/treeclix.com\/de\/\"},{\"@type\":\"ListItem\",\"position\":2,\"name\":\"Was ist TreeClix?\"}]},{\"@type\":\"WebSite\",\"@id\":\"https:\/\/treeclix.com\/#website\",\"url\":\"https:\/\/treeclix.com\/\",\"name\":\"TreeClix\",\"description\":\"Spot on saddle fitting, every time!\",\"publisher\":{\"@id\":\"https:\/\/treeclix.com\/#organization\"},\"potentialAction\":[{\"@type\":\"SearchAction\",\"target\":{\"@type\":\"EntryPoint\",\"urlTemplate\":\"https:\/\/treeclix.com\/?s={search_term_string}\"},\"query-input\":{\"@type\":\"PropertyValueSpecification\",\"valueRequired\":true,\"valueName\":\"search_term_string\"}}],\"inLanguage\":\"de\"},{\"@type\":\"Organization\",\"@id\":\"https:\/\/treeclix.com\/#organization\",\"name\":\"TreeClix\",\"url\":\"https:\/\/treeclix.com\/\",\"logo\":{\"@type\":\"ImageObject\",\"inLanguage\":\"de\",\"@id\":\"https:\/\/treeclix.com\/#\/schema\/logo\/image\/\",\"url\":\"https:\/\/treeclix.ws04.danego.net\/wp-content\/uploads\/2020\/06\/Logo-TreeClix.png\",\"contentUrl\":\"https:\/\/treeclix.ws04.danego.net\/wp-content\/uploads\/2020\/06\/Logo-TreeClix.png\",\"width\":500,\"height\":200,\"caption\":\"TreeClix\"},\"image\":{\"@id\":\"https:\/\/treeclix.com\/#\/schema\/logo\/image\/\"},\"sameAs\":[\"https:\/\/www.facebook.com\/profile.php?id=100069728130540\"]}]}<\/script>\n<!-- \/ Yoast SEO plugin. -->","yoast_head_json":{"title":"Was ist TreeClix? - TreeClix","robots":{"index":"index","follow":"follow","max-snippet":"max-snippet:-1","max-image-preview":"max-image-preview:large","max-video-preview":"max-video-preview:-1"},"canonical":"https:\/\/treeclix.com\/what-is-treeclix\/","og_locale":"de_DE","og_type":"article","og_title":"Was ist TreeClix? - TreeClix","og_description":"Was ist TreeClix? Die Bedeutung der richtigen Kammerweite Vermeiden Sie Unbehagen, Schmerzen, Lahmheiten und unerw\u00fcnschtes Verhalten&#8230; durch einen unpassenden Sattel. TreeClix erm\u00f6glicht die Anpassung der Kammerweite mit nur einem Klick [&hellip;]","og_url":"https:\/\/treeclix.com\/what-is-treeclix\/","og_site_name":"TreeClix","article_publisher":"https:\/\/www.facebook.com\/profile.php?id=100069728130540","article_modified_time":"2024-06-03T08:30:53+00:00","twitter_card":"summary_large_image","twitter_misc":{"Gesch\u00e4tzte Lesezeit":"4\u00a0Minuten"},"schema":{"@context":"https:\/\/schema.org","@graph":[{"@type":"WebPage","@id":"https:\/\/treeclix.com\/what-is-treeclix\/","url":"https:\/\/treeclix.com\/what-is-treeclix\/","name":"Was ist TreeClix? - TreeClix","isPartOf":{"@id":"https:\/\/treeclix.com\/#website"},"datePublished":"2022-10-29T11:42:32+00:00","dateModified":"2024-06-03T08:30:53+00:00","breadcrumb":{"@id":"https:\/\/treeclix.com\/what-is-treeclix\/#breadcrumb"},"inLanguage":"de","potentialAction":[{"@type":"ReadAction","target":["https:\/\/treeclix.com\/what-is-treeclix\/"]}]},{"@type":"BreadcrumbList","@id":"https:\/\/treeclix.com\/what-is-treeclix\/#breadcrumb","itemListElement":[{"@type":"ListItem","position":1,"name":"TreeClix","item":"https:\/\/treeclix.com\/de\/"},{"@type":"ListItem","position":2,"name":"Was ist TreeClix?"}]},{"@type":"WebSite","@id":"https:\/\/treeclix.com\/#website","url":"https:\/\/treeclix.com\/","name":"TreeClix","description":"Spot on saddle fitting, every time!","publisher":{"@id":"https:\/\/treeclix.com\/#organization"},"potentialAction":[{"@type":"SearchAction","target":{"@type":"EntryPoint","urlTemplate":"https:\/\/treeclix.com\/?s={search_term_string}"},"query-input":{"@type":"PropertyValueSpecification","valueRequired":true,"valueName":"search_term_string"}}],"inLanguage":"de"},{"@type":"Organization","@id":"https:\/\/treeclix.com\/#organization","name":"TreeClix","url":"https:\/\/treeclix.com\/","logo":{"@type":"ImageObject","inLanguage":"de","@id":"https:\/\/treeclix.com\/#\/schema\/logo\/image\/","url":"https:\/\/treeclix.ws04.danego.net\/wp-content\/uploads\/2020\/06\/Logo-TreeClix.png","contentUrl":"https:\/\/treeclix.ws04.danego.net\/wp-content\/uploads\/2020\/06\/Logo-TreeClix.png","width":500,"height":200,"caption":"TreeClix"},"image":{"@id":"https:\/\/treeclix.com\/#\/schema\/logo\/image\/"},"sameAs":["https:\/\/www.facebook.com\/profile.php?id=100069728130540"]}]}},"_links":{"self":[{"href":"https:\/\/treeclix.com\/de\/wp-json\/wp\/v2\/pages\/2489","targetHints":{"allow":["GET"]}}],"collection":[{"href":"https:\/\/treeclix.com\/de\/wp-json\/wp\/v2\/pages"}],"about":[{"href":"https:\/\/treeclix.com\/de\/wp-json\/wp\/v2\/types\/page"}],"author":[{"embeddable":true,"href":"https:\/\/treeclix.com\/de\/wp-json\/wp\/v2\/users\/1"}],"replies":[{"embeddable":true,"href":"https:\/\/treeclix.com\/de\/wp-json\/wp\/v2\/comments?post=2489"}],"version-history":[{"count":8,"href":"https:\/\/treeclix.com\/de\/wp-json\/wp\/v2\/pages\/2489\/revisions"}],"predecessor-version":[{"id":4817,"href":"https:\/\/treeclix.com\/de\/wp-json\/wp\/v2\/pages\/2489\/revisions\/4817"}],"wp:attachment":[{"href":"https:\/\/treeclix.com\/de\/wp-json\/wp\/v2\/media?parent=2489"}],"curies":[{"name":"wp","href":"https:\/\/api.w.org\/{rel}","templated":true}]}}